{"id":47205,"date":"2023-11-29T12:51:55","date_gmt":"2023-11-29T11:51:55","guid":{"rendered":"https:\/\/lda-audiotech.com\/?page_id=47205"},"modified":"2024-05-09T12:05:47","modified_gmt":"2024-05-09T10:05:47","slug":"canale-denuncia","status":"publish","type":"page","link":"https:\/\/lda-audiotech.com\/it\/canale-denuncia\/","title":{"rendered":"Canale di denuncia di LDA Audio Tech"},"content":{"rendered":"<div class=\"wpb-content-wrapper\"><p>[vc_row css_animation=&#8221;&#8221; row_type=&#8221;row&#8221; use_row_as_full_screen_section=&#8221;no&#8221; type=&#8221;full_width&#8221; angled_section=&#8221;no&#8221; text_align=&#8221;left&#8221; background_image_as_pattern=&#8221;without_pattern&#8221;][vc_column][vc_column_text]<\/p>\n<h3>Informateci in modo sicuro, riservato e confidenziale<\/h3>\n<p style=\"margin-top: 1em;\">Il canale di whistleblowing di LDA Audio Tech \u00e8 un meccanismo che consente a tutti i membri della nostra organizzazione e alle persone che si relazionano con essa (fornitori e collaboratori) di <strong>segnalare qualsiasi irregolarit\u00e0<\/strong> o azione contraria alla legge o alle regole del <a href=\"https:\/\/lda-audiotech.com\/docs\/brand\/LDA-code-conduct-EN-R0.pdf\" target=\"_blank\" rel=\"noopener\">nostro codice etico<\/a>.<\/p>\n<p style=\"margin-top: 1em;\">Questo canale \u00e8 un <strong>mezzo di comunicazione riservato e trasparente<\/strong> che consente di gestire tempestivamente qualsiasi questione relativa alla portata, al rispetto o all&#8217;interpretazione delle norme applicabili alla nostra organizzazione, nonch\u00e9, soprattutto, a quei comportamenti che potrebbero sfociare in un reato che potrebbe comportare una responsabilit\u00e0 penale per l&#8217;entit\u00e0 legale.<\/p>\n<p style=\"margin-top: 1em;\">Per saperne di pi\u00f9, <a href=\"https:\/\/lda-audiotech.com\/wp-content\/uploads\/2023\/11\/procedura-canale-denuncia-LDA-Audio-Tech.pdf\" target=\"_blank\" rel=\"noopener\">potete consultare qui la procedura completa per la gestione di questo canale<\/a>.<\/p>\n<p>[\/vc_column_text][vc_row_inner row_type=&#8221;row&#8221; type=&#8221;full_width&#8221; text_align=&#8221;left&#8221; css_animation=&#8221;&#8221; css=&#8221;.vc_custom_1701256285587{margin-top: 40px !important;margin-bottom: 40px !important;}&#8221;][vc_column_inner width=&#8221;1\/3&#8243;]<div class='q_icon_with_title large normal_icon center '><div class=\"icon_holder \" style=\" \"><span data-icon-type=\"normal\" class=\"qode_iwt_icon_holder q_font_awsome_icon fa-4x  \"><i class=\"qode_icon_font_awesome fa fa-clock-o qode_iwt_icon_element\"><\/i><\/span><\/div><div class=\"icon_text_holder\" style=\"\"><div class=\"icon_text_inner\" style=\"\"><h5 class=\"icon_title\" style=\"\">Disponibile 24\/7<\/h5><p style=''><\/p><\/div><\/div><\/div>[\/vc_column_inner][vc_column_inner width=&#8221;1\/3&#8243;]<div class='q_icon_with_title large normal_icon center '><div class=\"icon_holder \" style=\" \"><span data-icon-type=\"normal\" class=\"qode_iwt_icon_holder q_font_awsome_icon fa-4x  \"><i class=\"qode_icon_font_awesome fa fa-shield qode_iwt_icon_element\"><\/i><\/span><\/div><div class=\"icon_text_holder\" style=\"\"><div class=\"icon_text_inner\" style=\"\"><h5 class=\"icon_title\" style=\"\">Sicuro<\/h5><p style=''><\/p><\/div><\/div><\/div>[\/vc_column_inner][vc_column_inner width=&#8221;1\/3&#8243;]<div class='q_icon_with_title large normal_icon center '><div class=\"icon_holder \" style=\" \"><span data-icon-type=\"normal\" class=\"qode_iwt_icon_holder q_font_awsome_icon fa-4x  \"><i class=\"qode_icon_font_awesome fa fa-lock qode_iwt_icon_element\"><\/i><\/span><\/div><div class=\"icon_text_holder\" style=\"\"><div class=\"icon_text_inner\" style=\"\"><h5 class=\"icon_title\" style=\"\">Riservato<\/h5><p style=''><\/p><\/div><\/div><\/div>[\/vc_column_inner][\/vc_row_inner][\/vc_column][\/vc_row][vc_row css_animation=&#8221;&#8221; row_type=&#8221;row&#8221; use_row_as_full_screen_section=&#8221;no&#8221; type=&#8221;grid&#8221; angled_section=&#8221;no&#8221; text_align=&#8221;center&#8221; background_image_as_pattern=&#8221;without_pattern&#8221; z_index=&#8221;&#8221; css=&#8221;.vc_custom_1701261752912{margin-bottom: 60px !important;}&#8221;][vc_column]<a  itemprop=\"url\" href=\"https:\/\/www.dabocanaldenuncia.com\/ldaaudiotech\" target=\"_blank\"  class=\"qbutton  large center default\" style=\"\">Accesso al nostro canale di whistleblowing<\/a>[\/vc_column][\/vc_row]<\/p>\n<\/div>","protected":false},"excerpt":{"rendered":"<p>Informateci in modo riservato di eventuali irregolarit\u00e0 o azioni contrarie alla legge o alle regole del codice etico di LDA Audio Tech<\/p>\n","protected":false},"author":46,"featured_media":0,"parent":0,"menu_order":0,"comment_status":"closed","ping_status":"closed","template":"","meta":{"_acf_changed":false,"footnotes":""},"class_list":["post-47205","page","type-page","status-publish","hentry"],"acf":[],"yoast_head":"<!-- This site is optimized with the Yoast SEO plugin v27.3 - https:\/\/yoast.com\/product\/yoast-seo-wordpress\/ -->\n<title>Canale di denuncia di LDA Audio Tech - LDA Audio Tech<\/title>\n<meta name=\"description\" content=\"Informateci in modo riservato di eventuali irregolarit\u00e0 o azioni contrarie alla legge o alle regole del codice etico di LDA Audio Tech\" \/>\n<meta name=\"robots\" content=\"index, follow, max-snippet:-1, max-image-preview:large, max-video-preview:-1\" \/>\n<link rel=\"canonical\" href=\"https:\/\/lda-audiotech.com\/it\/canale-denuncia\/\" \/>\n<meta property=\"og:locale\" content=\"it_IT\" \/>\n<meta property=\"og:type\" content=\"article\" \/>\n<meta property=\"og:title\" content=\"Canale di denuncia di LDA Audio Tech - LDA Audio Tech\" \/>\n<meta property=\"og:description\" content=\"Informateci in modo riservato di eventuali irregolarit\u00e0 o azioni contrarie alla legge o alle regole del codice etico di LDA Audio Tech\" \/>\n<meta property=\"og:url\" content=\"https:\/\/lda-audiotech.com\/it\/canale-denuncia\/\" \/>\n<meta property=\"og:site_name\" content=\"LDA Audio Tech\" \/>\n<meta property=\"article:publisher\" content=\"https:\/\/www.facebook.com\/LDAaudiotech\/\" \/>\n<meta property=\"article:modified_time\" content=\"2024-05-09T10:05:47+00:00\" \/>\n<meta name=\"twitter:card\" content=\"summary_large_image\" \/>\n<meta name=\"twitter:site\" content=\"@LDAAudioTech\" \/>\n<meta name=\"twitter:label1\" content=\"Tempo di lettura stimato\" \/>\n\t<meta name=\"twitter:data1\" content=\"1 minuto\" \/>\n<script type=\"application\/ld+json\" class=\"yoast-schema-graph\">{\"@context\":\"https:\\\/\\\/schema.org\",\"@graph\":[{\"@type\":\"WebPage\",\"@id\":\"https:\\\/\\\/lda-audiotech.com\\\/it\\\/canale-denuncia\\\/\",\"url\":\"https:\\\/\\\/lda-audiotech.com\\\/it\\\/canale-denuncia\\\/\",\"name\":\"Canale di denuncia di LDA Audio Tech - LDA Audio Tech\",\"isPartOf\":{\"@id\":\"https:\\\/\\\/lda-audiotech.com\\\/it\\\/#website\"},\"datePublished\":\"2023-11-29T11:51:55+00:00\",\"dateModified\":\"2024-05-09T10:05:47+00:00\",\"description\":\"Informateci in modo riservato di eventuali irregolarit\u00e0 o azioni contrarie alla legge o alle regole del codice etico di LDA Audio Tech\",\"breadcrumb\":{\"@id\":\"https:\\\/\\\/lda-audiotech.com\\\/it\\\/canale-denuncia\\\/#breadcrumb\"},\"inLanguage\":\"it-IT\",\"potentialAction\":[{\"@type\":\"ReadAction\",\"target\":[\"https:\\\/\\\/lda-audiotech.com\\\/it\\\/canale-denuncia\\\/\"]}]},{\"@type\":\"BreadcrumbList\",\"@id\":\"https:\\\/\\\/lda-audiotech.com\\\/it\\\/canale-denuncia\\\/#breadcrumb\",\"itemListElement\":[{\"@type\":\"ListItem\",\"position\":1,\"name\":\"Portada\",\"item\":\"https:\\\/\\\/lda-audiotech.com\\\/it\\\/\"},{\"@type\":\"ListItem\",\"position\":2,\"name\":\"Canale di denuncia di LDA Audio Tech\"}]},{\"@type\":\"WebSite\",\"@id\":\"https:\\\/\\\/lda-audiotech.com\\\/it\\\/#website\",\"url\":\"https:\\\/\\\/lda-audiotech.com\\\/it\\\/\",\"name\":\"LDA Audio Tech\",\"description\":\"Integrated Audio Solutions\",\"publisher\":{\"@id\":\"https:\\\/\\\/lda-audiotech.com\\\/it\\\/#organization\"},\"alternateName\":\"LDA\",\"potentialAction\":[{\"@type\":\"SearchAction\",\"target\":{\"@type\":\"EntryPoint\",\"urlTemplate\":\"https:\\\/\\\/lda-audiotech.com\\\/it\\\/?s={search_term_string}\"},\"query-input\":{\"@type\":\"PropertyValueSpecification\",\"valueRequired\":true,\"valueName\":\"search_term_string\"}}],\"inLanguage\":\"it-IT\"},{\"@type\":\"Organization\",\"@id\":\"https:\\\/\\\/lda-audiotech.com\\\/it\\\/#organization\",\"name\":\"LDA Audio Tech\",\"alternateName\":\"LDA\",\"url\":\"https:\\\/\\\/lda-audiotech.com\\\/it\\\/\",\"logo\":{\"@type\":\"ImageObject\",\"inLanguage\":\"it-IT\",\"@id\":\"https:\\\/\\\/lda-audiotech.com\\\/it\\\/#\\\/schema\\\/logo\\\/image\\\/\",\"url\":\"https:\\\/\\\/lda-audiotech.com\\\/wp-content\\\/uploads\\\/2017\\\/05\\\/logo-lda-color.png\",\"contentUrl\":\"https:\\\/\\\/lda-audiotech.com\\\/wp-content\\\/uploads\\\/2017\\\/05\\\/logo-lda-color.png\",\"width\":169,\"height\":90,\"caption\":\"LDA Audio Tech\"},\"image\":{\"@id\":\"https:\\\/\\\/lda-audiotech.com\\\/it\\\/#\\\/schema\\\/logo\\\/image\\\/\"},\"sameAs\":[\"https:\\\/\\\/www.facebook.com\\\/LDAaudiotech\\\/\",\"https:\\\/\\\/x.com\\\/LDAAudioTech\",\"https:\\\/\\\/www.linkedin.com\\\/company\\\/lda-audio-tech\",\"https:\\\/\\\/www.youtube.com\\\/user\\\/LDAaudiotech\"]}]}<\/script>\n<!-- \/ Yoast SEO plugin. -->","yoast_head_json":{"title":"Canale di denuncia di LDA Audio Tech - LDA Audio Tech","description":"Informateci in modo riservato di eventuali irregolarit\u00e0 o azioni contrarie alla legge o alle regole del codice etico di LDA Audio Tech","robots":{"index":"index","follow":"follow","max-snippet":"max-snippet:-1","max-image-preview":"max-image-preview:large","max-video-preview":"max-video-preview:-1"},"canonical":"https:\/\/lda-audiotech.com\/it\/canale-denuncia\/","og_locale":"it_IT","og_type":"article","og_title":"Canale di denuncia di LDA Audio Tech - LDA Audio Tech","og_description":"Informateci in modo riservato di eventuali irregolarit\u00e0 o azioni contrarie alla legge o alle regole del codice etico di LDA Audio Tech","og_url":"https:\/\/lda-audiotech.com\/it\/canale-denuncia\/","og_site_name":"LDA Audio Tech","article_publisher":"https:\/\/www.facebook.com\/LDAaudiotech\/","article_modified_time":"2024-05-09T10:05:47+00:00","twitter_card":"summary_large_image","twitter_site":"@LDAAudioTech","twitter_misc":{"Tempo di lettura stimato":"1 minuto"},"schema":{"@context":"https:\/\/schema.org","@graph":[{"@type":"WebPage","@id":"https:\/\/lda-audiotech.com\/it\/canale-denuncia\/","url":"https:\/\/lda-audiotech.com\/it\/canale-denuncia\/","name":"Canale di denuncia di LDA Audio Tech - LDA Audio Tech","isPartOf":{"@id":"https:\/\/lda-audiotech.com\/it\/#website"},"datePublished":"2023-11-29T11:51:55+00:00","dateModified":"2024-05-09T10:05:47+00:00","description":"Informateci in modo riservato di eventuali irregolarit\u00e0 o azioni contrarie alla legge o alle regole del codice etico di LDA Audio Tech","breadcrumb":{"@id":"https:\/\/lda-audiotech.com\/it\/canale-denuncia\/#breadcrumb"},"inLanguage":"it-IT","potentialAction":[{"@type":"ReadAction","target":["https:\/\/lda-audiotech.com\/it\/canale-denuncia\/"]}]},{"@type":"BreadcrumbList","@id":"https:\/\/lda-audiotech.com\/it\/canale-denuncia\/#breadcrumb","itemListElement":[{"@type":"ListItem","position":1,"name":"Portada","item":"https:\/\/lda-audiotech.com\/it\/"},{"@type":"ListItem","position":2,"name":"Canale di denuncia di LDA Audio Tech"}]},{"@type":"WebSite","@id":"https:\/\/lda-audiotech.com\/it\/#website","url":"https:\/\/lda-audiotech.com\/it\/","name":"LDA Audio Tech","description":"Integrated Audio Solutions","publisher":{"@id":"https:\/\/lda-audiotech.com\/it\/#organization"},"alternateName":"LDA","potentialAction":[{"@type":"SearchAction","target":{"@type":"EntryPoint","urlTemplate":"https:\/\/lda-audiotech.com\/it\/?s={search_term_string}"},"query-input":{"@type":"PropertyValueSpecification","valueRequired":true,"valueName":"search_term_string"}}],"inLanguage":"it-IT"},{"@type":"Organization","@id":"https:\/\/lda-audiotech.com\/it\/#organization","name":"LDA Audio Tech","alternateName":"LDA","url":"https:\/\/lda-audiotech.com\/it\/","logo":{"@type":"ImageObject","inLanguage":"it-IT","@id":"https:\/\/lda-audiotech.com\/it\/#\/schema\/logo\/image\/","url":"https:\/\/lda-audiotech.com\/wp-content\/uploads\/2017\/05\/logo-lda-color.png","contentUrl":"https:\/\/lda-audiotech.com\/wp-content\/uploads\/2017\/05\/logo-lda-color.png","width":169,"height":90,"caption":"LDA Audio Tech"},"image":{"@id":"https:\/\/lda-audiotech.com\/it\/#\/schema\/logo\/image\/"},"sameAs":["https:\/\/www.facebook.com\/LDAaudiotech\/","https:\/\/x.com\/LDAAudioTech","https:\/\/www.linkedin.com\/company\/lda-audio-tech","https:\/\/www.youtube.com\/user\/LDAaudiotech"]}]}},"_links":{"self":[{"href":"https:\/\/lda-audiotech.com\/it\/wp-json\/wp\/v2\/pages\/47205","targetHints":{"allow":["GET"]}}],"collection":[{"href":"https:\/\/lda-audiotech.com\/it\/wp-json\/wp\/v2\/pages"}],"about":[{"href":"https:\/\/lda-audiotech.com\/it\/wp-json\/wp\/v2\/types\/page"}],"author":[{"embeddable":true,"href":"https:\/\/lda-audiotech.com\/it\/wp-json\/wp\/v2\/users\/46"}],"replies":[{"embeddable":true,"href":"https:\/\/lda-audiotech.com\/it\/wp-json\/wp\/v2\/comments?post=47205"}],"version-history":[{"count":0,"href":"https:\/\/lda-audiotech.com\/it\/wp-json\/wp\/v2\/pages\/47205\/revisions"}],"wp:attachment":[{"href":"https:\/\/lda-audiotech.com\/it\/wp-json\/wp\/v2\/media?parent=47205"}],"curies":[{"name":"wp","href":"https:\/\/api.w.org\/{rel}","templated":true}]}}