{"id":30363,"date":"2020-03-09T12:12:29","date_gmt":"2020-03-09T11:12:29","guid":{"rendered":"https:\/\/lda-audiotech.com\/?page_id=30363"},"modified":"2025-05-02T13:47:34","modified_gmt":"2025-05-02T11:47:34","slug":"avviso-legale-politica-sulla-privacy","status":"publish","type":"page","link":"https:\/\/lda-audiotech.com\/it\/avviso-legale-politica-sulla-privacy\/","title":{"rendered":"Avviso legale e politica sulla privacy"},"content":{"rendered":"<div class=\"wpb-content-wrapper\"><p>[vc_row css_animation=&#8221;&#8221; row_type=&#8221;row&#8221; use_row_as_full_screen_section=&#8221;no&#8221; type=&#8221;full_width&#8221; angled_section=&#8221;no&#8221; text_align=&#8221;left&#8221; background_image_as_pattern=&#8221;without_pattern&#8221; padding_top=&#8221;50&#8243; padding_bottom=&#8221;50&#8243;][vc_column][vc_column_text css=&#8221;&#8221;]<\/p>\n<h3>1. Responsabile del trattamento<\/h3>\n<p>&nbsp;<\/p>\n<p>Attraverso questa nota legale e politica sulla privacy, LDA Audiotech S.L. ha la responsabilit\u00e0 di formulare la strategia e di approvare le politiche aziendali dell&#8217;azienda, nonch\u00e9 di organizzare i sistemi di controllo interno. Nell&#8217;esercizio di tali responsabilit\u00e0 e al fine di stabilire i principi generali che dovrebbero disciplinare il trattamento dei dati personali in LDA, si determina,<\/p>\n<p><strong>Responsabile del trattamento<\/strong>: LDA Audiotech S.L.<\/p>\n<p><strong>Indirizzo:<\/strong> C \/ Severo Ochoa 31, 29593 M\u00e1laga<\/p>\n<p><strong>Telefono:<\/strong> +34 952028805<\/p>\n<p><strong>E-mail: <\/strong><a href=\"mailto:lda-audiotech@lda-audiotech.com\">lda-audiotech@lda-audiotech.com<\/a><\/p>\n<p>&nbsp;<\/p>\n<h3>2. Trattamenti<\/h3>\n<p>&nbsp;<\/p>\n<p>LDA Audiotech tratta solo dei dati personali indicati di seguito:<\/p>\n<p>&nbsp;<\/p>\n<p><strong> A. Dati raccolti tramite i nostri siti web<\/strong><\/p>\n<p><strong>Scopo:<\/strong> per rispondere alle richieste di informazioni e contatti inviati tramite e-mail e moduli di contatto sulle nostre pagine web. Se acconsentite a ci\u00f2 accettando la presente informativa sulla privacy in un modulo, tratteremo i vostri dati allo scopo di inviarvi informazioni sulle nostre novit\u00e0.<\/p>\n<p><strong>Conservazione:<\/strong> i dati personali dell&#8217;interessato saranno conservati fino alla sua cancellazione da parte dell&#8217;interessato.<\/p>\n<p><strong>Legittimazione:<\/strong> consenso dell&#8217;interessato.<\/p>\n<p><strong>Destinatari:<\/strong> la comunicazione di dati personali non \u00e8 prevista se non nei casi stabiliti da un obbligo legale.<\/p>\n<p><strong>Modalit\u00e0 di ottenimento:<\/strong> I dati personali che trattiamo sono stati forniti dall&#8217;interessato.<\/p>\n<p>Le categorie di dati trattati sono le seguenti:<\/p>\n<ul>\n<li>Identificazione dei dati<\/li>\n<li>Informazioni sui contatti<\/li>\n<\/ul>\n<p>I dati appositamente protetti non vengono elaborati.<\/p>\n<p>&nbsp;<\/p>\n<p><strong>B. Selezione del personale<\/strong><\/p>\n<p><strong>Scopo:<\/strong> partecipare ai processi di selezione del personale della nostra azienda.<\/p>\n<p><strong>Conservazione:<\/strong> i dati personali del candidato saranno conservati fino a quando l&#8217;interessato non sar\u00e0 richiesto dall&#8217;interessato e comunque per un periodo massimo di due anni.<\/p>\n<p><strong>Legittimazione:<\/strong> consenso dell&#8217;interessato.<\/p>\n<p><strong>Destinatari:<\/strong> i vostri dati non saranno trasferiti.<\/p>\n<p><strong>Forme di ottenimento:<\/strong> I dati personali di cui ci stiamo occupando sono forniti dalla parte interessata attraverso i curricula, i moduli o le interviste inviate o rese dalla parte interessata.<\/p>\n<p>Le categorie di dati trattati sono le seguenti:<\/p>\n<ul>\n<li>Identificazione dei dati<\/li>\n<li>Caratteristiche personali<\/li>\n<li>Dati accademici<\/li>\n<li>Dati relativi alla storia del lavoro<\/li>\n<\/ul>\n<p>I dati appositamente protetti non sono elaborati.<\/p>\n<p>&nbsp;<\/p>\n<p><strong>C. Fornitori<\/strong><\/p>\n<p><strong>Scopo:<\/strong> gestione dei fornitori.<\/p>\n<p><strong>Conservazione:<\/strong> i dati saranno conservati per 5 anni (articolo 1964 del codice civile spagnolo).<\/p>\n<p><strong>Legittimazione:<\/strong> esecuzione del contratto firmato con il fornitore<\/p>\n<p><strong>Destinatari:<\/strong> la comunicazione di dati personali non \u00e8 prevista se non nei casi stabiliti da un obbligo legale.<\/p>\n<p><strong>Modalit\u00e0 di ottenimento:<\/strong> I dati personali che trattiamo sono stati forniti dall&#8217;interessato.<\/p>\n<p>Le categorie di dati trattati sono le seguenti:<\/p>\n<ul>\n<li>Identificazione dei dati<\/li>\n<li>Informazioni sui contatti<\/li>\n<li>Beni e servizi forniti dal fornitore<\/li>\n<\/ul>\n<p>I dati appositamente protetti non sono elaborati.<\/p>\n<p>&nbsp;<\/p>\n<p><strong>\u200b<\/strong><\/p>\n<h3>3. Diritti delle parti interessate<\/h3>\n<p>&nbsp;<\/p>\n<ul>\n<li>Avete il diritto di ottenere conferma del modo in cui trattiamo i dati personali che vi riguardano.<\/li>\n<li>Le persone interessate hanno il diritto di accedere ai propri dati personali, nonch\u00e9 di richiedere la rettifica dei dati inesatti o, se applicabile, di richiederne la cancellazione quando, tra le altre ragioni, i dati non sono pi\u00f9 necessari per gli scopi che sono stati raccolti.<\/li>\n<li>In determinate circostanze, le parti interessate possono richiedere la limitazione del trattamento dei loro dati, nel qual caso li terremo solo per l&#8217;esercizio o la difesa dei reclami.<\/li>\n<li>In determinate circostanze e per motivi legati alla loro particolare situazione, le parti interessate possono opporsi al trattamento dei loro dati. In questi casi i vostri dati non saranno trattati se non per motivi legittimi o l&#8217;esercizio o la difesa di possibili reclami.<\/li>\n<li>In determinate circostanze, avrete il diritto di ricevere i dati personali che vi riguardano in un formato strutturato di uso comune e lettura meccanica.<\/li>\n<\/ul>\n<p>&nbsp;<\/p>\n<p>Potete esercitare i vostri diritti attraverso i mezzi di contatto indicati in questa politica (indirizzo e-mail o di persona presso le nostre strutture), nonch\u00e9 ottenere maggiori informazioni sui vostri diritti e modelli di accesso per il vostro esercizio al seguente indirizzo web:<\/p>\n<p><a href=\"http:\/\/www.agpd.es\/portalwebAGPD\/CanalDelCiudadano\/derechos\/index-ides-idphp.php\">http:\/\/www.agpd.es\/portalwebAGPD\/CanalDelCiudadano\/derechos\/index-ides-idphp.php<\/a><\/p>\n<p>Allo stesso modo vi informiamo del vostro diritto di presentare un reclamo all&#8217;Agenzia spagnola per la protezione dei dati se la richiesta per l&#8217;esercizio di un diritto non \u00e8 stata soddisfatta correttamente o se per qualsiasi altro motivo ritenete che i vostri dati personali non siano trattati correttamente. Per questo, potete andare al seguente indirizzo web:<\/p>\n<p><a href=\"https:\/\/www.aepd.es\/\" target=\"_blank\" rel=\"noopener\">https:\/\/www.aepd.es\/<\/a><\/p>\n<p>&nbsp;<\/p>\n<h3>4. Sicurezza dei dati<\/h3>\n<p>&nbsp;<\/p>\n<p>LDA Audiotech S.L. informa gli utenti che ha adottato tutte le misure tecniche e organizzative necessarie per salvaguardare la sicurezza dei file contenenti dati personali, come richiesto dalle normative vigenti.<\/p>\n<p>In conformit\u00e0 con l&#8217;articolo 21 della Legge sui servizi della societ\u00e0 dell&#8217;informazione e del commercio elettronico (Legge 34\/2002, dell&#8217;11 luglio, servizi della societ\u00e0 dell&#8217;informazione e del commercio elettronico), che vieta di inviare comunicazioni commerciali tramite posta elettronica che in precedenza non sono stati espressamente autorizzati dagli indirizzi.<\/p>\n<p>In conformit\u00e0 con il nuovo Regolamento Europeo (RGPD) 2016\/279 del Parlamento Europeo e del Consiglio del 27 aprile 2016, se l&#8217;utente desidera ricevere informazioni commerciali, deve dare il suo consenso esplicito e inequivocabile, attraverso il nostro sito web.<\/p>\n<p>&nbsp;<\/p>\n<p>&nbsp;<\/p>\n<h3>5. Modifica della presente politica sulla riservatezza<\/h3>\n<p>&nbsp;<\/p>\n<p>LDA Audiotech si riserva in futuro il diritto di modificare la propria politica di protezione dei dati secondo i suoi criteri o a causa di un cambiamento legislativo, giurisprudenziale o delle pratiche commerciali. Se LDA Audiotech introdurr\u00e0 delle modifiche, il nuovo testo sar\u00e0 pubblicato su questa stessa pagina, dove l&#8217;utente potrebbe essere informato sulla politica di protezione dei dati. In ogni caso, il rapporto con l&#8217;utente sar\u00e0 regolato dalle regole fornite al momento dell&#8217;accesso al sito web e, pertanto, \u00e8 obbligatorio leggerle ogni volta che ci fornite le vpstre informazioni attraverso il nostro sito web.<\/p>\n<p>L&#8217;uso del web attribuisce alla persona che ne fa uso la condizione di utente, che accetta le condizioni attuali di cui ha avuto l&#8217;opportunit\u00e0 di prendere conoscenza.[\/vc_column_text][\/vc_column][\/vc_row]<\/p>\n<\/div>","protected":false},"excerpt":{"rendered":"<p>[vc_row css_animation=&#8221;&#8221; row_type=&#8221;row&#8221; use_row_as_full_screen_section=&#8221;no&#8221; type=&#8221;full_width&#8221; angled_section=&#8221;no&#8221; text_align=&#8221;left&#8221; background_image_as_pattern=&#8221;without_pattern&#8221; padding_top=&#8221;50&#8243; padding_bottom=&#8221;50&#8243;][vc_column][vc_column_text css=&#8221;&#8221;] 1. Responsabile del trattamento &nbsp; Attraverso questa nota legale e politica sulla privacy, LDA Audiotech S.L. ha la responsabilit\u00e0 di formulare la strategia e di approvare le politiche aziendali dell&#8217;azienda, nonch\u00e9 di organizzare i&#8230;<\/p>\n","protected":false},"author":46,"featured_media":0,"parent":0,"menu_order":0,"comment_status":"closed","ping_status":"closed","template":"","meta":{"_acf_changed":false,"footnotes":""},"class_list":["post-30363","page","type-page","status-publish","hentry"],"acf":[],"yoast_head":"<!-- This site is optimized with the Yoast SEO plugin v27.3 - https:\/\/yoast.com\/product\/yoast-seo-wordpress\/ -->\n<title>Avviso legale e politica sulla privacy - LDA Audio Tech<\/title>\n<meta name=\"robots\" content=\"index, follow, max-snippet:-1, max-image-preview:large, max-video-preview:-1\" \/>\n<link rel=\"canonical\" href=\"https:\/\/lda-audiotech.com\/it\/avviso-legale-politica-sulla-privacy\/\" \/>\n<meta property=\"og:locale\" content=\"it_IT\" \/>\n<meta property=\"og:type\" content=\"article\" \/>\n<meta property=\"og:title\" content=\"Avviso legale e politica sulla privacy - LDA Audio Tech\" \/>\n<meta property=\"og:description\" content=\"[vc_row css_animation=&#8221;&#8221; row_type=&#8221;row&#8221; use_row_as_full_screen_section=&#8221;no&#8221; type=&#8221;full_width&#8221; angled_section=&#8221;no&#8221; text_align=&#8221;left&#8221; background_image_as_pattern=&#8221;without_pattern&#8221; padding_top=&#8221;50&#8243; padding_bottom=&#8221;50&#8243;][vc_column][vc_column_text css=&#8221;&#8221;] 1. Responsabile del trattamento &nbsp; Attraverso questa nota legale e politica sulla privacy, LDA Audiotech S.L. ha la responsabilit\u00e0 di formulare la strategia e di approvare le politiche aziendali dell&#8217;azienda, nonch\u00e9 di organizzare i...\" \/>\n<meta property=\"og:url\" content=\"https:\/\/lda-audiotech.com\/it\/avviso-legale-politica-sulla-privacy\/\" \/>\n<meta property=\"og:site_name\" content=\"LDA Audio Tech\" \/>\n<meta property=\"article:publisher\" content=\"https:\/\/www.facebook.com\/LDAaudiotech\/\" \/>\n<meta property=\"article:modified_time\" content=\"2025-05-02T11:47:34+00:00\" \/>\n<meta name=\"twitter:card\" content=\"summary_large_image\" \/>\n<meta name=\"twitter:site\" content=\"@LDAAudioTech\" \/>\n<meta name=\"twitter:label1\" content=\"Tempo di lettura stimato\" \/>\n\t<meta name=\"twitter:data1\" content=\"5 minuti\" \/>\n<script type=\"application\/ld+json\" class=\"yoast-schema-graph\">{\"@context\":\"https:\\\/\\\/schema.org\",\"@graph\":[{\"@type\":\"WebPage\",\"@id\":\"https:\\\/\\\/lda-audiotech.com\\\/it\\\/avviso-legale-politica-sulla-privacy\\\/\",\"url\":\"https:\\\/\\\/lda-audiotech.com\\\/it\\\/avviso-legale-politica-sulla-privacy\\\/\",\"name\":\"Avviso legale e politica sulla privacy - LDA Audio Tech\",\"isPartOf\":{\"@id\":\"https:\\\/\\\/lda-audiotech.com\\\/it\\\/#website\"},\"datePublished\":\"2020-03-09T11:12:29+00:00\",\"dateModified\":\"2025-05-02T11:47:34+00:00\",\"breadcrumb\":{\"@id\":\"https:\\\/\\\/lda-audiotech.com\\\/it\\\/avviso-legale-politica-sulla-privacy\\\/#breadcrumb\"},\"inLanguage\":\"it-IT\",\"potentialAction\":[{\"@type\":\"ReadAction\",\"target\":[\"https:\\\/\\\/lda-audiotech.com\\\/it\\\/avviso-legale-politica-sulla-privacy\\\/\"]}]},{\"@type\":\"BreadcrumbList\",\"@id\":\"https:\\\/\\\/lda-audiotech.com\\\/it\\\/avviso-legale-politica-sulla-privacy\\\/#breadcrumb\",\"itemListElement\":[{\"@type\":\"ListItem\",\"position\":1,\"name\":\"Portada\",\"item\":\"https:\\\/\\\/lda-audiotech.com\\\/it\\\/\"},{\"@type\":\"ListItem\",\"position\":2,\"name\":\"Avviso legale e politica sulla privacy\"}]},{\"@type\":\"WebSite\",\"@id\":\"https:\\\/\\\/lda-audiotech.com\\\/it\\\/#website\",\"url\":\"https:\\\/\\\/lda-audiotech.com\\\/it\\\/\",\"name\":\"LDA Audio Tech\",\"description\":\"Integrated Audio Solutions\",\"publisher\":{\"@id\":\"https:\\\/\\\/lda-audiotech.com\\\/it\\\/#organization\"},\"alternateName\":\"LDA\",\"potentialAction\":[{\"@type\":\"SearchAction\",\"target\":{\"@type\":\"EntryPoint\",\"urlTemplate\":\"https:\\\/\\\/lda-audiotech.com\\\/it\\\/?s={search_term_string}\"},\"query-input\":{\"@type\":\"PropertyValueSpecification\",\"valueRequired\":true,\"valueName\":\"search_term_string\"}}],\"inLanguage\":\"it-IT\"},{\"@type\":\"Organization\",\"@id\":\"https:\\\/\\\/lda-audiotech.com\\\/it\\\/#organization\",\"name\":\"LDA Audio Tech\",\"alternateName\":\"LDA\",\"url\":\"https:\\\/\\\/lda-audiotech.com\\\/it\\\/\",\"logo\":{\"@type\":\"ImageObject\",\"inLanguage\":\"it-IT\",\"@id\":\"https:\\\/\\\/lda-audiotech.com\\\/it\\\/#\\\/schema\\\/logo\\\/image\\\/\",\"url\":\"https:\\\/\\\/lda-audiotech.com\\\/wp-content\\\/uploads\\\/2017\\\/05\\\/logo-lda-color.png\",\"contentUrl\":\"https:\\\/\\\/lda-audiotech.com\\\/wp-content\\\/uploads\\\/2017\\\/05\\\/logo-lda-color.png\",\"width\":169,\"height\":90,\"caption\":\"LDA Audio Tech\"},\"image\":{\"@id\":\"https:\\\/\\\/lda-audiotech.com\\\/it\\\/#\\\/schema\\\/logo\\\/image\\\/\"},\"sameAs\":[\"https:\\\/\\\/www.facebook.com\\\/LDAaudiotech\\\/\",\"https:\\\/\\\/x.com\\\/LDAAudioTech\",\"https:\\\/\\\/www.linkedin.com\\\/company\\\/lda-audio-tech\",\"https:\\\/\\\/www.youtube.com\\\/user\\\/LDAaudiotech\"]}]}<\/script>\n<!-- \/ Yoast SEO plugin. -->","yoast_head_json":{"title":"Avviso legale e politica sulla privacy - LDA Audio Tech","robots":{"index":"index","follow":"follow","max-snippet":"max-snippet:-1","max-image-preview":"max-image-preview:large","max-video-preview":"max-video-preview:-1"},"canonical":"https:\/\/lda-audiotech.com\/it\/avviso-legale-politica-sulla-privacy\/","og_locale":"it_IT","og_type":"article","og_title":"Avviso legale e politica sulla privacy - LDA Audio Tech","og_description":"[vc_row css_animation=&#8221;&#8221; row_type=&#8221;row&#8221; use_row_as_full_screen_section=&#8221;no&#8221; type=&#8221;full_width&#8221; angled_section=&#8221;no&#8221; text_align=&#8221;left&#8221; background_image_as_pattern=&#8221;without_pattern&#8221; padding_top=&#8221;50&#8243; padding_bottom=&#8221;50&#8243;][vc_column][vc_column_text css=&#8221;&#8221;] 1. Responsabile del trattamento &nbsp; Attraverso questa nota legale e politica sulla privacy, LDA Audiotech S.L. ha la responsabilit\u00e0 di formulare la strategia e di approvare le politiche aziendali dell&#8217;azienda, nonch\u00e9 di organizzare i...","og_url":"https:\/\/lda-audiotech.com\/it\/avviso-legale-politica-sulla-privacy\/","og_site_name":"LDA Audio Tech","article_publisher":"https:\/\/www.facebook.com\/LDAaudiotech\/","article_modified_time":"2025-05-02T11:47:34+00:00","twitter_card":"summary_large_image","twitter_site":"@LDAAudioTech","twitter_misc":{"Tempo di lettura stimato":"5 minuti"},"schema":{"@context":"https:\/\/schema.org","@graph":[{"@type":"WebPage","@id":"https:\/\/lda-audiotech.com\/it\/avviso-legale-politica-sulla-privacy\/","url":"https:\/\/lda-audiotech.com\/it\/avviso-legale-politica-sulla-privacy\/","name":"Avviso legale e politica sulla privacy - LDA Audio Tech","isPartOf":{"@id":"https:\/\/lda-audiotech.com\/it\/#website"},"datePublished":"2020-03-09T11:12:29+00:00","dateModified":"2025-05-02T11:47:34+00:00","breadcrumb":{"@id":"https:\/\/lda-audiotech.com\/it\/avviso-legale-politica-sulla-privacy\/#breadcrumb"},"inLanguage":"it-IT","potentialAction":[{"@type":"ReadAction","target":["https:\/\/lda-audiotech.com\/it\/avviso-legale-politica-sulla-privacy\/"]}]},{"@type":"BreadcrumbList","@id":"https:\/\/lda-audiotech.com\/it\/avviso-legale-politica-sulla-privacy\/#breadcrumb","itemListElement":[{"@type":"ListItem","position":1,"name":"Portada","item":"https:\/\/lda-audiotech.com\/it\/"},{"@type":"ListItem","position":2,"name":"Avviso legale e politica sulla privacy"}]},{"@type":"WebSite","@id":"https:\/\/lda-audiotech.com\/it\/#website","url":"https:\/\/lda-audiotech.com\/it\/","name":"LDA Audio Tech","description":"Integrated Audio Solutions","publisher":{"@id":"https:\/\/lda-audiotech.com\/it\/#organization"},"alternateName":"LDA","potentialAction":[{"@type":"SearchAction","target":{"@type":"EntryPoint","urlTemplate":"https:\/\/lda-audiotech.com\/it\/?s={search_term_string}"},"query-input":{"@type":"PropertyValueSpecification","valueRequired":true,"valueName":"search_term_string"}}],"inLanguage":"it-IT"},{"@type":"Organization","@id":"https:\/\/lda-audiotech.com\/it\/#organization","name":"LDA Audio Tech","alternateName":"LDA","url":"https:\/\/lda-audiotech.com\/it\/","logo":{"@type":"ImageObject","inLanguage":"it-IT","@id":"https:\/\/lda-audiotech.com\/it\/#\/schema\/logo\/image\/","url":"https:\/\/lda-audiotech.com\/wp-content\/uploads\/2017\/05\/logo-lda-color.png","contentUrl":"https:\/\/lda-audiotech.com\/wp-content\/uploads\/2017\/05\/logo-lda-color.png","width":169,"height":90,"caption":"LDA Audio Tech"},"image":{"@id":"https:\/\/lda-audiotech.com\/it\/#\/schema\/logo\/image\/"},"sameAs":["https:\/\/www.facebook.com\/LDAaudiotech\/","https:\/\/x.com\/LDAAudioTech","https:\/\/www.linkedin.com\/company\/lda-audio-tech","https:\/\/www.youtube.com\/user\/LDAaudiotech"]}]}},"_links":{"self":[{"href":"https:\/\/lda-audiotech.com\/it\/wp-json\/wp\/v2\/pages\/30363","targetHints":{"allow":["GET"]}}],"collection":[{"href":"https:\/\/lda-audiotech.com\/it\/wp-json\/wp\/v2\/pages"}],"about":[{"href":"https:\/\/lda-audiotech.com\/it\/wp-json\/wp\/v2\/types\/page"}],"author":[{"embeddable":true,"href":"https:\/\/lda-audiotech.com\/it\/wp-json\/wp\/v2\/users\/46"}],"replies":[{"embeddable":true,"href":"https:\/\/lda-audiotech.com\/it\/wp-json\/wp\/v2\/comments?post=30363"}],"version-history":[{"count":0,"href":"https:\/\/lda-audiotech.com\/it\/wp-json\/wp\/v2\/pages\/30363\/revisions"}],"wp:attachment":[{"href":"https:\/\/lda-audiotech.com\/it\/wp-json\/wp\/v2\/media?parent=30363"}],"curies":[{"name":"wp","href":"https:\/\/api.w.org\/{rel}","templated":true}]}}