{"id":30350,"date":"2019-08-17T19:07:58","date_gmt":"2019-08-17T17:07:58","guid":{"rendered":"https:\/\/lda-audiotech.com\/cookie-policy\/"},"modified":"2020-03-09T12:05:17","modified_gmt":"2020-03-09T11:05:17","slug":"gestione-cookie","status":"publish","type":"page","link":"https:\/\/lda-audiotech.com\/it\/gestione-cookie\/","title":{"rendered":"Gestione dei cookie"},"content":{"rendered":"<div class=\"wpb-content-wrapper\"><p>[vc_row css_animation=&#8221;&#8221; row_type=&#8221;row&#8221; use_row_as_full_screen_section=&#8221;no&#8221; type=&#8221;full_width&#8221; angled_section=&#8221;no&#8221; text_align=&#8221;left&#8221; background_image_as_pattern=&#8221;without_pattern&#8221;][vc_column][vc_column_text]<\/p>\n<div class=\"cli_pg_page_contaner\">\n<h3>La nostra gestione dei cookie<\/h3>\n<div>\n<p>Questa politica sui cookie spiega cosa sono i cookie e come li utilizziamo. \u00c8 necessario leggere questa politica per comprendere quali sono i cookie, come li utilizziamo, i tipi di cookie che utilizziamo, ovvero le informazioni che raccogliamo utilizzando i cookie e come sono utilizzate tali informazioni e come controllare le preferenze dei cookie. Per ulteriori informazioni su come utilizziamo, archiviamo e proteggiamo i vostri dati personali, consultate la nostra Informativa sulla privacy.<\/p>\n<p>Potete modificare o revocare in qualsiasi momento il vostro consenso dalla Dichiarazione sui cookie sul nostro sito Web.<\/p>\n<p>Scoprite di pi\u00f9 su chi siamo, come potete contattarci e come trattiamo i dati personali nella nostra Informativa sulla privacy.<\/p>\n<p>Il vostro consenso si applica al dominio:\u00a0<a href=\"https:\/\/lda-audiotech.com\">lda-audiotech.com<\/a><\/p>\n<p>[user_consent_state]<\/p>\n<\/div>\n<h3>Cosa sono i cookie?<\/h3>\n<div>\n<p>I cookie sono piccoli file di testo che sono usati per memorizzare piccole informazioni. I cookie sono memorizzati sul vostro dispositivo quando il sito web \u00e8 caricato sul vostro browser. Questi cookie ci aiutano a far funzionare correttamente il sito Web, a renderlo pi\u00f9 sicuro, a fornire una migliore \u201cesperienza utente\u201d e a capire come si comporta il sito web e analizzare ci\u00f2 che funziona e dove deve essere migliorato.<\/p>\n<\/div>\n<h3>Come usiamo i cookie?<\/h3>\n<div>\n<p>Come la maggior parte dei servizi online, il nostro sito web utilizza cookie proprietari e di terze parti per vari scopi. I cookie proprietari sono principalmente necessari per il corretto funzionamento del sito web e non raccolgono dati identificativi dell&#8217;utente.<\/p>\n<p>I cookie di terze parti utilizzati sui nostri siti web sono utilizzati principalmente per comprendere le prestazioni del sito web, come interagite con il nostro sito web, mantenendo i nostri servizi sicuri, fornendo annunci pubblicitari pertinenti per voi e tutto sommato fornendovi un servizio migliore e una \u201cesperienza utente\u201d migliore e aiuto per accelerare le interazioni future con il nostro sito web.<\/p>\n<\/div>\n<h3>Quali cookie utilizziamo?<\/h3>\n<div>\n<p><strong>Essenziali<\/strong>: alcuni cookie sono essenziali per poter provare la piena funzionalit\u00e0 del nostro sito. Ci consentono di mantenere sessioni utente e prevenire eventuali minacce alla sicurezza. Non raccolgono n\u00e9 archiviano alcuna informazione personale. Ad esempio, questi cookie consentono di accedere al proprio account, aggiungere prodotti al carrello e effettuare il checkout in modo sicuro.<\/p>\n<p><strong>Statistici<\/strong>: questi cookie memorizzano informazioni come il numero di visitatori del sito web, il numero di visitatori unici, quali pagine del sito web sono state visitate, la fonte della visita, ecc. Questi dati ci aiutano a capire e analizzare il rendimento del sito web e dove ha bisogno di miglioramenti.<\/p>\n<p><strong>Marketing<\/strong>: il nostro sito web mostra annunci pubblicitari. Questi cookie sono usati per personalizzare gli annunci pubblicitari che vi mostriamo in modo che siano significativi per voi. Questi cookie ci aiutano anche a tenere traccia dell&#8217;efficienza di queste campagne pubblicitarie.<\/p>\n<p>Le informazioni memorizzate in questi cookie possono essere usate anche dai fornitori di annunci di terze parti per mostrarvi annunci anche su altri siti web sul browser.<\/p>\n<p><strong>Funzionali<\/strong>: questi sono i cookie che aiutano alcune funzionalit\u00e0 non essenziali del nostro sito web. Queste funzionalit\u00e0 includono l&#8217;incorporamento di contenuti come video o la condivisione di contenuti sul sito Web su piattaforme di social media.<\/p>\n<p><strong>Preferenze<\/strong>: questi cookie ci aiutano a memorizzare le vostre impostazioni e le preferenze di navigazione come le preferenze della lingua in modo da avere un&#8217;esperienza migliore ed efficiente nelle visite future al sito web.<\/p>\n<p>[cookie_audit columns=&#8221;cookie,description&#8221; heading=&#8221;Il seguente elenco mostra i cookie utilizzati nel nostro sito Web.&#8221;]<\/p>\n<p>&nbsp;<\/p>\n<\/div>\n<h3>Come posso controllare le preferenze dei cookie?<\/h3>\n<div>\n<p>Se decidete in un secondo momento di modificare le preferenze durante la sessione di navigazione, potete cliccare sulla scheda \u201cInformativa su privacy e sui cookie\u201d dello schermo. Ci\u00f2 mostrer\u00e0 nuovamente l&#8217;avviso di consenso che vi consentir\u00e0 di modificare le preferenze o revocare completamente il vostro consenso.<\/p>\n<p>Inoltre diversi browser offrono metodi diversi per bloccare ed eliminare i cookie utilizzati dai siti web. \u00c8 possibile modificare le impostazioni del browser per bloccare\/eliminare i cookie.<\/p>\n<\/div>\n<\/div>\n<p>[\/vc_column_text][vc_empty_space][\/vc_column][\/vc_row]<\/p>\n<\/div>","protected":false},"excerpt":{"rendered":"<p>[vc_row css_animation=&#8221;&#8221; row_type=&#8221;row&#8221; use_row_as_full_screen_section=&#8221;no&#8221; type=&#8221;full_width&#8221; angled_section=&#8221;no&#8221; text_align=&#8221;left&#8221; background_image_as_pattern=&#8221;without_pattern&#8221;][vc_column][vc_column_text] La nostra gestione dei cookie Questa politica sui cookie spiega cosa sono i cookie e come li utilizziamo. \u00c8 necessario leggere questa politica per comprendere quali sono i cookie, come li utilizziamo, i tipi di cookie che&#8230;<\/p>\n","protected":false},"author":46,"featured_media":0,"parent":0,"menu_order":0,"comment_status":"closed","ping_status":"closed","template":"","meta":{"_acf_changed":false,"footnotes":""},"class_list":["post-30350","page","type-page","status-publish","hentry"],"acf":[],"yoast_head":"<!-- This site is optimized with the Yoast SEO plugin v27.3 - https:\/\/yoast.com\/product\/yoast-seo-wordpress\/ -->\n<title>Gestione dei cookie - LDA Audio Tech<\/title>\n<meta name=\"description\" content=\"Questa politica sui cookie spiega cosa sono i cookie e come li utilizziamo\" \/>\n<meta name=\"robots\" content=\"index, follow, max-snippet:-1, max-image-preview:large, max-video-preview:-1\" \/>\n<link rel=\"canonical\" href=\"https:\/\/lda-audiotech.com\/it\/gestione-cookie\/\" \/>\n<meta property=\"og:locale\" content=\"it_IT\" \/>\n<meta property=\"og:type\" content=\"article\" \/>\n<meta property=\"og:title\" content=\"Gestione dei cookie - LDA Audio Tech\" \/>\n<meta property=\"og:description\" content=\"Questa politica sui cookie spiega cosa sono i cookie e come li utilizziamo\" \/>\n<meta property=\"og:url\" content=\"https:\/\/lda-audiotech.com\/it\/gestione-cookie\/\" \/>\n<meta property=\"og:site_name\" content=\"LDA Audio Tech\" \/>\n<meta property=\"article:publisher\" content=\"https:\/\/www.facebook.com\/LDAaudiotech\/\" \/>\n<meta property=\"article:modified_time\" content=\"2020-03-09T11:05:17+00:00\" \/>\n<meta name=\"twitter:card\" content=\"summary_large_image\" \/>\n<meta name=\"twitter:site\" content=\"@LDAAudioTech\" \/>\n<meta name=\"twitter:label1\" content=\"Tempo di lettura stimato\" \/>\n\t<meta name=\"twitter:data1\" content=\"3 minuti\" \/>\n<script type=\"application\/ld+json\" class=\"yoast-schema-graph\">{\"@context\":\"https:\\\/\\\/schema.org\",\"@graph\":[{\"@type\":\"WebPage\",\"@id\":\"https:\\\/\\\/lda-audiotech.com\\\/it\\\/gestione-cookie\\\/\",\"url\":\"https:\\\/\\\/lda-audiotech.com\\\/it\\\/gestione-cookie\\\/\",\"name\":\"Gestione dei cookie - LDA Audio Tech\",\"isPartOf\":{\"@id\":\"https:\\\/\\\/lda-audiotech.com\\\/it\\\/#website\"},\"datePublished\":\"2019-08-17T17:07:58+00:00\",\"dateModified\":\"2020-03-09T11:05:17+00:00\",\"description\":\"Questa politica sui cookie spiega cosa sono i cookie e come li utilizziamo\",\"breadcrumb\":{\"@id\":\"https:\\\/\\\/lda-audiotech.com\\\/it\\\/gestione-cookie\\\/#breadcrumb\"},\"inLanguage\":\"it-IT\",\"potentialAction\":[{\"@type\":\"ReadAction\",\"target\":[\"https:\\\/\\\/lda-audiotech.com\\\/it\\\/gestione-cookie\\\/\"]}]},{\"@type\":\"BreadcrumbList\",\"@id\":\"https:\\\/\\\/lda-audiotech.com\\\/it\\\/gestione-cookie\\\/#breadcrumb\",\"itemListElement\":[{\"@type\":\"ListItem\",\"position\":1,\"name\":\"Portada\",\"item\":\"https:\\\/\\\/lda-audiotech.com\\\/it\\\/\"},{\"@type\":\"ListItem\",\"position\":2,\"name\":\"Gestione dei cookie\"}]},{\"@type\":\"WebSite\",\"@id\":\"https:\\\/\\\/lda-audiotech.com\\\/it\\\/#website\",\"url\":\"https:\\\/\\\/lda-audiotech.com\\\/it\\\/\",\"name\":\"LDA Audio Tech\",\"description\":\"Integrated Audio Solutions\",\"publisher\":{\"@id\":\"https:\\\/\\\/lda-audiotech.com\\\/it\\\/#organization\"},\"alternateName\":\"LDA\",\"potentialAction\":[{\"@type\":\"SearchAction\",\"target\":{\"@type\":\"EntryPoint\",\"urlTemplate\":\"https:\\\/\\\/lda-audiotech.com\\\/it\\\/?s={search_term_string}\"},\"query-input\":{\"@type\":\"PropertyValueSpecification\",\"valueRequired\":true,\"valueName\":\"search_term_string\"}}],\"inLanguage\":\"it-IT\"},{\"@type\":\"Organization\",\"@id\":\"https:\\\/\\\/lda-audiotech.com\\\/it\\\/#organization\",\"name\":\"LDA Audio Tech\",\"alternateName\":\"LDA\",\"url\":\"https:\\\/\\\/lda-audiotech.com\\\/it\\\/\",\"logo\":{\"@type\":\"ImageObject\",\"inLanguage\":\"it-IT\",\"@id\":\"https:\\\/\\\/lda-audiotech.com\\\/it\\\/#\\\/schema\\\/logo\\\/image\\\/\",\"url\":\"https:\\\/\\\/lda-audiotech.com\\\/wp-content\\\/uploads\\\/2017\\\/05\\\/logo-lda-color.png\",\"contentUrl\":\"https:\\\/\\\/lda-audiotech.com\\\/wp-content\\\/uploads\\\/2017\\\/05\\\/logo-lda-color.png\",\"width\":169,\"height\":90,\"caption\":\"LDA Audio Tech\"},\"image\":{\"@id\":\"https:\\\/\\\/lda-audiotech.com\\\/it\\\/#\\\/schema\\\/logo\\\/image\\\/\"},\"sameAs\":[\"https:\\\/\\\/www.facebook.com\\\/LDAaudiotech\\\/\",\"https:\\\/\\\/x.com\\\/LDAAudioTech\",\"https:\\\/\\\/www.linkedin.com\\\/company\\\/lda-audio-tech\",\"https:\\\/\\\/www.youtube.com\\\/user\\\/LDAaudiotech\"]}]}<\/script>\n<!-- \/ Yoast SEO plugin. -->","yoast_head_json":{"title":"Gestione dei cookie - LDA Audio Tech","description":"Questa politica sui cookie spiega cosa sono i cookie e come li utilizziamo","robots":{"index":"index","follow":"follow","max-snippet":"max-snippet:-1","max-image-preview":"max-image-preview:large","max-video-preview":"max-video-preview:-1"},"canonical":"https:\/\/lda-audiotech.com\/it\/gestione-cookie\/","og_locale":"it_IT","og_type":"article","og_title":"Gestione dei cookie - LDA Audio Tech","og_description":"Questa politica sui cookie spiega cosa sono i cookie e come li utilizziamo","og_url":"https:\/\/lda-audiotech.com\/it\/gestione-cookie\/","og_site_name":"LDA Audio Tech","article_publisher":"https:\/\/www.facebook.com\/LDAaudiotech\/","article_modified_time":"2020-03-09T11:05:17+00:00","twitter_card":"summary_large_image","twitter_site":"@LDAAudioTech","twitter_misc":{"Tempo di lettura stimato":"3 minuti"},"schema":{"@context":"https:\/\/schema.org","@graph":[{"@type":"WebPage","@id":"https:\/\/lda-audiotech.com\/it\/gestione-cookie\/","url":"https:\/\/lda-audiotech.com\/it\/gestione-cookie\/","name":"Gestione dei cookie - LDA Audio Tech","isPartOf":{"@id":"https:\/\/lda-audiotech.com\/it\/#website"},"datePublished":"2019-08-17T17:07:58+00:00","dateModified":"2020-03-09T11:05:17+00:00","description":"Questa politica sui cookie spiega cosa sono i cookie e come li utilizziamo","breadcrumb":{"@id":"https:\/\/lda-audiotech.com\/it\/gestione-cookie\/#breadcrumb"},"inLanguage":"it-IT","potentialAction":[{"@type":"ReadAction","target":["https:\/\/lda-audiotech.com\/it\/gestione-cookie\/"]}]},{"@type":"BreadcrumbList","@id":"https:\/\/lda-audiotech.com\/it\/gestione-cookie\/#breadcrumb","itemListElement":[{"@type":"ListItem","position":1,"name":"Portada","item":"https:\/\/lda-audiotech.com\/it\/"},{"@type":"ListItem","position":2,"name":"Gestione dei cookie"}]},{"@type":"WebSite","@id":"https:\/\/lda-audiotech.com\/it\/#website","url":"https:\/\/lda-audiotech.com\/it\/","name":"LDA Audio Tech","description":"Integrated Audio Solutions","publisher":{"@id":"https:\/\/lda-audiotech.com\/it\/#organization"},"alternateName":"LDA","potentialAction":[{"@type":"SearchAction","target":{"@type":"EntryPoint","urlTemplate":"https:\/\/lda-audiotech.com\/it\/?s={search_term_string}"},"query-input":{"@type":"PropertyValueSpecification","valueRequired":true,"valueName":"search_term_string"}}],"inLanguage":"it-IT"},{"@type":"Organization","@id":"https:\/\/lda-audiotech.com\/it\/#organization","name":"LDA Audio Tech","alternateName":"LDA","url":"https:\/\/lda-audiotech.com\/it\/","logo":{"@type":"ImageObject","inLanguage":"it-IT","@id":"https:\/\/lda-audiotech.com\/it\/#\/schema\/logo\/image\/","url":"https:\/\/lda-audiotech.com\/wp-content\/uploads\/2017\/05\/logo-lda-color.png","contentUrl":"https:\/\/lda-audiotech.com\/wp-content\/uploads\/2017\/05\/logo-lda-color.png","width":169,"height":90,"caption":"LDA Audio Tech"},"image":{"@id":"https:\/\/lda-audiotech.com\/it\/#\/schema\/logo\/image\/"},"sameAs":["https:\/\/www.facebook.com\/LDAaudiotech\/","https:\/\/x.com\/LDAAudioTech","https:\/\/www.linkedin.com\/company\/lda-audio-tech","https:\/\/www.youtube.com\/user\/LDAaudiotech"]}]}},"_links":{"self":[{"href":"https:\/\/lda-audiotech.com\/it\/wp-json\/wp\/v2\/pages\/30350","targetHints":{"allow":["GET"]}}],"collection":[{"href":"https:\/\/lda-audiotech.com\/it\/wp-json\/wp\/v2\/pages"}],"about":[{"href":"https:\/\/lda-audiotech.com\/it\/wp-json\/wp\/v2\/types\/page"}],"author":[{"embeddable":true,"href":"https:\/\/lda-audiotech.com\/it\/wp-json\/wp\/v2\/users\/46"}],"replies":[{"embeddable":true,"href":"https:\/\/lda-audiotech.com\/it\/wp-json\/wp\/v2\/comments?post=30350"}],"version-history":[{"count":0,"href":"https:\/\/lda-audiotech.com\/it\/wp-json\/wp\/v2\/pages\/30350\/revisions"}],"wp:attachment":[{"href":"https:\/\/lda-audiotech.com\/it\/wp-json\/wp\/v2\/media?parent=30350"}],"curies":[{"name":"wp","href":"https:\/\/api.w.org\/{rel}","templated":true}]}}