{"id":30057,"date":"2020-03-03T12:34:30","date_gmt":"2020-03-03T11:34:30","guid":{"rendered":"https:\/\/lda-audiotech.com\/?page_id=30057"},"modified":"2026-04-08T10:29:44","modified_gmt":"2026-04-08T08:29:44","slug":"sistemi-pa-allarme-vocale-per-centri-logistici","status":"publish","type":"page","link":"https:\/\/lda-audiotech.com\/it\/sistemi-pa-allarme-vocale-per-centri-logistici\/","title":{"rendered":"Sistemi di PA &#038; allarme vocale per centri logistici"},"content":{"rendered":"<div class=\"wpb-content-wrapper\"><p>[vc_row css_animation=&#8221;&#8221; row_type=&#8221;row&#8221; use_row_as_full_screen_section=&#8221;no&#8221; type=&#8221;grid&#8221; in_content_menu=&#8221;in_content_menu&#8221; content_menu_icon=&#8221;fa-info&#8221; angled_section=&#8221;no&#8221; text_align=&#8221;center&#8221; background_image_as_pattern=&#8221;without_pattern&#8221; padding_top=&#8221;75&#8243; padding_bottom=&#8221;75&#8243; anchor=&#8221;Introducci\u00f3n&#8221; content_menu_title=&#8221;Introducci\u00f3n&#8221;][vc_column][vc_column_text css=&#8221;&#8221;]<\/p>\n<h1>SISTEMI DI PA &amp; ALLARME VOCALE PER CENTRI LOGISTICI<\/h1>\n<p>[\/vc_column_text][vc_separator type=&#8221;small&#8221; position=&#8221;center&#8221; width_in_percentages=&#8221;yes&#8221; thickness=&#8221;3&#8243; up=&#8221;20&#8243; down=&#8221;20&#8243; transparency=&#8221;1&#8243; width=&#8221;15&#8243;][vc_column_text]IN LDA siamo esperti in <strong>sistemi PA &amp; di evacuazione vocale per centri logistici<\/strong>.<\/p>\n<p>Pertanto possiamo aiutarvi a creare la soluzione pi\u00f9 competitiva pi\u00f9 adatta alle vostre esigenze.[\/vc_column_text][\/vc_column][\/vc_row][vc_row css_animation=&#8221;&#8221; row_type=&#8221;row&#8221; use_row_as_full_screen_section=&#8221;no&#8221; type=&#8221;grid&#8221; angled_section=&#8221;no&#8221; text_align=&#8221;left&#8221; background_image_as_pattern=&#8221;without_pattern&#8221;][vc_column][vc_column_text]<\/p>\n<h2 style=\"text-align: center;\">Le nostre referenze<\/h2>\n<p>[\/vc_column_text][vc_empty_space][vc_column_text]<\/p>\n<p style=\"text-align: center;\"><a class=\"qbutton large center\" href=\"https:\/\/lda-audiotech.com\/descargas\/references\/lda_audio_tech-references_en.pdf\" target=\"_blank\" rel=\"noopener noreferrer\">Scaricate l&#8217;elenco completo delle referenze<\/a><\/p>\n<p>[\/vc_column_text][\/vc_column][\/vc_row][vc_row css_animation=&#8221;&#8221; row_type=&#8221;row&#8221; use_row_as_full_screen_section=&#8221;no&#8221; type=&#8221;full_width&#8221; angled_section=&#8221;no&#8221; text_align=&#8221;left&#8221; background_image_as_pattern=&#8221;without_pattern&#8221;][vc_column][vc_empty_space height=&#8221;20px&#8221;][\/vc_column][\/vc_row][vc_row css_animation=&#8221;&#8221; row_type=&#8221;row&#8221; use_row_as_full_screen_section=&#8221;no&#8221; type=&#8221;full_width&#8221; angled_section=&#8221;no&#8221; text_align=&#8221;left&#8221; background_image_as_pattern=&#8221;without_pattern&#8221; background_color=&#8221;#f0163a&#8221;][vc_column][vc_empty_space height=&#8221;80px&#8221;][\/vc_column][\/vc_row][vc_row css_animation=&#8221;&#8221; row_type=&#8221;row&#8221; use_row_as_full_screen_section=&#8221;no&#8221; type=&#8221;grid&#8221; in_content_menu=&#8221;in_content_menu&#8221; content_menu_icon=&#8221;fa-th-large&#8221; angled_section=&#8221;no&#8221; text_align=&#8221;left&#8221; background_image_as_pattern=&#8221;without_pattern&#8221; padding_top=&#8221;75&#8243; padding_bottom=&#8221;75&#8243; anchor=&#8221;caracteristicas&#8221; content_menu_title=&#8221;Caracter\u00edsticas&#8221;][vc_column][vc_column_text]<\/p>\n<h3>Ambiente sonoro per centri logistici<\/h3>\n<p>[\/vc_column_text][vc_separator type=&#8221;small&#8221; position=&#8221;left&#8221; width_in_percentages=&#8221;yes&#8221; thickness=&#8221;3&#8243; up=&#8221;20&#8243; down=&#8221;20&#8243; transparency=&#8221;1&#8243; width=&#8221;15&#8243;][vc_column_text]Per la tranquillit\u00e0 dei lavoratori le grandi aree dedicate alla <strong>logistica<\/strong> dovrebbero essere protette con un buon sistema PA \/ EVAC. Pertanto i sistemi di diffusione sonora devono offrire un&#8217;atmosfera sonora adeguata e allo stesso tempo <strong>garantire una rapida evacuazione ed escalation secondo zone prioritarie<\/strong> in caso di emergenza.[\/vc_column_text][vc_empty_space height=&#8221;16px&#8221;][vc_column_text]\u00c8 un dato di fatto che le <strong>persone agiscono pi\u00f9 velocemente quando sentono una voce umana<\/strong> dire loro cosa fare o come procedere, soprattutto in caso di emergenza.[\/vc_column_text][vc_empty_space height=&#8221;16px&#8221;][vc_column_text]I sistemi di PA e di allarme vocale LDA Audio Tech <strong>certificati secondo EN 54 e EN 60849<\/strong> forniscono una gestione utente intuitiva e sono facilmente integrabili con le tecnologie di terze parti esistenti in centri logistici.[\/vc_column_text][vc_empty_space height=&#8221;30&#8243;][vc_column_text]<\/p>\n<h4>IMPIANTI PA<\/h4>\n<p>[\/vc_column_text][vc_column_text]L&#8217;impianto PA dei centri logistici consente di diffondere <strong>messaggi vocali<\/strong> in tutte le aree per aiutare a organizzare il lavoro, gestire le priorit\u00e0, facilitare la comunicazione tra le sezioni, ecc.<\/p>\n<p>&nbsp;<\/p>\n<p>I <strong>vantaggi<\/strong> di un impianto PA di LDA, sono i seguenti:<\/p>\n<ul>\n<li>Possibilit\u00e0 di sonorizzare con <strong>alta qualit\u00e0<\/strong> aree diverse.<\/li>\n<li>Gestione dei <strong>messaggi e della musica di sottofondo<\/strong>. Possibilit\u00e0 di <strong>supervisione e gestione remota<\/strong> del sistema tramite tablet.<\/li>\n<li>Possibilit\u00e0 di indirizzare <strong>messaggi a zone specifiche<\/strong> per localizzare i lavoratori, avvisare dell&#8217;arrivo di camion, comunicare avvisi, ecc.<\/li>\n<li>Realizzare la <strong>comunicazione tra le diverse sezioni<\/strong> dell&#8217;hub logistico per aumentare l&#8217;efficacia dei lavoratori.<\/li>\n<li>Gestione dei messaggi tramite il modulo calendario. Distribuzione di messaggi pre-registrati, annunci, nonch\u00e9 <strong>automazione dei messaggi di sicurezza<\/strong>.<\/li>\n<li>Possibilit\u00e0 di <strong>gestire diversi hub logistici interconnessi<\/strong> tramite la rete.<\/li>\n<\/ul>\n<p>[\/vc_column_text][vc_empty_space height=&#8221;30px&#8221;][vc_column_text]<\/p>\n<h4>IMPIANTO DI EVACUAZIONE VOCALE<\/h4>\n<p>[\/vc_column_text][vc_column_text]Un sistema di evacuazione vocale \u00e8 uno strumento di sicurezza fondamentale che ci consente di ottenere un&#8217;evacuazione pi\u00f9 rapida, controllata e sicura che pu\u00f2 salvare vite umane.<\/p>\n<p>&nbsp;<\/p>\n<p>La norma europea <strong>EN 54<\/strong> stabilisce i requisiti per i sistemi di <strong>rilevazione e allarme antincendio<\/strong> in tutta l&#8217;Unione europea. Inoltre, \u00e8 stato adottato in numerosi mercati internazionali come lo standard che garantisce la sicurezza delle persone in caso di emergenza.<\/p>\n<p>&nbsp;<\/p>\n<p>Negli <strong>edifici in cui gli altoparlanti sono usati per emettere allarmi vocali in caso di incendi<\/strong> in Spagna, \u00e8 obbligatoria la conformit\u00e0 agli standard applicativi <strong>EN 54-24<\/strong> per gli altoparlanti ed <strong>EN 54-16<\/strong> per i sistemi a cui sono collegati.<\/p>\n<p>&nbsp;<\/p>\n<p>Inoltre, il <strong>C\u00f3digo T\u00e9cnico de la Edificaci\u00f3n<\/strong> stabilisce i requisiti di qualit\u00e0 di base che devono essere soddisfatti dagli edifici, comprese le loro strutture, al fine di soddisfare i <strong>requisiti di base di sicurezza e agibilit\u00e0<\/strong>. L&#8217;articolo 11 stabilisce i requisiti di sicurezza di base in caso di incendio (SI):<\/p>\n<p>&nbsp;<\/p>\n<p><em>&#8220;L&#8217;obiettivo del requisito di base della \u00abSicurezza in caso di incendio\u00bb \u00e8 di ridurre a limiti accettabili il rischio che gli utenti di un edificio subiscano danni derivanti da un incendio accidentale, a causa delle caratteristiche del loro progetto, costruzione, uso e manutenzione<\/em><\/p>\n<p>&nbsp;<\/p>\n<p><em>&#8220;Per raggiungere questo obiettivo, gli edifici devono essere progettati, costruiti, mantenuti e utilizzati in modo tale che, in caso di incendio, siano soddisfatti i requisiti di base di cui ai seguenti paragrafi:<\/em><\/p>\n<ul>\n<li><em> Propagazione interna: <strong>sar\u00e0 limitato il rischio di propagazione dell&#8217;incendio all&#8217;interno dell&#8217;edificio<\/strong>, sia allo stesso edificio che ad altri edifici adiacenti.<\/em><\/li>\n<li><em>Propagazione esterna: deve essere limitato il rischio di propagazione dell&#8217;incendio dall&#8217;esterno, sia nell&#8217;edificio in esame che negli altri edifici.<\/em><\/li>\n<li><em>Evacuazione degli occupanti: l&#8217;edificio deve disporre di<strong> adeguati mezzi di evacuazione<\/strong> per facilitare agli occupanti l&#8217;uscita o di raggiungere un luogo sicuro al suo interno in condizioni di sicurezza.<\/em><\/li>\n<li><em><strong>Installazioni di protezione antincendio<\/strong>: l&#8217;edificio disporr\u00e0 delle attrezzature e delle strutture appropriate per rendere possibile il rilevamento, il controllo e l&#8217;estinzione dell&#8217;incendio, nonch\u00e9 la trasmissione dell&#8217;allarme agli occupanti.<\/em><\/li>\n<li><em><strong>Intervento dei vigili del fuoco<\/strong>: sar\u00e0 facilitato l&#8217;intervento delle squadre di soccorso e di estinzione incendi.<\/em><\/li>\n<li><em><strong>Resistenza al fuoco strutturale<\/strong>: la struttura portante manterr\u00e0 la sua resistenza al fuoco per tutto il tempo necessario per soddisfare i requisiti di base di cui sopra.&#8221;<\/em><\/li>\n<\/ul>\n<p>&nbsp;<\/p>\n<p>I <strong>vantaggi di un impianto PA ed EVAC di LDA<\/strong> possono essere riassunti nei seguenti punti:<\/p>\n<ul>\n<li>Consente di <strong>diffondere<\/strong> sia messaggi in tempo reale tramite il <strong>microfono<\/strong> sia diversi <strong>messaggi vocali pre-registrati<\/strong> in qualsiasi area o insieme di aree selezionate.<\/li>\n<li>Rapporto sul <strong>tipo di incidente<\/strong>.<\/li>\n<li>Genera una <strong>reazione rapida<\/strong> delle persone.<\/li>\n<li>Un allarme vocale migliora i <strong>tempi di risposta<\/strong> nell&#8217;evacuazione degli edifici generando una reazione rapida nelle persone.<\/li>\n<li><strong>Riduce il panico<\/strong>.<\/li>\n<li>Consente un&#8217;<strong>evacuazione diretta e graduale<\/strong>, secondo il piano di evacuazione dell&#8217;edificio.<\/li>\n<li>Indica il <strong>percorso pi\u00f9 rapido e sicuro<\/strong>.<\/li>\n<\/ul>\n<p>&nbsp;<\/p>\n<p>Per quanto riguarda <strong>i vantaggi di gestione dei sistemi LDA<\/strong>, \u00e8 opportuno sottolineare quanto segue:<\/p>\n<ul>\n<li><strong>Dispositivi moderni<\/strong>, quindi il sistema non ha problemi di obsolescenza.<\/li>\n<li><strong>Supervisione completa<\/strong> di tutti i componenti del sistema; ci\u00f2 offre <strong>alta versatilit\u00e0<\/strong> e un maggior grado di <strong>sicurezza<\/strong> del sistema.<\/li>\n<li><strong>Ridondanza<\/strong> dei componenti del sistema, riducendo pertanto il livello di errori di sistema.<\/li>\n<li>Implicazione dell&#8217;<strong>assicurazione di responsabilit\u00e0 civile<\/strong>, in quanto si tratta di un sistema con un livello di sicurezza pi\u00f9 elevato.<\/li>\n<\/ul>\n<p>&nbsp;<\/p>\n<p>Inoltre l&#8217;<strong>elaborazione del segnale di evacuazione<\/strong> pu\u00f2 essere eseguita in diversi modi:<\/p>\n<ul>\n<li>Tramite <strong>interfacce con il sistema di rilevazione incendi<\/strong>.<\/li>\n<li>Tramite la <strong>rete dati<\/strong>, attraverso <strong>interfacce<\/strong> che vi consentono di <strong>connettervi<\/strong> ad esso.<\/li>\n<li>Tramite il <strong>segnale di controllo<\/strong>.<\/li>\n<\/ul>\n<p>[\/vc_column_text][\/vc_column][\/vc_row][vc_row css_animation=&#8221;&#8221; row_type=&#8221;row&#8221; use_row_as_full_screen_section=&#8221;no&#8221; type=&#8221;full_width&#8221; angled_section=&#8221;no&#8221; text_align=&#8221;left&#8221; background_image_as_pattern=&#8221;without_pattern&#8221; background_color=&#8221;#f0163a&#8221;][vc_column]<div class=\"call_to_action normal\" style=\"\"><div class=\"container_inner\"><div class=\"two_columns_75_25 clearfix\"><div class=\"text_wrapper column1\"><div class=\"call_to_action_text \" style=\"\">Contattateci e vi aiuteremo a progettare la migliore soluzione PA\/EVAC per il vostro progetto per logistiche<\/div><\/div><div class=\"button_wrapper column2\"><a itemprop=\"url\" href=\"\/it\/contatti\/\" class=\"qbutton white \" target=\"\" style=\"\" data-hover-background-color=#ffffff data-hover-color=#000000>Contattateci<\/a><\/div><\/div><\/div><\/div>[\/vc_column][\/vc_row][vc_row css_animation=&#8221;&#8221; row_type=&#8221;row&#8221; use_row_as_full_screen_section=&#8221;no&#8221; type=&#8221;grid&#8221; angled_section=&#8221;no&#8221; text_align=&#8221;center&#8221; video=&#8221;show_video&#8221; background_image_as_pattern=&#8221;without_pattern&#8221; background_image=&#8221;15539&#8243; padding_top=&#8221;100&#8243; padding_bottom=&#8221;100&#8243;][vc_column]<div class='q_icon_with_title very_large circle center '><div class=\"icon_holder \" style=\"margin: 0 0 28px 0; \"><a href=\"\/en\/2017\/01\/26\/en-54-voice-alarm-system\/\" target=\"_blank\" class=\"q_icon_link\"><span data-icon-type=\"circle\" class=\"qode_iwt_icon_holder fa-stack fa-5x  \"><i class=\"qode_icon_font_awesome fa fa-play-circle qode_iwt_icon_element\"><\/i><\/span><\/a><\/div><div class=\"icon_text_holder\" style=\"\"><div class=\"icon_text_inner\" style=\"\"><h3 class=\"icon_title\" style=\"\"><\/h3><p style='color: #ffffff'><\/p><a itemprop='url' class='icon_with_title_link' href='\/en\/2017\/01\/26\/en-54-voice-alarm-system\/' target='_blank' style='color: #3f3f3f;'>Read More<\/a><\/div><\/div><\/div>[\/vc_column][\/vc_row][vc_row css_animation=&#8221;&#8221; row_type=&#8221;row&#8221; use_row_as_full_screen_section=&#8221;no&#8221; type=&#8221;full_width&#8221; angled_section=&#8221;no&#8221; text_align=&#8221;center&#8221; video=&#8221;show_video&#8221; background_image_as_pattern=&#8221;without_pattern&#8221; anchor=&#8221;video&#8221; background_image=&#8221;15539&#8243; padding_top=&#8221;100&#8243; padding_bottom=&#8221;100&#8243; el_class=&#8221;disable&#8221;][vc_column][vc_column_text]<\/p>\n<div class=\"q_icon_with_title very_large circle center\"><\/div>\n<p>[\/vc_column_text][\/vc_column][\/vc_row][vc_row css_animation=&#8221;&#8221; row_type=&#8221;row&#8221; use_row_as_full_screen_section=&#8221;no&#8221; type=&#8221;grid&#8221; in_content_menu=&#8221;in_content_menu&#8221; content_menu_icon=&#8221;fa-star-o&#8221; angled_section=&#8221;no&#8221; text_align=&#8221;left&#8221; background_image_as_pattern=&#8221;without_pattern&#8221; border_color=&#8221;#eaeaea&#8221; padding_top=&#8221;55&#8243; padding_bottom=&#8221;20&#8243; content_menu_title=&#8221;Casos de \u00e9xito&#8221; anchor=&#8221;clients&#8221;][vc_column][vc_gallery type=&#8221;image_grid&#8221; images=&#8221;29144,29596,29149,29597&#8243; img_size=&#8221;full&#8221; onclick=&#8221;&#8221; column_number=&#8221;4&#8243; grayscale=&#8221;no&#8221; images_space=&#8221;gallery_with_space&#8221;][\/vc_column][\/vc_row]<\/p>\n<\/div>","protected":false},"excerpt":{"rendered":"<p>I centri logistici di tutto il mondo si affidano a LDA Audio Tech per i loro sistemi di diffusione sonora e di evacuazione vocale certificati secondo lo standard EN 54.<\/p>\n","protected":false},"author":46,"featured_media":29595,"parent":0,"menu_order":0,"comment_status":"closed","ping_status":"closed","template":"full_width.php","meta":{"_acf_changed":false,"footnotes":""},"class_list":["post-30057","page","type-page","status-publish","has-post-thumbnail","hentry"],"acf":[],"yoast_head":"<!-- This site is optimized with the Yoast SEO plugin v27.3 - https:\/\/yoast.com\/product\/yoast-seo-wordpress\/ -->\n<title>Sistemi di PA &amp; allarme vocale per centri logistici - LDA Audio Tech<\/title>\n<meta name=\"description\" content=\"Siamo esperti in sistemi PA &amp; di evacuazione vocale per centri logistici. Creiamo soluzioni convenienti per i tuoi progetti\" \/>\n<meta name=\"robots\" content=\"index, follow, max-snippet:-1, max-image-preview:large, max-video-preview:-1\" \/>\n<link rel=\"canonical\" href=\"https:\/\/lda-audiotech.com\/it\/sistemi-pa-allarme-vocale-per-centri-logistici\/\" \/>\n<meta property=\"og:locale\" content=\"it_IT\" \/>\n<meta property=\"og:type\" content=\"article\" \/>\n<meta property=\"og:title\" content=\"Sistemi di PA &amp; allarme vocale per centri logistici - LDA Audio Tech\" \/>\n<meta property=\"og:description\" content=\"Siamo esperti in sistemi PA &amp; di evacuazione vocale per centri logistici. Creiamo soluzioni convenienti per i tuoi progetti\" \/>\n<meta property=\"og:url\" content=\"https:\/\/lda-audiotech.com\/it\/sistemi-pa-allarme-vocale-per-centri-logistici\/\" \/>\n<meta property=\"og:site_name\" content=\"LDA Audio Tech\" \/>\n<meta property=\"article:publisher\" content=\"https:\/\/www.facebook.com\/LDAaudiotech\/\" \/>\n<meta property=\"article:modified_time\" content=\"2026-04-08T08:29:44+00:00\" \/>\n<meta property=\"og:image\" content=\"https:\/\/lda-audiotech.com\/wp-content\/uploads\/2019\/07\/centros-logisticos.jpg\" \/>\n\t<meta property=\"og:image:width\" content=\"1200\" \/>\n\t<meta property=\"og:image:height\" content=\"800\" \/>\n\t<meta property=\"og:image:type\" content=\"image\/jpeg\" \/>\n<meta name=\"twitter:card\" content=\"summary_large_image\" \/>\n<meta name=\"twitter:site\" content=\"@LDAAudioTech\" \/>\n<meta name=\"twitter:label1\" content=\"Tempo di lettura stimato\" \/>\n\t<meta name=\"twitter:data1\" content=\"7 minuti\" \/>\n<script type=\"application\/ld+json\" class=\"yoast-schema-graph\">{\"@context\":\"https:\\\/\\\/schema.org\",\"@graph\":[{\"@type\":\"WebPage\",\"@id\":\"https:\\\/\\\/lda-audiotech.com\\\/it\\\/sistemi-pa-allarme-vocale-per-centri-logistici\\\/\",\"url\":\"https:\\\/\\\/lda-audiotech.com\\\/it\\\/sistemi-pa-allarme-vocale-per-centri-logistici\\\/\",\"name\":\"Sistemi di PA & allarme vocale per centri logistici - LDA Audio Tech\",\"isPartOf\":{\"@id\":\"https:\\\/\\\/lda-audiotech.com\\\/it\\\/#website\"},\"primaryImageOfPage\":{\"@id\":\"https:\\\/\\\/lda-audiotech.com\\\/it\\\/sistemi-pa-allarme-vocale-per-centri-logistici\\\/#primaryimage\"},\"image\":{\"@id\":\"https:\\\/\\\/lda-audiotech.com\\\/it\\\/sistemi-pa-allarme-vocale-per-centri-logistici\\\/#primaryimage\"},\"thumbnailUrl\":\"https:\\\/\\\/lda-audiotech.com\\\/wp-content\\\/uploads\\\/2019\\\/07\\\/centros-logisticos.jpg\",\"datePublished\":\"2020-03-03T11:34:30+00:00\",\"dateModified\":\"2026-04-08T08:29:44+00:00\",\"description\":\"Siamo esperti in sistemi PA & di evacuazione vocale per centri logistici. Creiamo soluzioni convenienti per i tuoi progetti\",\"breadcrumb\":{\"@id\":\"https:\\\/\\\/lda-audiotech.com\\\/it\\\/sistemi-pa-allarme-vocale-per-centri-logistici\\\/#breadcrumb\"},\"inLanguage\":\"it-IT\",\"potentialAction\":[{\"@type\":\"ReadAction\",\"target\":[\"https:\\\/\\\/lda-audiotech.com\\\/it\\\/sistemi-pa-allarme-vocale-per-centri-logistici\\\/\"]}]},{\"@type\":\"ImageObject\",\"inLanguage\":\"it-IT\",\"@id\":\"https:\\\/\\\/lda-audiotech.com\\\/it\\\/sistemi-pa-allarme-vocale-per-centri-logistici\\\/#primaryimage\",\"url\":\"https:\\\/\\\/lda-audiotech.com\\\/wp-content\\\/uploads\\\/2019\\\/07\\\/centros-logisticos.jpg\",\"contentUrl\":\"https:\\\/\\\/lda-audiotech.com\\\/wp-content\\\/uploads\\\/2019\\\/07\\\/centros-logisticos.jpg\",\"width\":1200,\"height\":800},{\"@type\":\"BreadcrumbList\",\"@id\":\"https:\\\/\\\/lda-audiotech.com\\\/it\\\/sistemi-pa-allarme-vocale-per-centri-logistici\\\/#breadcrumb\",\"itemListElement\":[{\"@type\":\"ListItem\",\"position\":1,\"name\":\"Portada\",\"item\":\"https:\\\/\\\/lda-audiotech.com\\\/it\\\/\"},{\"@type\":\"ListItem\",\"position\":2,\"name\":\"Sistemi di PA &#038; allarme vocale per centri logistici\"}]},{\"@type\":\"WebSite\",\"@id\":\"https:\\\/\\\/lda-audiotech.com\\\/it\\\/#website\",\"url\":\"https:\\\/\\\/lda-audiotech.com\\\/it\\\/\",\"name\":\"LDA Audio Tech\",\"description\":\"Integrated Audio Solutions\",\"publisher\":{\"@id\":\"https:\\\/\\\/lda-audiotech.com\\\/it\\\/#organization\"},\"alternateName\":\"LDA\",\"potentialAction\":[{\"@type\":\"SearchAction\",\"target\":{\"@type\":\"EntryPoint\",\"urlTemplate\":\"https:\\\/\\\/lda-audiotech.com\\\/it\\\/?s={search_term_string}\"},\"query-input\":{\"@type\":\"PropertyValueSpecification\",\"valueRequired\":true,\"valueName\":\"search_term_string\"}}],\"inLanguage\":\"it-IT\"},{\"@type\":\"Organization\",\"@id\":\"https:\\\/\\\/lda-audiotech.com\\\/it\\\/#organization\",\"name\":\"LDA Audio Tech\",\"alternateName\":\"LDA\",\"url\":\"https:\\\/\\\/lda-audiotech.com\\\/it\\\/\",\"logo\":{\"@type\":\"ImageObject\",\"inLanguage\":\"it-IT\",\"@id\":\"https:\\\/\\\/lda-audiotech.com\\\/it\\\/#\\\/schema\\\/logo\\\/image\\\/\",\"url\":\"https:\\\/\\\/lda-audiotech.com\\\/wp-content\\\/uploads\\\/2017\\\/05\\\/logo-lda-color.png\",\"contentUrl\":\"https:\\\/\\\/lda-audiotech.com\\\/wp-content\\\/uploads\\\/2017\\\/05\\\/logo-lda-color.png\",\"width\":169,\"height\":90,\"caption\":\"LDA Audio Tech\"},\"image\":{\"@id\":\"https:\\\/\\\/lda-audiotech.com\\\/it\\\/#\\\/schema\\\/logo\\\/image\\\/\"},\"sameAs\":[\"https:\\\/\\\/www.facebook.com\\\/LDAaudiotech\\\/\",\"https:\\\/\\\/x.com\\\/LDAAudioTech\",\"https:\\\/\\\/www.linkedin.com\\\/company\\\/lda-audio-tech\",\"https:\\\/\\\/www.youtube.com\\\/user\\\/LDAaudiotech\"]}]}<\/script>\n<!-- \/ Yoast SEO plugin. -->","yoast_head_json":{"title":"Sistemi di PA & allarme vocale per centri logistici - LDA Audio Tech","description":"Siamo esperti in sistemi PA & di evacuazione vocale per centri logistici. Creiamo soluzioni convenienti per i tuoi progetti","robots":{"index":"index","follow":"follow","max-snippet":"max-snippet:-1","max-image-preview":"max-image-preview:large","max-video-preview":"max-video-preview:-1"},"canonical":"https:\/\/lda-audiotech.com\/it\/sistemi-pa-allarme-vocale-per-centri-logistici\/","og_locale":"it_IT","og_type":"article","og_title":"Sistemi di PA & allarme vocale per centri logistici - LDA Audio Tech","og_description":"Siamo esperti in sistemi PA & di evacuazione vocale per centri logistici. Creiamo soluzioni convenienti per i tuoi progetti","og_url":"https:\/\/lda-audiotech.com\/it\/sistemi-pa-allarme-vocale-per-centri-logistici\/","og_site_name":"LDA Audio Tech","article_publisher":"https:\/\/www.facebook.com\/LDAaudiotech\/","article_modified_time":"2026-04-08T08:29:44+00:00","og_image":[{"width":1200,"height":800,"url":"https:\/\/lda-audiotech.com\/wp-content\/uploads\/2019\/07\/centros-logisticos.jpg","type":"image\/jpeg"}],"twitter_card":"summary_large_image","twitter_site":"@LDAAudioTech","twitter_misc":{"Tempo di lettura stimato":"7 minuti"},"schema":{"@context":"https:\/\/schema.org","@graph":[{"@type":"WebPage","@id":"https:\/\/lda-audiotech.com\/it\/sistemi-pa-allarme-vocale-per-centri-logistici\/","url":"https:\/\/lda-audiotech.com\/it\/sistemi-pa-allarme-vocale-per-centri-logistici\/","name":"Sistemi di PA & allarme vocale per centri logistici - LDA Audio Tech","isPartOf":{"@id":"https:\/\/lda-audiotech.com\/it\/#website"},"primaryImageOfPage":{"@id":"https:\/\/lda-audiotech.com\/it\/sistemi-pa-allarme-vocale-per-centri-logistici\/#primaryimage"},"image":{"@id":"https:\/\/lda-audiotech.com\/it\/sistemi-pa-allarme-vocale-per-centri-logistici\/#primaryimage"},"thumbnailUrl":"https:\/\/lda-audiotech.com\/wp-content\/uploads\/2019\/07\/centros-logisticos.jpg","datePublished":"2020-03-03T11:34:30+00:00","dateModified":"2026-04-08T08:29:44+00:00","description":"Siamo esperti in sistemi PA & di evacuazione vocale per centri logistici. Creiamo soluzioni convenienti per i tuoi progetti","breadcrumb":{"@id":"https:\/\/lda-audiotech.com\/it\/sistemi-pa-allarme-vocale-per-centri-logistici\/#breadcrumb"},"inLanguage":"it-IT","potentialAction":[{"@type":"ReadAction","target":["https:\/\/lda-audiotech.com\/it\/sistemi-pa-allarme-vocale-per-centri-logistici\/"]}]},{"@type":"ImageObject","inLanguage":"it-IT","@id":"https:\/\/lda-audiotech.com\/it\/sistemi-pa-allarme-vocale-per-centri-logistici\/#primaryimage","url":"https:\/\/lda-audiotech.com\/wp-content\/uploads\/2019\/07\/centros-logisticos.jpg","contentUrl":"https:\/\/lda-audiotech.com\/wp-content\/uploads\/2019\/07\/centros-logisticos.jpg","width":1200,"height":800},{"@type":"BreadcrumbList","@id":"https:\/\/lda-audiotech.com\/it\/sistemi-pa-allarme-vocale-per-centri-logistici\/#breadcrumb","itemListElement":[{"@type":"ListItem","position":1,"name":"Portada","item":"https:\/\/lda-audiotech.com\/it\/"},{"@type":"ListItem","position":2,"name":"Sistemi di PA &#038; allarme vocale per centri logistici"}]},{"@type":"WebSite","@id":"https:\/\/lda-audiotech.com\/it\/#website","url":"https:\/\/lda-audiotech.com\/it\/","name":"LDA Audio Tech","description":"Integrated Audio Solutions","publisher":{"@id":"https:\/\/lda-audiotech.com\/it\/#organization"},"alternateName":"LDA","potentialAction":[{"@type":"SearchAction","target":{"@type":"EntryPoint","urlTemplate":"https:\/\/lda-audiotech.com\/it\/?s={search_term_string}"},"query-input":{"@type":"PropertyValueSpecification","valueRequired":true,"valueName":"search_term_string"}}],"inLanguage":"it-IT"},{"@type":"Organization","@id":"https:\/\/lda-audiotech.com\/it\/#organization","name":"LDA Audio Tech","alternateName":"LDA","url":"https:\/\/lda-audiotech.com\/it\/","logo":{"@type":"ImageObject","inLanguage":"it-IT","@id":"https:\/\/lda-audiotech.com\/it\/#\/schema\/logo\/image\/","url":"https:\/\/lda-audiotech.com\/wp-content\/uploads\/2017\/05\/logo-lda-color.png","contentUrl":"https:\/\/lda-audiotech.com\/wp-content\/uploads\/2017\/05\/logo-lda-color.png","width":169,"height":90,"caption":"LDA Audio Tech"},"image":{"@id":"https:\/\/lda-audiotech.com\/it\/#\/schema\/logo\/image\/"},"sameAs":["https:\/\/www.facebook.com\/LDAaudiotech\/","https:\/\/x.com\/LDAAudioTech","https:\/\/www.linkedin.com\/company\/lda-audio-tech","https:\/\/www.youtube.com\/user\/LDAaudiotech"]}]}},"_links":{"self":[{"href":"https:\/\/lda-audiotech.com\/it\/wp-json\/wp\/v2\/pages\/30057","targetHints":{"allow":["GET"]}}],"collection":[{"href":"https:\/\/lda-audiotech.com\/it\/wp-json\/wp\/v2\/pages"}],"about":[{"href":"https:\/\/lda-audiotech.com\/it\/wp-json\/wp\/v2\/types\/page"}],"author":[{"embeddable":true,"href":"https:\/\/lda-audiotech.com\/it\/wp-json\/wp\/v2\/users\/46"}],"replies":[{"embeddable":true,"href":"https:\/\/lda-audiotech.com\/it\/wp-json\/wp\/v2\/comments?post=30057"}],"version-history":[{"count":2,"href":"https:\/\/lda-audiotech.com\/it\/wp-json\/wp\/v2\/pages\/30057\/revisions"}],"predecessor-version":[{"id":86250,"href":"https:\/\/lda-audiotech.com\/it\/wp-json\/wp\/v2\/pages\/30057\/revisions\/86250"}],"wp:featuredmedia":[{"embeddable":true,"href":"https:\/\/lda-audiotech.com\/it\/wp-json\/wp\/v2\/media\/29595"}],"wp:attachment":[{"href":"https:\/\/lda-audiotech.com\/it\/wp-json\/wp\/v2\/media?parent=30057"}],"curies":[{"name":"wp","href":"https:\/\/api.w.org\/{rel}","templated":true}]}}