{"id":47200,"date":"2023-11-29T12:46:21","date_gmt":"2023-11-29T11:46:21","guid":{"rendered":"https:\/\/lda-audiotech.com\/?page_id=47200"},"modified":"2024-05-09T12:05:12","modified_gmt":"2024-05-09T10:05:12","slug":"whistleblowing-kanal","status":"publish","type":"page","link":"https:\/\/lda-audiotech.com\/de\/whistleblowing-kanal\/","title":{"rendered":"LDA Audio Tech Whistleblowing-Kanal"},"content":{"rendered":"<div class=\"wpb-content-wrapper\"><p>[vc_row css_animation=&#8220;&#8220; row_type=&#8220;row&#8220; use_row_as_full_screen_section=&#8220;no&#8220; type=&#8220;full_width&#8220; angled_section=&#8220;no&#8220; text_align=&#8220;left&#8220; background_image_as_pattern=&#8220;without_pattern&#8220;][vc_column][vc_column_text]<\/p>\n<h3>Informieren Sie uns mit Sicherheit, Vertrauen und Vertraulichkeit<\/h3>\n<p style=\"margin-top: 1em;\">Der Whistleblowing-Kanal von LDA Audio Tech ist ein Mechanismus f\u00fcr alle Mitglieder unserer Organisation und die Personen, die mit ihr in Verbindung stehen (Lieferanten und Mitarbeiter), um <strong>jede Unregelm\u00e4\u00dfigkeit oder Handlung zu melden<\/strong>, die gegen das Gesetz oder die Regeln <a href=\"https:\/\/lda-audiotech.com\/docs\/brand\/LDA-code-conduct-EN-R0.pdf\" target=\"_blank\" rel=\"noopener\">unseres Ethik-Kodexes verst\u00f6\u00dft<\/a>.<\/p>\n<p style=\"margin-top: 1em;\">Dieser Kanal ist <strong>ein vertrauliches und transparentes Kommunikationsmittel<\/strong>, das eine fr\u00fchzeitige Kl\u00e4rung aller Fragen im Zusammenhang mit dem Geltungsbereich, der Einhaltung oder der Auslegung der f\u00fcr unsere Organisation geltenden Vorschriften sowie insbesondere derjenigen Verhaltensweisen erm\u00f6glicht, die zu einer Straftat f\u00fchren k\u00f6nnten, die eine strafrechtliche Haftung der juristischen Person nach sich ziehen k\u00f6nnte.<\/p>\n<p style=\"margin-top: 1em;\">Wenn Sie mehr wissen m\u00f6chten, <a href=\"https:\/\/lda-audiotech.com\/wp-content\/uploads\/2023\/11\/verfahren-whistleblowing-kanal-LDA-Audio-Tech.pdf\" target=\"_blank\" rel=\"noopener\">k\u00f6nnen Sie hier das vollst\u00e4ndige Verfahren zur Verwaltung dieses Kanals einsehen<\/a>.<\/p>\n<p>[\/vc_column_text][vc_row_inner row_type=&#8220;row&#8220; type=&#8220;full_width&#8220; text_align=&#8220;left&#8220; css_animation=&#8220;&#8220; css=&#8220;.vc_custom_1701256285587{margin-top: 40px !important;margin-bottom: 40px !important;}&#8220;][vc_column_inner width=&#8220;1\/3&#8243;]<div class='q_icon_with_title large normal_icon center '><div class=\"icon_holder \" style=\" \"><span data-icon-type=\"normal\" class=\"qode_iwt_icon_holder q_font_awsome_icon fa-4x  \"><i class=\"qode_icon_font_awesome fa fa-clock-o qode_iwt_icon_element\"><\/i><\/span><\/div><div class=\"icon_text_holder\" style=\"\"><div class=\"icon_text_inner\" style=\"\"><h5 class=\"icon_title\" style=\"\">24\/7 verf\u00fcgbar<\/h5><p style=''><\/p><\/div><\/div><\/div>[\/vc_column_inner][vc_column_inner width=&#8220;1\/3&#8243;]<div class='q_icon_with_title large normal_icon center '><div class=\"icon_holder \" style=\" \"><span data-icon-type=\"normal\" class=\"qode_iwt_icon_holder q_font_awsome_icon fa-4x  \"><i class=\"qode_icon_font_awesome fa fa-shield qode_iwt_icon_element\"><\/i><\/span><\/div><div class=\"icon_text_holder\" style=\"\"><div class=\"icon_text_inner\" style=\"\"><h5 class=\"icon_title\" style=\"\">Sicher<\/h5><p style=''><\/p><\/div><\/div><\/div>[\/vc_column_inner][vc_column_inner width=&#8220;1\/3&#8243;]<div class='q_icon_with_title large normal_icon center '><div class=\"icon_holder \" style=\" \"><span data-icon-type=\"normal\" class=\"qode_iwt_icon_holder q_font_awsome_icon fa-4x  \"><i class=\"qode_icon_font_awesome fa fa-lock qode_iwt_icon_element\"><\/i><\/span><\/div><div class=\"icon_text_holder\" style=\"\"><div class=\"icon_text_inner\" style=\"\"><h5 class=\"icon_title\" style=\"\">Vertraulich<\/h5><p style=''><\/p><\/div><\/div><\/div>[\/vc_column_inner][\/vc_row_inner][\/vc_column][\/vc_row][vc_row css_animation=&#8220;&#8220; row_type=&#8220;row&#8220; use_row_as_full_screen_section=&#8220;no&#8220; type=&#8220;grid&#8220; angled_section=&#8220;no&#8220; text_align=&#8220;center&#8220; background_image_as_pattern=&#8220;without_pattern&#8220; z_index=&#8220;&#8220;][vc_column]<a  itemprop=\"url\" href=\"https:\/\/www.dabocanaldenuncia.com\/ldaaudiotech\" target=\"_blank\"  class=\"qbutton  large center default\" style=\"\">Zugang zu unserem Whistleblowing-Kanal<\/a>[\/vc_column][\/vc_row][vc_row css_animation=&#8220;&#8220; row_type=&#8220;row&#8220; use_row_as_full_screen_section=&#8220;no&#8220; type=&#8220;full_width&#8220; angled_section=&#8220;no&#8220; text_align=&#8220;left&#8220; background_image_as_pattern=&#8220;without_pattern&#8220; css=&#8220;.vc_custom_1701261718130{margin-bottom: 60px !important;}&#8220; z_index=&#8220;&#8220;][vc_column][vc_column_text]<\/p>\n<p>[\/vc_column_text][\/vc_column][\/vc_row]<\/p>\n<\/div>","protected":false},"excerpt":{"rendered":"<p>Informieren Sie uns vertraulich \u00fcber alle Unregelm\u00e4\u00dfigkeiten oder Handlungen, die gegen das Gesetz oder die Regeln des Ethik-Kodex der LDA Audio Tech versto\u00dfen<\/p>\n","protected":false},"author":46,"featured_media":0,"parent":0,"menu_order":0,"comment_status":"closed","ping_status":"closed","template":"","meta":{"_acf_changed":false,"footnotes":""},"class_list":["post-47200","page","type-page","status-publish","hentry"],"acf":[],"yoast_head":"<!-- This site is optimized with the Yoast SEO plugin v27.3 - https:\/\/yoast.com\/product\/yoast-seo-wordpress\/ -->\n<title>LDA Audio Tech Whistleblowing-Kanal - LDA Audio Tech<\/title>\n<meta name=\"description\" content=\"Uns vertraulich \u00fcber Unregelm\u00e4\u00dfigkeiten oder Handlungen zu informieren, die gegen die Regeln unseres Ethik-Kodexes versto\u00dfen\" \/>\n<meta name=\"robots\" content=\"index, follow, max-snippet:-1, max-image-preview:large, max-video-preview:-1\" \/>\n<link rel=\"canonical\" href=\"https:\/\/lda-audiotech.com\/de\/whistleblowing-kanal\/\" \/>\n<meta property=\"og:locale\" content=\"de_DE\" \/>\n<meta property=\"og:type\" content=\"article\" \/>\n<meta property=\"og:title\" content=\"LDA Audio Tech Whistleblowing-Kanal - LDA Audio Tech\" \/>\n<meta property=\"og:description\" content=\"Uns vertraulich \u00fcber Unregelm\u00e4\u00dfigkeiten oder Handlungen zu informieren, die gegen die Regeln unseres Ethik-Kodexes versto\u00dfen\" \/>\n<meta property=\"og:url\" content=\"https:\/\/lda-audiotech.com\/de\/whistleblowing-kanal\/\" \/>\n<meta property=\"og:site_name\" content=\"LDA Audio Tech\" \/>\n<meta property=\"article:publisher\" content=\"https:\/\/www.facebook.com\/LDAaudiotech\/\" \/>\n<meta property=\"article:modified_time\" content=\"2024-05-09T10:05:12+00:00\" \/>\n<meta name=\"twitter:card\" content=\"summary_large_image\" \/>\n<meta name=\"twitter:site\" content=\"@LDAAudioTech\" \/>\n<meta name=\"twitter:label1\" content=\"Gesch\u00e4tzte Lesezeit\" \/>\n\t<meta name=\"twitter:data1\" content=\"1\u00a0Minute\" \/>\n<script type=\"application\/ld+json\" class=\"yoast-schema-graph\">{\"@context\":\"https:\\\/\\\/schema.org\",\"@graph\":[{\"@type\":\"WebPage\",\"@id\":\"https:\\\/\\\/lda-audiotech.com\\\/de\\\/whistleblowing-kanal\\\/\",\"url\":\"https:\\\/\\\/lda-audiotech.com\\\/de\\\/whistleblowing-kanal\\\/\",\"name\":\"LDA Audio Tech Whistleblowing-Kanal - LDA Audio Tech\",\"isPartOf\":{\"@id\":\"https:\\\/\\\/lda-audiotech.com\\\/de\\\/#website\"},\"datePublished\":\"2023-11-29T11:46:21+00:00\",\"dateModified\":\"2024-05-09T10:05:12+00:00\",\"description\":\"Uns vertraulich \u00fcber Unregelm\u00e4\u00dfigkeiten oder Handlungen zu informieren, die gegen die Regeln unseres Ethik-Kodexes versto\u00dfen\",\"breadcrumb\":{\"@id\":\"https:\\\/\\\/lda-audiotech.com\\\/de\\\/whistleblowing-kanal\\\/#breadcrumb\"},\"inLanguage\":\"de\",\"potentialAction\":[{\"@type\":\"ReadAction\",\"target\":[\"https:\\\/\\\/lda-audiotech.com\\\/de\\\/whistleblowing-kanal\\\/\"]}]},{\"@type\":\"BreadcrumbList\",\"@id\":\"https:\\\/\\\/lda-audiotech.com\\\/de\\\/whistleblowing-kanal\\\/#breadcrumb\",\"itemListElement\":[{\"@type\":\"ListItem\",\"position\":1,\"name\":\"Portada\",\"item\":\"https:\\\/\\\/lda-audiotech.com\\\/de\\\/\"},{\"@type\":\"ListItem\",\"position\":2,\"name\":\"LDA Audio Tech Whistleblowing-Kanal\"}]},{\"@type\":\"WebSite\",\"@id\":\"https:\\\/\\\/lda-audiotech.com\\\/de\\\/#website\",\"url\":\"https:\\\/\\\/lda-audiotech.com\\\/de\\\/\",\"name\":\"LDA Audio Tech\",\"description\":\"Integrated Audio Solutions\",\"publisher\":{\"@id\":\"https:\\\/\\\/lda-audiotech.com\\\/de\\\/#organization\"},\"alternateName\":\"LDA\",\"potentialAction\":[{\"@type\":\"SearchAction\",\"target\":{\"@type\":\"EntryPoint\",\"urlTemplate\":\"https:\\\/\\\/lda-audiotech.com\\\/de\\\/?s={search_term_string}\"},\"query-input\":{\"@type\":\"PropertyValueSpecification\",\"valueRequired\":true,\"valueName\":\"search_term_string\"}}],\"inLanguage\":\"de\"},{\"@type\":\"Organization\",\"@id\":\"https:\\\/\\\/lda-audiotech.com\\\/de\\\/#organization\",\"name\":\"LDA Audio Tech\",\"alternateName\":\"LDA\",\"url\":\"https:\\\/\\\/lda-audiotech.com\\\/de\\\/\",\"logo\":{\"@type\":\"ImageObject\",\"inLanguage\":\"de\",\"@id\":\"https:\\\/\\\/lda-audiotech.com\\\/de\\\/#\\\/schema\\\/logo\\\/image\\\/\",\"url\":\"https:\\\/\\\/lda-audiotech.com\\\/wp-content\\\/uploads\\\/2017\\\/05\\\/logo-lda-color.png\",\"contentUrl\":\"https:\\\/\\\/lda-audiotech.com\\\/wp-content\\\/uploads\\\/2017\\\/05\\\/logo-lda-color.png\",\"width\":169,\"height\":90,\"caption\":\"LDA Audio Tech\"},\"image\":{\"@id\":\"https:\\\/\\\/lda-audiotech.com\\\/de\\\/#\\\/schema\\\/logo\\\/image\\\/\"},\"sameAs\":[\"https:\\\/\\\/www.facebook.com\\\/LDAaudiotech\\\/\",\"https:\\\/\\\/x.com\\\/LDAAudioTech\",\"https:\\\/\\\/www.linkedin.com\\\/company\\\/lda-audio-tech\",\"https:\\\/\\\/www.youtube.com\\\/user\\\/LDAaudiotech\"]}]}<\/script>\n<!-- \/ Yoast SEO plugin. -->","yoast_head_json":{"title":"LDA Audio Tech Whistleblowing-Kanal - LDA Audio Tech","description":"Uns vertraulich \u00fcber Unregelm\u00e4\u00dfigkeiten oder Handlungen zu informieren, die gegen die Regeln unseres Ethik-Kodexes versto\u00dfen","robots":{"index":"index","follow":"follow","max-snippet":"max-snippet:-1","max-image-preview":"max-image-preview:large","max-video-preview":"max-video-preview:-1"},"canonical":"https:\/\/lda-audiotech.com\/de\/whistleblowing-kanal\/","og_locale":"de_DE","og_type":"article","og_title":"LDA Audio Tech Whistleblowing-Kanal - LDA Audio Tech","og_description":"Uns vertraulich \u00fcber Unregelm\u00e4\u00dfigkeiten oder Handlungen zu informieren, die gegen die Regeln unseres Ethik-Kodexes versto\u00dfen","og_url":"https:\/\/lda-audiotech.com\/de\/whistleblowing-kanal\/","og_site_name":"LDA Audio Tech","article_publisher":"https:\/\/www.facebook.com\/LDAaudiotech\/","article_modified_time":"2024-05-09T10:05:12+00:00","twitter_card":"summary_large_image","twitter_site":"@LDAAudioTech","twitter_misc":{"Gesch\u00e4tzte Lesezeit":"1\u00a0Minute"},"schema":{"@context":"https:\/\/schema.org","@graph":[{"@type":"WebPage","@id":"https:\/\/lda-audiotech.com\/de\/whistleblowing-kanal\/","url":"https:\/\/lda-audiotech.com\/de\/whistleblowing-kanal\/","name":"LDA Audio Tech Whistleblowing-Kanal - LDA Audio Tech","isPartOf":{"@id":"https:\/\/lda-audiotech.com\/de\/#website"},"datePublished":"2023-11-29T11:46:21+00:00","dateModified":"2024-05-09T10:05:12+00:00","description":"Uns vertraulich \u00fcber Unregelm\u00e4\u00dfigkeiten oder Handlungen zu informieren, die gegen die Regeln unseres Ethik-Kodexes versto\u00dfen","breadcrumb":{"@id":"https:\/\/lda-audiotech.com\/de\/whistleblowing-kanal\/#breadcrumb"},"inLanguage":"de","potentialAction":[{"@type":"ReadAction","target":["https:\/\/lda-audiotech.com\/de\/whistleblowing-kanal\/"]}]},{"@type":"BreadcrumbList","@id":"https:\/\/lda-audiotech.com\/de\/whistleblowing-kanal\/#breadcrumb","itemListElement":[{"@type":"ListItem","position":1,"name":"Portada","item":"https:\/\/lda-audiotech.com\/de\/"},{"@type":"ListItem","position":2,"name":"LDA Audio Tech Whistleblowing-Kanal"}]},{"@type":"WebSite","@id":"https:\/\/lda-audiotech.com\/de\/#website","url":"https:\/\/lda-audiotech.com\/de\/","name":"LDA Audio Tech","description":"Integrated Audio Solutions","publisher":{"@id":"https:\/\/lda-audiotech.com\/de\/#organization"},"alternateName":"LDA","potentialAction":[{"@type":"SearchAction","target":{"@type":"EntryPoint","urlTemplate":"https:\/\/lda-audiotech.com\/de\/?s={search_term_string}"},"query-input":{"@type":"PropertyValueSpecification","valueRequired":true,"valueName":"search_term_string"}}],"inLanguage":"de"},{"@type":"Organization","@id":"https:\/\/lda-audiotech.com\/de\/#organization","name":"LDA Audio Tech","alternateName":"LDA","url":"https:\/\/lda-audiotech.com\/de\/","logo":{"@type":"ImageObject","inLanguage":"de","@id":"https:\/\/lda-audiotech.com\/de\/#\/schema\/logo\/image\/","url":"https:\/\/lda-audiotech.com\/wp-content\/uploads\/2017\/05\/logo-lda-color.png","contentUrl":"https:\/\/lda-audiotech.com\/wp-content\/uploads\/2017\/05\/logo-lda-color.png","width":169,"height":90,"caption":"LDA Audio Tech"},"image":{"@id":"https:\/\/lda-audiotech.com\/de\/#\/schema\/logo\/image\/"},"sameAs":["https:\/\/www.facebook.com\/LDAaudiotech\/","https:\/\/x.com\/LDAAudioTech","https:\/\/www.linkedin.com\/company\/lda-audio-tech","https:\/\/www.youtube.com\/user\/LDAaudiotech"]}]}},"_links":{"self":[{"href":"https:\/\/lda-audiotech.com\/de\/wp-json\/wp\/v2\/pages\/47200","targetHints":{"allow":["GET"]}}],"collection":[{"href":"https:\/\/lda-audiotech.com\/de\/wp-json\/wp\/v2\/pages"}],"about":[{"href":"https:\/\/lda-audiotech.com\/de\/wp-json\/wp\/v2\/types\/page"}],"author":[{"embeddable":true,"href":"https:\/\/lda-audiotech.com\/de\/wp-json\/wp\/v2\/users\/46"}],"replies":[{"embeddable":true,"href":"https:\/\/lda-audiotech.com\/de\/wp-json\/wp\/v2\/comments?post=47200"}],"version-history":[{"count":0,"href":"https:\/\/lda-audiotech.com\/de\/wp-json\/wp\/v2\/pages\/47200\/revisions"}],"wp:attachment":[{"href":"https:\/\/lda-audiotech.com\/de\/wp-json\/wp\/v2\/media?parent=47200"}],"curies":[{"name":"wp","href":"https:\/\/api.w.org\/{rel}","templated":true}]}}