{"id":31098,"date":"2021-04-06T11:51:25","date_gmt":"2021-04-06T09:51:25","guid":{"rendered":"https:\/\/lda-audiotech.com\/?page_id=31098"},"modified":"2023-05-10T09:48:48","modified_gmt":"2023-05-10T07:48:48","slug":"arbeiten-sie-mit-uns","status":"publish","type":"page","link":"https:\/\/lda-audiotech.com\/de\/arbeiten-sie-mit-uns\/","title":{"rendered":"Arbeiten Sie mit uns"},"content":{"rendered":"<div class=\"wpb-content-wrapper\"><p>[vc_row css_animation=&#8220;&#8220; row_type=&#8220;row&#8220; use_row_as_full_screen_section=&#8220;no&#8220; type=&#8220;full_width&#8220; angled_section=&#8220;no&#8220; text_align=&#8220;center&#8220; background_image_as_pattern=&#8220;without_pattern&#8220;][vc_column][vc_row_inner row_type=&#8220;row&#8220; type=&#8220;full_width&#8220; text_align=&#8220;left&#8220; css_animation=&#8220;&#8220; padding_top=&#8220;80&#8243; padding_bottom=&#8220;50&#8243; css=&#8220;.vc_custom_1617696404130{background-color: #f4f4f4 !important;}&#8220;][vc_column_inner][vc_column_text]<\/p>\n<h2 class=\"center\">Werden Sie Teil der LDA-Familie!<\/h2>\n<p>[\/vc_column_text][vc_separator type=&#8220;transparent&#8220; up=&#8220;10&#8243; down=&#8220;10&#8243;]<span class=\"separator_with_icon\" style=\"opacity:0.8\"><i class=\"fa fa-user\"><\/i><\/span>[\/vc_column_inner][\/vc_row_inner][vc_row_inner row_type=&#8220;row&#8220; type=&#8220;grid&#8220; text_align=&#8220;left&#8220; css_animation=&#8220;&#8220; padding_top=&#8220;10&#8243; css=&#8220;.vc_custom_1617699148310{background-color: #f4f4f4 !important;}&#8220;][vc_column_inner][vc_column_text]<strong>LDA ist eines der dynamischsten und innovativsten Unternehmen des Brandschutz- und -sicherheitssektors in Europa.<\/strong> Dies ist nur deshalb m\u00f6glich, weil wir auf einige der besten Fachleute dieses Gebiets z\u00e4hlen k\u00f6nnen. Ingenieure und Techniker, auf die sich unser guter Ruf st\u00fctzt und die wir damit betrauen, alles f\u00fcr unsere Kunden zu tun, was n\u00f6tig ist.<\/p>\n<p>&nbsp;<\/p>\n<p><strong>Unsere kontinuierliche Expansion und Entwicklung erfordert st\u00e4ndig spezialisiertes und motiviertes Personal aus den folgenden Fachbereichen:<\/strong>[\/vc_column_text][vc_empty_space height=&#8220;30px&#8220;][animated_icons_with_text columns=&#8220;three_columns&#8220;][animated_icon_with_text icon=&#8220;fa-camera&#8220; title=&#8220;BILD -UND TONTECHNIKER&#8220; text=&#8220;BILD -UND TONTECHNIKER&#8220;][animated_icon_with_text icon=&#8220;fa-compass&#8220; title=&#8220;PROJEKTINGENIEURE&#8220; text=&#8220;PROJEKTINGENIEURE&#8220; size=&#8220;45&#8243;][animated_icon_with_text icon=&#8220;fa-shopping-bag&#8220; title=&#8220;KAUFLEUTE F\u00dcR DIE GESCH\u00c4FTSENTWICKLUNG&#8220; text=&#8220;KAUFLEUTE F\u00dcR DIE GESCH\u00c4FTSENTWICKLUNG&#8220;][\/animated_icons_with_text][vc_empty_space height=&#8220;30px&#8220;][\/vc_column_inner][\/vc_row_inner][vc_row_inner row_type=&#8220;row&#8220; type=&#8220;full_width&#8220; text_align=&#8220;left&#8220; css_animation=&#8220;&#8220; css=&#8220;.vc_custom_1617697651455{padding-bottom: 80px !important;background-color: #f4f4f4 !important;}&#8220;][vc_column_inner offset=&#8220;vc_hidden-sm vc_hidden-xs&#8220;]<div class=\"container_inner\"><div class=\"call_to_action with_icon\" style=\"\"><div class=\"two_columns_75_25 clearfix\"><div class=\"text_wrapper column1\"><div class=\"call_to_action_icon_holder\"><div class=\"call_to_action_icon\"><div class=\"call_to_action_icon_inner\"><i class='fa fa-envelope-o pull-left . fa-2x'><\/i><\/div><\/div><\/div><div class=\"call_to_action_text  font_size_inherit\" style=\"font-size:18px;\">Wenn das Projekt von LDA Sie motiviert, laden wir Sie ein, uns Ihren Lebenslauf an:<\/div><\/div><div class=\"button_wrapper column2\"><a itemprop=\"url\" href=\"mailto:recruitment@lda-audiotech.com\" class=\"qbutton white \" target=\"_blank\" style=\"\" data-hover-background-color=#ffffff data-hover-border-color=#ffffff data-hover-color=#3a3a3a>recruitment@lda-audiotech.com<\/a><\/div><\/div><\/div><\/div>[\/vc_column_inner][\/vc_row_inner][vc_row_inner row_type=&#8220;row&#8220; type=&#8220;full_width&#8220; text_align=&#8220;center&#8220; css_animation=&#8220;&#8220; css=&#8220;.vc_custom_1617699157989{padding-top: 40px !important;padding-bottom: 40px !important;background-color: #f4f4f4 !important;}&#8220;][vc_column_inner offset=&#8220;vc_hidden-lg vc_hidden-md&#8220; css=&#8220;.vc_custom_1617699205673{padding-bottom: 40px !important;background-color: #f0163a !important;}&#8220;][vc_column_text]<\/p>\n<h4><strong><span style=\"color: #ffffff;\"> Wenn das Projekt von LDA Sie motiviert, laden wir Sie ein, uns Ihren Lebenslauf an:<\/span><\/strong><\/h4>\n<p>[\/vc_column_text][vc_empty_space height=&#8220;30px&#8220;]<a  itemprop=\"url\" href=\"mailto:recruitment@lda-audiotech.com\" target=\"_blank\"  class=\"qbutton  white default\" style=\"\">recruitment@lda-audiotech.com<\/a>[\/vc_column_inner][\/vc_row_inner][\/vc_column][\/vc_row]<\/p>\n<\/div>","protected":false},"excerpt":{"rendered":"<p>Erkunden Sie die internationalen Besch\u00e4ftigungsm\u00f6glichkeiten bei der LDA in den Bereichen Tontechnik, Gesch\u00e4ftsentwicklung und Brandschutz<\/p>\n","protected":false},"author":37,"featured_media":31105,"parent":0,"menu_order":0,"comment_status":"closed","ping_status":"closed","template":"full_width.php","meta":{"_acf_changed":false,"footnotes":""},"class_list":["post-31098","page","type-page","status-publish","has-post-thumbnail","hentry"],"acf":[],"yoast_head":"<!-- This site is optimized with the Yoast SEO plugin v27.3 - https:\/\/yoast.com\/product\/yoast-seo-wordpress\/ -->\n<title>Arbeiten Sie mit uns - LDA Audio Tech<\/title>\n<meta name=\"description\" content=\"Unsere kontinuierliche Expansion und Entwicklung erfordert st\u00e4ndig spezialisiertes und motiviertes Personal. Wenn das Projekt von LDA Sie motiviert, erfahren Sie mehr.\" \/>\n<meta name=\"robots\" content=\"index, follow, max-snippet:-1, max-image-preview:large, max-video-preview:-1\" \/>\n<link rel=\"canonical\" href=\"https:\/\/lda-audiotech.com\/de\/arbeiten-sie-mit-uns\/\" \/>\n<meta property=\"og:locale\" content=\"de_DE\" \/>\n<meta property=\"og:type\" content=\"article\" \/>\n<meta property=\"og:title\" content=\"Arbeiten Sie mit uns - LDA Audio Tech\" \/>\n<meta property=\"og:description\" content=\"Unsere kontinuierliche Expansion und Entwicklung erfordert st\u00e4ndig spezialisiertes und motiviertes Personal. Wenn das Projekt von LDA Sie motiviert, erfahren Sie mehr.\" \/>\n<meta property=\"og:url\" content=\"https:\/\/lda-audiotech.com\/de\/arbeiten-sie-mit-uns\/\" \/>\n<meta property=\"og:site_name\" content=\"LDA Audio Tech\" \/>\n<meta property=\"article:publisher\" content=\"https:\/\/www.facebook.com\/LDAaudiotech\/\" \/>\n<meta property=\"article:modified_time\" content=\"2023-05-10T07:48:48+00:00\" \/>\n<meta property=\"og:image\" content=\"https:\/\/lda-audiotech.com\/wp-content\/uploads\/2021\/04\/recruitment-lda.jpg\" \/>\n\t<meta property=\"og:image:width\" content=\"1920\" \/>\n\t<meta property=\"og:image:height\" content=\"500\" \/>\n\t<meta property=\"og:image:type\" content=\"image\/jpeg\" \/>\n<meta name=\"twitter:card\" content=\"summary_large_image\" \/>\n<meta name=\"twitter:description\" content=\"Unsere kontinuierliche Expansion und Entwicklung erfordert st\u00e4ndig spezialisiertes und motiviertes Personal. Wenn das Projekt von LDA Sie motiviert, erfahren Sie mehr.\" \/>\n<meta name=\"twitter:site\" content=\"@LDAAudioTech\" \/>\n<meta name=\"twitter:label1\" content=\"Gesch\u00e4tzte Lesezeit\" \/>\n\t<meta name=\"twitter:data1\" content=\"1\u00a0Minute\" \/>\n<script type=\"application\/ld+json\" class=\"yoast-schema-graph\">{\"@context\":\"https:\\\/\\\/schema.org\",\"@graph\":[{\"@type\":\"WebPage\",\"@id\":\"https:\\\/\\\/lda-audiotech.com\\\/de\\\/arbeiten-sie-mit-uns\\\/\",\"url\":\"https:\\\/\\\/lda-audiotech.com\\\/de\\\/arbeiten-sie-mit-uns\\\/\",\"name\":\"Arbeiten Sie mit uns - LDA Audio Tech\",\"isPartOf\":{\"@id\":\"https:\\\/\\\/lda-audiotech.com\\\/de\\\/#website\"},\"primaryImageOfPage\":{\"@id\":\"https:\\\/\\\/lda-audiotech.com\\\/de\\\/arbeiten-sie-mit-uns\\\/#primaryimage\"},\"image\":{\"@id\":\"https:\\\/\\\/lda-audiotech.com\\\/de\\\/arbeiten-sie-mit-uns\\\/#primaryimage\"},\"thumbnailUrl\":\"https:\\\/\\\/lda-audiotech.com\\\/wp-content\\\/uploads\\\/2021\\\/04\\\/recruitment-lda.jpg\",\"datePublished\":\"2021-04-06T09:51:25+00:00\",\"dateModified\":\"2023-05-10T07:48:48+00:00\",\"description\":\"Unsere kontinuierliche Expansion und Entwicklung erfordert st\u00e4ndig spezialisiertes und motiviertes Personal. Wenn das Projekt von LDA Sie motiviert, erfahren Sie mehr.\",\"breadcrumb\":{\"@id\":\"https:\\\/\\\/lda-audiotech.com\\\/de\\\/arbeiten-sie-mit-uns\\\/#breadcrumb\"},\"inLanguage\":\"de\",\"potentialAction\":[{\"@type\":\"ReadAction\",\"target\":[\"https:\\\/\\\/lda-audiotech.com\\\/de\\\/arbeiten-sie-mit-uns\\\/\"]}]},{\"@type\":\"ImageObject\",\"inLanguage\":\"de\",\"@id\":\"https:\\\/\\\/lda-audiotech.com\\\/de\\\/arbeiten-sie-mit-uns\\\/#primaryimage\",\"url\":\"https:\\\/\\\/lda-audiotech.com\\\/wp-content\\\/uploads\\\/2021\\\/04\\\/recruitment-lda.jpg\",\"contentUrl\":\"https:\\\/\\\/lda-audiotech.com\\\/wp-content\\\/uploads\\\/2021\\\/04\\\/recruitment-lda.jpg\",\"width\":1920,\"height\":500},{\"@type\":\"BreadcrumbList\",\"@id\":\"https:\\\/\\\/lda-audiotech.com\\\/de\\\/arbeiten-sie-mit-uns\\\/#breadcrumb\",\"itemListElement\":[{\"@type\":\"ListItem\",\"position\":1,\"name\":\"Portada\",\"item\":\"https:\\\/\\\/lda-audiotech.com\\\/de\\\/\"},{\"@type\":\"ListItem\",\"position\":2,\"name\":\"Arbeiten Sie mit uns\"}]},{\"@type\":\"WebSite\",\"@id\":\"https:\\\/\\\/lda-audiotech.com\\\/de\\\/#website\",\"url\":\"https:\\\/\\\/lda-audiotech.com\\\/de\\\/\",\"name\":\"LDA Audio Tech\",\"description\":\"Integrated Audio Solutions\",\"publisher\":{\"@id\":\"https:\\\/\\\/lda-audiotech.com\\\/de\\\/#organization\"},\"alternateName\":\"LDA\",\"potentialAction\":[{\"@type\":\"SearchAction\",\"target\":{\"@type\":\"EntryPoint\",\"urlTemplate\":\"https:\\\/\\\/lda-audiotech.com\\\/de\\\/?s={search_term_string}\"},\"query-input\":{\"@type\":\"PropertyValueSpecification\",\"valueRequired\":true,\"valueName\":\"search_term_string\"}}],\"inLanguage\":\"de\"},{\"@type\":\"Organization\",\"@id\":\"https:\\\/\\\/lda-audiotech.com\\\/de\\\/#organization\",\"name\":\"LDA Audio Tech\",\"alternateName\":\"LDA\",\"url\":\"https:\\\/\\\/lda-audiotech.com\\\/de\\\/\",\"logo\":{\"@type\":\"ImageObject\",\"inLanguage\":\"de\",\"@id\":\"https:\\\/\\\/lda-audiotech.com\\\/de\\\/#\\\/schema\\\/logo\\\/image\\\/\",\"url\":\"https:\\\/\\\/lda-audiotech.com\\\/wp-content\\\/uploads\\\/2017\\\/05\\\/logo-lda-color.png\",\"contentUrl\":\"https:\\\/\\\/lda-audiotech.com\\\/wp-content\\\/uploads\\\/2017\\\/05\\\/logo-lda-color.png\",\"width\":169,\"height\":90,\"caption\":\"LDA Audio Tech\"},\"image\":{\"@id\":\"https:\\\/\\\/lda-audiotech.com\\\/de\\\/#\\\/schema\\\/logo\\\/image\\\/\"},\"sameAs\":[\"https:\\\/\\\/www.facebook.com\\\/LDAaudiotech\\\/\",\"https:\\\/\\\/x.com\\\/LDAAudioTech\",\"https:\\\/\\\/www.linkedin.com\\\/company\\\/lda-audio-tech\",\"https:\\\/\\\/www.youtube.com\\\/user\\\/LDAaudiotech\"]}]}<\/script>\n<!-- \/ Yoast SEO plugin. -->","yoast_head_json":{"title":"Arbeiten Sie mit uns - LDA Audio Tech","description":"Unsere kontinuierliche Expansion und Entwicklung erfordert st\u00e4ndig spezialisiertes und motiviertes Personal. Wenn das Projekt von LDA Sie motiviert, erfahren Sie mehr.","robots":{"index":"index","follow":"follow","max-snippet":"max-snippet:-1","max-image-preview":"max-image-preview:large","max-video-preview":"max-video-preview:-1"},"canonical":"https:\/\/lda-audiotech.com\/de\/arbeiten-sie-mit-uns\/","og_locale":"de_DE","og_type":"article","og_title":"Arbeiten Sie mit uns - LDA Audio Tech","og_description":"Unsere kontinuierliche Expansion und Entwicklung erfordert st\u00e4ndig spezialisiertes und motiviertes Personal. Wenn das Projekt von LDA Sie motiviert, erfahren Sie mehr.","og_url":"https:\/\/lda-audiotech.com\/de\/arbeiten-sie-mit-uns\/","og_site_name":"LDA Audio Tech","article_publisher":"https:\/\/www.facebook.com\/LDAaudiotech\/","article_modified_time":"2023-05-10T07:48:48+00:00","og_image":[{"width":1920,"height":500,"url":"https:\/\/lda-audiotech.com\/wp-content\/uploads\/2021\/04\/recruitment-lda.jpg","type":"image\/jpeg"}],"twitter_card":"summary_large_image","twitter_description":"Unsere kontinuierliche Expansion und Entwicklung erfordert st\u00e4ndig spezialisiertes und motiviertes Personal. Wenn das Projekt von LDA Sie motiviert, erfahren Sie mehr.","twitter_site":"@LDAAudioTech","twitter_misc":{"Gesch\u00e4tzte Lesezeit":"1\u00a0Minute"},"schema":{"@context":"https:\/\/schema.org","@graph":[{"@type":"WebPage","@id":"https:\/\/lda-audiotech.com\/de\/arbeiten-sie-mit-uns\/","url":"https:\/\/lda-audiotech.com\/de\/arbeiten-sie-mit-uns\/","name":"Arbeiten Sie mit uns - LDA Audio Tech","isPartOf":{"@id":"https:\/\/lda-audiotech.com\/de\/#website"},"primaryImageOfPage":{"@id":"https:\/\/lda-audiotech.com\/de\/arbeiten-sie-mit-uns\/#primaryimage"},"image":{"@id":"https:\/\/lda-audiotech.com\/de\/arbeiten-sie-mit-uns\/#primaryimage"},"thumbnailUrl":"https:\/\/lda-audiotech.com\/wp-content\/uploads\/2021\/04\/recruitment-lda.jpg","datePublished":"2021-04-06T09:51:25+00:00","dateModified":"2023-05-10T07:48:48+00:00","description":"Unsere kontinuierliche Expansion und Entwicklung erfordert st\u00e4ndig spezialisiertes und motiviertes Personal. Wenn das Projekt von LDA Sie motiviert, erfahren Sie mehr.","breadcrumb":{"@id":"https:\/\/lda-audiotech.com\/de\/arbeiten-sie-mit-uns\/#breadcrumb"},"inLanguage":"de","potentialAction":[{"@type":"ReadAction","target":["https:\/\/lda-audiotech.com\/de\/arbeiten-sie-mit-uns\/"]}]},{"@type":"ImageObject","inLanguage":"de","@id":"https:\/\/lda-audiotech.com\/de\/arbeiten-sie-mit-uns\/#primaryimage","url":"https:\/\/lda-audiotech.com\/wp-content\/uploads\/2021\/04\/recruitment-lda.jpg","contentUrl":"https:\/\/lda-audiotech.com\/wp-content\/uploads\/2021\/04\/recruitment-lda.jpg","width":1920,"height":500},{"@type":"BreadcrumbList","@id":"https:\/\/lda-audiotech.com\/de\/arbeiten-sie-mit-uns\/#breadcrumb","itemListElement":[{"@type":"ListItem","position":1,"name":"Portada","item":"https:\/\/lda-audiotech.com\/de\/"},{"@type":"ListItem","position":2,"name":"Arbeiten Sie mit uns"}]},{"@type":"WebSite","@id":"https:\/\/lda-audiotech.com\/de\/#website","url":"https:\/\/lda-audiotech.com\/de\/","name":"LDA Audio Tech","description":"Integrated Audio Solutions","publisher":{"@id":"https:\/\/lda-audiotech.com\/de\/#organization"},"alternateName":"LDA","potentialAction":[{"@type":"SearchAction","target":{"@type":"EntryPoint","urlTemplate":"https:\/\/lda-audiotech.com\/de\/?s={search_term_string}"},"query-input":{"@type":"PropertyValueSpecification","valueRequired":true,"valueName":"search_term_string"}}],"inLanguage":"de"},{"@type":"Organization","@id":"https:\/\/lda-audiotech.com\/de\/#organization","name":"LDA Audio Tech","alternateName":"LDA","url":"https:\/\/lda-audiotech.com\/de\/","logo":{"@type":"ImageObject","inLanguage":"de","@id":"https:\/\/lda-audiotech.com\/de\/#\/schema\/logo\/image\/","url":"https:\/\/lda-audiotech.com\/wp-content\/uploads\/2017\/05\/logo-lda-color.png","contentUrl":"https:\/\/lda-audiotech.com\/wp-content\/uploads\/2017\/05\/logo-lda-color.png","width":169,"height":90,"caption":"LDA Audio Tech"},"image":{"@id":"https:\/\/lda-audiotech.com\/de\/#\/schema\/logo\/image\/"},"sameAs":["https:\/\/www.facebook.com\/LDAaudiotech\/","https:\/\/x.com\/LDAAudioTech","https:\/\/www.linkedin.com\/company\/lda-audio-tech","https:\/\/www.youtube.com\/user\/LDAaudiotech"]}]}},"_links":{"self":[{"href":"https:\/\/lda-audiotech.com\/de\/wp-json\/wp\/v2\/pages\/31098","targetHints":{"allow":["GET"]}}],"collection":[{"href":"https:\/\/lda-audiotech.com\/de\/wp-json\/wp\/v2\/pages"}],"about":[{"href":"https:\/\/lda-audiotech.com\/de\/wp-json\/wp\/v2\/types\/page"}],"author":[{"embeddable":true,"href":"https:\/\/lda-audiotech.com\/de\/wp-json\/wp\/v2\/users\/37"}],"replies":[{"embeddable":true,"href":"https:\/\/lda-audiotech.com\/de\/wp-json\/wp\/v2\/comments?post=31098"}],"version-history":[{"count":0,"href":"https:\/\/lda-audiotech.com\/de\/wp-json\/wp\/v2\/pages\/31098\/revisions"}],"wp:featuredmedia":[{"embeddable":true,"href":"https:\/\/lda-audiotech.com\/de\/wp-json\/wp\/v2\/media\/31105"}],"wp:attachment":[{"href":"https:\/\/lda-audiotech.com\/de\/wp-json\/wp\/v2\/media?parent=31098"}],"curies":[{"name":"wp","href":"https:\/\/api.w.org\/{rel}","templated":true}]}}