{"id":27032,"date":"2019-10-25T14:07:19","date_gmt":"2019-10-25T12:07:19","guid":{"rendered":"https:\/\/lda-audiotech.com\/?page_id=27032"},"modified":"2025-05-02T13:46:34","modified_gmt":"2025-05-02T11:46:34","slug":"rechtlicher-hinweis","status":"publish","type":"page","link":"https:\/\/lda-audiotech.com\/de\/rechtlicher-hinweis\/","title":{"rendered":"Rechtlicher Hinweis und Datenschutz"},"content":{"rendered":"<div class=\"wpb-content-wrapper\"><p>[vc_row css_animation=&#8220;&#8220; row_type=&#8220;row&#8220; use_row_as_full_screen_section=&#8220;no&#8220; type=&#8220;full_width&#8220; angled_section=&#8220;no&#8220; text_align=&#8220;left&#8220; background_image_as_pattern=&#8220;without_pattern&#8220; padding_top=&#8220;50&#8243; padding_bottom=&#8220;50&#8243;][vc_column][vc_column_text css=&#8220;&#8220;]<\/p>\n<h3><strong><u>Datenschutzerkl\u00e4rung<\/u><\/strong><\/h3>\n<p>Diese Datenschutzerkl\u00e4rung kl\u00e4rt Sie \u00fcber die Art, den Umfang und Zweck der Verarbeitung von personenbezogenen Daten (nachfolgend kurz \u201eDaten\u201c) innerhalb unseres Onlineangebotes und der mit ihm verbundenen Webseiten, Funktionen und Inhalte sowie externen Onlinepr\u00e4senzen, wie z.B. unser Social Media Profile auf. (nachfolgend gemeinsam bezeichnet als \u201eOnlineangebot\u201c). Im Hinblick auf die verwendeten Begrifflichkeiten, wie z.B. \u201eVerarbeitung\u201c oder \u201eVerantwortlicher\u201c verweisen wir auf die Definitionen im Art. 4 der Datenschutzgrundverordnung (DSGVO).<\/p>\n<p>&nbsp;<\/p>\n<h3>1. VERANTWORTLICH<\/h3>\n<p>&nbsp;<\/p>\n<p>Durch diesen rechtlichen Hinweis und diese Datenschutzrichtlinie wird LDA Audiotech S.L. die Verantwortung, die Strategie zu formulieren und die Unternehmensrichtlinien des Unternehmens zu genehmigen sowie die internen Kontrollsysteme zu organisieren zugesprochen. In Aus\u00fcbung dieser Zust\u00e4ndigkeiten und zur Festlegung der allgemeinen Grunds\u00e4tze f\u00fcr die Verarbeitung personenbezogener Daten bei LDA wird folgendes festgelegt.<\/p>\n<p>Verantwortlich:\u00a0\u00a0\u00a0\u00a0\u00a0\u00a0\u00a0\u00a0\u00a0\u00a0\u00a0\u00a0\u00a0\u00a0\u00a0\u00a0\u00a0\u00a0\u00a0\u00a0\u00a0\u00a0\u00a0\u00a0\u00a0\u00a0\u00a0\u00a0\u00a0\u00a0\u00a0\u00a0\u00a0\u00a0\u00a0\u00a0\u00a0\u00a0\u00a0\u00a0 LDA Audiotech S.L.<br \/>\nAdresse: \u00a0\u00a0\u00a0\u00a0\u00a0\u00a0\u00a0\u00a0\u00a0\u00a0\u00a0\u00a0\u00a0\u00a0\u00a0\u00a0\u00a0\u00a0\u00a0\u00a0\u00a0\u00a0\u00a0\u00a0\u00a0\u00a0\u00a0\u00a0\u00a0\u00a0\u00a0\u00a0\u00a0\u00a0\u00a0\u00a0\u00a0\u00a0\u00a0\u00a0\u00a0\u00a0\u00a0\u00a0\u00a0\u00a0\u00a0\u00a0\u00a0\u00a0 C \/ Severo Ochoa 31, 29593 M\u00e1laga<br \/>\nTelefon: \u00a0\u00a0\u00a0\u00a0\u00a0\u00a0\u00a0\u00a0\u00a0\u00a0\u00a0\u00a0\u00a0\u00a0\u00a0\u00a0\u00a0\u00a0\u00a0\u00a0\u00a0\u00a0\u00a0\u00a0\u00a0\u00a0\u00a0\u00a0\u00a0\u00a0\u00a0\u00a0\u00a0\u00a0\u00a0\u00a0\u00a0\u00a0\u00a0\u00a0\u00a0\u00a0\u00a0\u00a0\u00a0\u00a0\u00a0\u00a0\u00a0\u00a0\u00a0 +34 952028805<br \/>\nE-Mail: \u00a0\u00a0\u00a0\u00a0\u00a0\u00a0\u00a0\u00a0\u00a0\u00a0\u00a0\u00a0\u00a0\u00a0\u00a0\u00a0\u00a0\u00a0\u00a0\u00a0\u00a0\u00a0\u00a0\u00a0\u00a0\u00a0\u00a0\u00a0\u00a0\u00a0\u00a0\u00a0\u00a0\u00a0\u00a0\u00a0\u00a0\u00a0\u00a0\u00a0\u00a0\u00a0\u00a0\u00a0\u00a0\u00a0\u00a0\u00a0\u00a0\u00a0\u00a0\u00a0 <a href=\"mailto:lda-audiotech@lda-audiotech.com\">lda-audiotech@lda-audiotech.com<\/a><\/p>\n<p>&nbsp;<\/p>\n<h3>2. BEARBEITUNG<\/h3>\n<p>&nbsp;<\/p>\n<p>LDA Audiotech S.L. behandelt nur die unten angegebenen pers\u00f6nlichen Daten:<\/p>\n<p><strong>A. \u00dcber unsere Websites gesammelte Daten<\/strong><\/p>\n<p><strong>Zweck:<\/strong> Beantwortung der Anfragen nach Informationen und Kontakten, die \u00fcber die E-Mails und Kontaktformulare auf der Website eingehen. Wenn Sie sich damit einverstanden erkl\u00e4ren, indem Sie diese Datenschutzerkl\u00e4rung auf einem Formular akzeptieren, werden wir Ihre Daten zum Zweck der Zusendung von Informationen \u00fcber unsere Neuigkeiten verarbeiten.<\/p>\n<p><strong>Aufbewahrung<\/strong>: Die personenbezogenen Daten der betroffenen Person werden aufbewahrt, bis die betroffene Person die L\u00f6schung beantragt.<\/p>\n<p><strong>Legitimation:<\/strong> Zustimmung der Interessierten Partei.<\/p>\n<p><strong>Empf\u00e4nger:<\/strong> Die \u00dcbermittlung personenbezogener Daten ist nur in den Fall vorgesehen, die durch eine gesetzliche Verpflichtung festgelegt sind.<\/p>\n<p><strong>Formen der Erlangung<\/strong>: Die von uns verarbeiteten personenbezogenen Daten wurden vom Interessenten erlangt.<\/p>\n<p>Folgende Datenkategorien werden behandelt:<\/p>\n<ul>\n<li>Daten identifizieren<\/li>\n<li>Kontakt Informationen<\/li>\n<\/ul>\n<p>Speziell gesch\u00fctzte Daten werden nicht verarbeitet.<\/p>\n<p>&nbsp;<\/p>\n<p><strong>B. Personalauswahl<\/strong><\/p>\n<p><strong>Zweck:<\/strong> Teilnahme an den Personalauswahlprozessen unseres Unternehmens.<\/p>\n<p><strong>Aufbewahrung:<\/strong> Die personenbezogenen Daten des Bewerbers werden so lange aufbewahrt, bis der Interessent die L\u00f6schung beantragt, in jedem Fall jedoch f\u00fcr einen Zeitraum von h\u00f6chstens zwei Jahren.<\/p>\n<p><strong>Legitimation:<\/strong> Zustimmung des Interessenten.<\/p>\n<p><strong>Empf\u00e4nger:<\/strong> Ihre Daten werden nicht \u00fcbertragen.<\/p>\n<p><strong>Formen der Erlangung:<\/strong> Die personenbezogenen Daten, mit denen wir es zu tun haben, werden von der interessierten Partei \u00fcber die von der interessierten Partei gesendeten oder durchgef\u00fchrten Lehrpl\u00e4ne, Formulare oder Interviews erlangt.<\/p>\n<p>Folgende Datenkategorien werden behandelt:<\/p>\n<ul>\n<li>Daten identifizieren<\/li>\n<li>Pers\u00f6nliche Eigenschaften<\/li>\n<li>Akademische Daten<\/li>\n<li>Daten in Bezug auf die Arbeitshistorie<\/li>\n<\/ul>\n<p>Speziell gesch\u00fctzte Daten werden nicht verarbeitet.<\/p>\n<p>&nbsp;<\/p>\n<p><strong>C. Lieferanten<\/strong><strong><br \/>\n<\/strong><\/p>\n<p><strong>Zweck:<\/strong> Lieferantenmanagement.<\/p>\n<p><strong>Aufbewahrung:<\/strong> Die Daten werden 5 Jahre aufbewahrt (Artikel 1964 des spanischen Zivilgesetzbuchs).<\/p>\n<p><strong>Legitimation:<\/strong> Ausf\u00fchrung des mit dem Lieferanten unterzeichneten Vertrages<\/p>\n<p><strong>Empf\u00e4nger:<\/strong> Die \u00dcbermittlung personenbezogener Daten ist nur in den F\u00e4llen vorgesehen, die durch eine gesetzliche Verpflichtung festgelegt sind.<\/p>\n<p><strong>Formen der Erlangung:<\/strong> Die von uns verarbeiteten personenbezogenen Daten wurden vom Interessenten erlangt.<br \/>\nFolgende Datenkategorien werden behandelt:<\/p>\n<ul>\n<li>Daten identifizieren<\/li>\n<li>Kontakt Informationen<\/li>\n<li>Waren und Dienstleistungen des Lieferanten<\/li>\n<\/ul>\n<p>Speziell gesch\u00fctzte Daten werden nicht verarbeitet.<\/p>\n<p>&nbsp;<\/p>\n<p><strong>\u200b<\/strong><\/p>\n<h3>3. RECHTE DER BETEILIGTEN<\/h3>\n<p>&nbsp;<\/p>\n<ul>\n<li>Sie haben das Recht, eine Best\u00e4tigung dar\u00fcber zu erhalten, wie wir Ihre personenbezogenen Daten behandeln\/verarbeiten.<\/li>\n<li>Die Interessierten Parteien haben das Recht, auf ihre personenbezogenen Daten zuzugreifen sowie die Berichtigung der fehlerhaften Daten oder gegebenenfalls deren L\u00f6schung zu verlangen, wenn die Daten unter anderem f\u00fcr die Zwecke, die erhoben wurden, nicht mehr erforderlich sind .<\/li>\n<li>Unter bestimmten Umst\u00e4nden k\u00f6nnen interessierte Parteien die Beschr\u00e4nkung der Verarbeitung ihrer Daten verlangen. In diesem Fall werden wir sie nur zur Aus\u00fcbung oder Verteidigung von Anspr\u00fcchen aufbewahren.<\/li>\n<li>Unter bestimmten Umst\u00e4nden und aus Gr\u00fcnden, die mit ihrer besonderen Situation zusammenh\u00e4ngen, k\u00f6nnen die interessierten Parteien der Verarbeitung ihrer Daten widersprechen. In diesen F\u00e4llen werden Ihre Daten nur aus legitimen Gr\u00fcnden oder zur Aus\u00fcbung oder Verteidigung m\u00f6glicher Anspr\u00fcche verarbeitet.<\/li>\n<li>Unter bestimmten Umst\u00e4nden haben Sie das Recht, die Sie betreffenden personenbezogenen Daten in einem strukturierten Format der allgemeinen Verwendung und mechanischen Lesung zu erhalten.<\/li>\n<\/ul>\n<p>&nbsp;<\/p>\n<p>Sie k\u00f6nnen Ihre Rechte \u00fcber die in dieser Richtlinie angegebenen Kontaktm\u00f6glichkeiten (E-Mail-Adresse oder pers\u00f6nlich in unseren Einrichtungen) aus\u00fcben. Weitere Informationen zu Ihren Rechten und Zugriffsmodellen f\u00fcr Ihre Aus\u00fcbung erhalten Sie unter der folgenden Webadresse: <a href=\"http:\/\/www.agpd.es\/portalwebAGPD\/CanalDelCiudadano\/derechos\/index-ides-idphp.php\">http:\/\/www.agpd.es\/portalwebAGPD\/CanalDelCiudadano\/derechos\/index-ides-idphp.php<\/a><\/p>\n<p>&nbsp;<\/p>\n<p>Ebenso informieren wir Sie \u00fcber Ihr Recht, eine Klage bei der spanischen Datenschutzbeh\u00f6rde einzureichen, wenn der Antrag auf Aus\u00fcbung eines Rechts nicht ordnungsgem\u00e4\u00df erf\u00fcllt wurde oder wenn Sie aus einem anderen Grund der Ansicht sind, dass Ihre personenbezogenen Daten nicht ordnungsgem\u00e4\u00df behandelt werden. Hierf\u00fcr k\u00f6nnen Sie folgende Webadresse aufrufen: <a href=\"https:\/\/www.aepd.es\/\" target=\"_blank\" rel=\"noopener\">https:\/\/www.aepd.es\/<\/a><\/p>\n<p>&nbsp;<\/p>\n<h3>4. DATENSICHERHEIT<\/h3>\n<p>&nbsp;<\/p>\n<p>LDA Audiotech S.L. informiert Benutzer, die alle technischen und organisatorischen Ma\u00dfnahmen getroffen haben, um die Sicherheit von Dateien mit personenbezogenen Daten gem\u00e4\u00df den geltenden Vorschriften zu gew\u00e4hrleisten.<\/p>\n<p>In \u00dcbereinstimmung mit Artikel 21 des Gesetzes \u00fcber Dienste der Informationsgesellschaft und des elektronischen Gesch\u00e4ftsverkehrs (Gesetz 34\/2002 vom 11. Juli, Dienste der Informationsgesellschaft und des elektronischen Gesch\u00e4ftsverkehrs), das das Versenden von Werbekommunikationen mittels elektronischer Post bisher verbietet wurden von den Adressen nicht ausdr\u00fccklich autorisiert. Gem\u00e4\u00df der neuen Europ\u00e4ischen Verordnung (RGPD) 2016\/279 des Europ\u00e4ischen Parlaments und des Rates vom 27. April 2016 muss der Nutzer, wenn er kommerzielle Informationen erhalten m\u00f6chte, seine ausdr\u00fcckliche und eindeutige Zustimmung \u00fcber unsere Website erteilen.<\/p>\n<p>&nbsp;<\/p>\n<p>&nbsp;<\/p>\n<h3>5. <strong>\u00c4NDERUNG DIESER VERTRAULICHKEITSPOLITIK<\/strong><\/h3>\n<p>&nbsp;<\/p>\n<p>LDA Audiotech beh\u00e4lt sich das Recht vor, die Datenschutzrichtlinie in Zukunft gem\u00e4\u00df den Kriterien oder aufgrund einer \u00c4nderung der Gesetzgebung, der Rechtsprechung oder der Gesch\u00e4ftspraxis zu \u00e4ndern. Wenn LDA Audiotech \u00c4nderungen vornimmt, wird der neue Text auf derselben Seite ver\u00f6ffentlicht, auf der der Benutzer m\u00f6glicherweise Kenntnis von den Datenschutzbestimmungen hat. In jedem Fall unterliegt die Beziehung zum Benutzer den Regeln, die beim Zugriff auf die Website zur Verf\u00fcgung gestellt werden. Sie m\u00fcssen daher jedes Mal gelesen werden, wenn Sie uns Ihre Informationen \u00fcber unsere Website zur Verf\u00fcgung stellen. Die Nutzung der Web-Attribute ist Sache des Nutzers, der die vorliegenden Bedingungen, von denen er Kenntnis genommen hat, akzeptiert.[\/vc_column_text][\/vc_column][\/vc_row]<\/p>\n<\/div>","protected":false},"excerpt":{"rendered":"<p>[vc_row css_animation=&#8220;&#8220; row_type=&#8220;row&#8220; use_row_as_full_screen_section=&#8220;no&#8220; type=&#8220;full_width&#8220; angled_section=&#8220;no&#8220; text_align=&#8220;left&#8220; background_image_as_pattern=&#8220;without_pattern&#8220; padding_top=&#8220;50&#8243; padding_bottom=&#8220;50&#8243;][vc_column][vc_column_text css=&#8220;&#8220;] Datenschutzerkl\u00e4rung Diese Datenschutzerkl\u00e4rung kl\u00e4rt Sie \u00fcber die Art, den Umfang und Zweck der Verarbeitung von personenbezogenen Daten (nachfolgend kurz \u201eDaten\u201c) innerhalb unseres Onlineangebotes und der mit ihm verbundenen Webseiten, Funktionen und Inhalte sowie externen&#8230;<\/p>\n","protected":false},"author":46,"featured_media":0,"parent":0,"menu_order":0,"comment_status":"closed","ping_status":"closed","template":"","meta":{"_acf_changed":false,"footnotes":""},"class_list":["post-27032","page","type-page","status-publish","hentry"],"acf":[],"yoast_head":"<!-- This site is optimized with the Yoast SEO plugin v27.3 - https:\/\/yoast.com\/product\/yoast-seo-wordpress\/ -->\n<title>Rechtlicher Hinweis und Datenschutz - LDA Audio Tech<\/title>\n<meta name=\"robots\" content=\"index, follow, max-snippet:-1, max-image-preview:large, max-video-preview:-1\" \/>\n<link rel=\"canonical\" href=\"https:\/\/lda-audiotech.com\/de\/rechtlicher-hinweis\/\" \/>\n<meta property=\"og:locale\" content=\"de_DE\" \/>\n<meta property=\"og:type\" content=\"article\" \/>\n<meta property=\"og:title\" content=\"Rechtlicher Hinweis und Datenschutz - LDA Audio Tech\" \/>\n<meta property=\"og:description\" content=\"[vc_row css_animation=&#8220;&#8220; row_type=&#8220;row&#8220; use_row_as_full_screen_section=&#8220;no&#8220; type=&#8220;full_width&#8220; angled_section=&#8220;no&#8220; text_align=&#8220;left&#8220; background_image_as_pattern=&#8220;without_pattern&#8220; padding_top=&#8220;50&#8243; padding_bottom=&#8220;50&#8243;][vc_column][vc_column_text css=&#8220;&#8220;] Datenschutzerkl\u00e4rung Diese Datenschutzerkl\u00e4rung kl\u00e4rt Sie \u00fcber die Art, den Umfang und Zweck der Verarbeitung von personenbezogenen Daten (nachfolgend kurz \u201eDaten\u201c) innerhalb unseres Onlineangebotes und der mit ihm verbundenen Webseiten, Funktionen und Inhalte sowie externen...\" \/>\n<meta property=\"og:url\" content=\"https:\/\/lda-audiotech.com\/de\/rechtlicher-hinweis\/\" \/>\n<meta property=\"og:site_name\" content=\"LDA Audio Tech\" \/>\n<meta property=\"article:publisher\" content=\"https:\/\/www.facebook.com\/LDAaudiotech\/\" \/>\n<meta property=\"article:modified_time\" content=\"2025-05-02T11:46:34+00:00\" \/>\n<meta name=\"twitter:card\" content=\"summary_large_image\" \/>\n<meta name=\"twitter:site\" content=\"@LDAAudioTech\" \/>\n<meta name=\"twitter:label1\" content=\"Gesch\u00e4tzte Lesezeit\" \/>\n\t<meta name=\"twitter:data1\" content=\"5\u00a0Minuten\" \/>\n<script type=\"application\/ld+json\" class=\"yoast-schema-graph\">{\"@context\":\"https:\\\/\\\/schema.org\",\"@graph\":[{\"@type\":\"WebPage\",\"@id\":\"https:\\\/\\\/lda-audiotech.com\\\/de\\\/rechtlicher-hinweis\\\/\",\"url\":\"https:\\\/\\\/lda-audiotech.com\\\/de\\\/rechtlicher-hinweis\\\/\",\"name\":\"Rechtlicher Hinweis und Datenschutz - LDA Audio Tech\",\"isPartOf\":{\"@id\":\"https:\\\/\\\/lda-audiotech.com\\\/de\\\/#website\"},\"datePublished\":\"2019-10-25T12:07:19+00:00\",\"dateModified\":\"2025-05-02T11:46:34+00:00\",\"breadcrumb\":{\"@id\":\"https:\\\/\\\/lda-audiotech.com\\\/de\\\/rechtlicher-hinweis\\\/#breadcrumb\"},\"inLanguage\":\"de\",\"potentialAction\":[{\"@type\":\"ReadAction\",\"target\":[\"https:\\\/\\\/lda-audiotech.com\\\/de\\\/rechtlicher-hinweis\\\/\"]}]},{\"@type\":\"BreadcrumbList\",\"@id\":\"https:\\\/\\\/lda-audiotech.com\\\/de\\\/rechtlicher-hinweis\\\/#breadcrumb\",\"itemListElement\":[{\"@type\":\"ListItem\",\"position\":1,\"name\":\"Portada\",\"item\":\"https:\\\/\\\/lda-audiotech.com\\\/de\\\/\"},{\"@type\":\"ListItem\",\"position\":2,\"name\":\"Rechtlicher Hinweis und Datenschutz\"}]},{\"@type\":\"WebSite\",\"@id\":\"https:\\\/\\\/lda-audiotech.com\\\/de\\\/#website\",\"url\":\"https:\\\/\\\/lda-audiotech.com\\\/de\\\/\",\"name\":\"LDA Audio Tech\",\"description\":\"Integrated Audio Solutions\",\"publisher\":{\"@id\":\"https:\\\/\\\/lda-audiotech.com\\\/de\\\/#organization\"},\"alternateName\":\"LDA\",\"potentialAction\":[{\"@type\":\"SearchAction\",\"target\":{\"@type\":\"EntryPoint\",\"urlTemplate\":\"https:\\\/\\\/lda-audiotech.com\\\/de\\\/?s={search_term_string}\"},\"query-input\":{\"@type\":\"PropertyValueSpecification\",\"valueRequired\":true,\"valueName\":\"search_term_string\"}}],\"inLanguage\":\"de\"},{\"@type\":\"Organization\",\"@id\":\"https:\\\/\\\/lda-audiotech.com\\\/de\\\/#organization\",\"name\":\"LDA Audio Tech\",\"alternateName\":\"LDA\",\"url\":\"https:\\\/\\\/lda-audiotech.com\\\/de\\\/\",\"logo\":{\"@type\":\"ImageObject\",\"inLanguage\":\"de\",\"@id\":\"https:\\\/\\\/lda-audiotech.com\\\/de\\\/#\\\/schema\\\/logo\\\/image\\\/\",\"url\":\"https:\\\/\\\/lda-audiotech.com\\\/wp-content\\\/uploads\\\/2017\\\/05\\\/logo-lda-color.png\",\"contentUrl\":\"https:\\\/\\\/lda-audiotech.com\\\/wp-content\\\/uploads\\\/2017\\\/05\\\/logo-lda-color.png\",\"width\":169,\"height\":90,\"caption\":\"LDA Audio Tech\"},\"image\":{\"@id\":\"https:\\\/\\\/lda-audiotech.com\\\/de\\\/#\\\/schema\\\/logo\\\/image\\\/\"},\"sameAs\":[\"https:\\\/\\\/www.facebook.com\\\/LDAaudiotech\\\/\",\"https:\\\/\\\/x.com\\\/LDAAudioTech\",\"https:\\\/\\\/www.linkedin.com\\\/company\\\/lda-audio-tech\",\"https:\\\/\\\/www.youtube.com\\\/user\\\/LDAaudiotech\"]}]}<\/script>\n<!-- \/ Yoast SEO plugin. -->","yoast_head_json":{"title":"Rechtlicher Hinweis und Datenschutz - LDA Audio Tech","robots":{"index":"index","follow":"follow","max-snippet":"max-snippet:-1","max-image-preview":"max-image-preview:large","max-video-preview":"max-video-preview:-1"},"canonical":"https:\/\/lda-audiotech.com\/de\/rechtlicher-hinweis\/","og_locale":"de_DE","og_type":"article","og_title":"Rechtlicher Hinweis und Datenschutz - LDA Audio Tech","og_description":"[vc_row css_animation=&#8220;&#8220; row_type=&#8220;row&#8220; use_row_as_full_screen_section=&#8220;no&#8220; type=&#8220;full_width&#8220; angled_section=&#8220;no&#8220; text_align=&#8220;left&#8220; background_image_as_pattern=&#8220;without_pattern&#8220; padding_top=&#8220;50&#8243; padding_bottom=&#8220;50&#8243;][vc_column][vc_column_text css=&#8220;&#8220;] Datenschutzerkl\u00e4rung Diese Datenschutzerkl\u00e4rung kl\u00e4rt Sie \u00fcber die Art, den Umfang und Zweck der Verarbeitung von personenbezogenen Daten (nachfolgend kurz \u201eDaten\u201c) innerhalb unseres Onlineangebotes und der mit ihm verbundenen Webseiten, Funktionen und Inhalte sowie externen...","og_url":"https:\/\/lda-audiotech.com\/de\/rechtlicher-hinweis\/","og_site_name":"LDA Audio Tech","article_publisher":"https:\/\/www.facebook.com\/LDAaudiotech\/","article_modified_time":"2025-05-02T11:46:34+00:00","twitter_card":"summary_large_image","twitter_site":"@LDAAudioTech","twitter_misc":{"Gesch\u00e4tzte Lesezeit":"5\u00a0Minuten"},"schema":{"@context":"https:\/\/schema.org","@graph":[{"@type":"WebPage","@id":"https:\/\/lda-audiotech.com\/de\/rechtlicher-hinweis\/","url":"https:\/\/lda-audiotech.com\/de\/rechtlicher-hinweis\/","name":"Rechtlicher Hinweis und Datenschutz - LDA Audio Tech","isPartOf":{"@id":"https:\/\/lda-audiotech.com\/de\/#website"},"datePublished":"2019-10-25T12:07:19+00:00","dateModified":"2025-05-02T11:46:34+00:00","breadcrumb":{"@id":"https:\/\/lda-audiotech.com\/de\/rechtlicher-hinweis\/#breadcrumb"},"inLanguage":"de","potentialAction":[{"@type":"ReadAction","target":["https:\/\/lda-audiotech.com\/de\/rechtlicher-hinweis\/"]}]},{"@type":"BreadcrumbList","@id":"https:\/\/lda-audiotech.com\/de\/rechtlicher-hinweis\/#breadcrumb","itemListElement":[{"@type":"ListItem","position":1,"name":"Portada","item":"https:\/\/lda-audiotech.com\/de\/"},{"@type":"ListItem","position":2,"name":"Rechtlicher Hinweis und Datenschutz"}]},{"@type":"WebSite","@id":"https:\/\/lda-audiotech.com\/de\/#website","url":"https:\/\/lda-audiotech.com\/de\/","name":"LDA Audio Tech","description":"Integrated Audio Solutions","publisher":{"@id":"https:\/\/lda-audiotech.com\/de\/#organization"},"alternateName":"LDA","potentialAction":[{"@type":"SearchAction","target":{"@type":"EntryPoint","urlTemplate":"https:\/\/lda-audiotech.com\/de\/?s={search_term_string}"},"query-input":{"@type":"PropertyValueSpecification","valueRequired":true,"valueName":"search_term_string"}}],"inLanguage":"de"},{"@type":"Organization","@id":"https:\/\/lda-audiotech.com\/de\/#organization","name":"LDA Audio Tech","alternateName":"LDA","url":"https:\/\/lda-audiotech.com\/de\/","logo":{"@type":"ImageObject","inLanguage":"de","@id":"https:\/\/lda-audiotech.com\/de\/#\/schema\/logo\/image\/","url":"https:\/\/lda-audiotech.com\/wp-content\/uploads\/2017\/05\/logo-lda-color.png","contentUrl":"https:\/\/lda-audiotech.com\/wp-content\/uploads\/2017\/05\/logo-lda-color.png","width":169,"height":90,"caption":"LDA Audio Tech"},"image":{"@id":"https:\/\/lda-audiotech.com\/de\/#\/schema\/logo\/image\/"},"sameAs":["https:\/\/www.facebook.com\/LDAaudiotech\/","https:\/\/x.com\/LDAAudioTech","https:\/\/www.linkedin.com\/company\/lda-audio-tech","https:\/\/www.youtube.com\/user\/LDAaudiotech"]}]}},"_links":{"self":[{"href":"https:\/\/lda-audiotech.com\/de\/wp-json\/wp\/v2\/pages\/27032","targetHints":{"allow":["GET"]}}],"collection":[{"href":"https:\/\/lda-audiotech.com\/de\/wp-json\/wp\/v2\/pages"}],"about":[{"href":"https:\/\/lda-audiotech.com\/de\/wp-json\/wp\/v2\/types\/page"}],"author":[{"embeddable":true,"href":"https:\/\/lda-audiotech.com\/de\/wp-json\/wp\/v2\/users\/46"}],"replies":[{"embeddable":true,"href":"https:\/\/lda-audiotech.com\/de\/wp-json\/wp\/v2\/comments?post=27032"}],"version-history":[{"count":0,"href":"https:\/\/lda-audiotech.com\/de\/wp-json\/wp\/v2\/pages\/27032\/revisions"}],"wp:attachment":[{"href":"https:\/\/lda-audiotech.com\/de\/wp-json\/wp\/v2\/media?parent=27032"}],"curies":[{"name":"wp","href":"https:\/\/api.w.org\/{rel}","templated":true}]}}