{"id":22908,"date":"2019-10-18T12:58:54","date_gmt":"2019-10-18T10:58:54","guid":{"rendered":"https:\/\/lda-audiotech.com\/?page_id=22908"},"modified":"2023-09-01T13:35:37","modified_gmt":"2023-09-01T11:35:37","slug":"kooperation-mit-graf-meyer","status":"publish","type":"page","link":"https:\/\/lda-audiotech.com\/de\/kooperation-mit-graf-meyer\/","title":{"rendered":"Kooperation mit Gr\u00e4f &#038; Meyer"},"content":{"rendered":"<div class=\"wpb-content-wrapper\"><p>[vc_row css_animation=&#8220;&#8220; row_type=&#8220;row&#8220; use_row_as_full_screen_section=&#8220;no&#8220; type=&#8220;grid&#8220; angled_section=&#8220;no&#8220; text_align=&#8220;left&#8220; background_image_as_pattern=&#8220;without_pattern&#8220; padding_top=&#8220;87&#8243; padding_bottom=&#8220;0&#8243; background_color=&#8220;#ffffff&#8220;][vc_column][vc_column_text]<\/p>\n<h2 class=\"center\">EINIGKEIT IST ST\u00c4RKE<\/h2>\n<p>[\/vc_column_text][vc_separator type=&#8220;small&#8220; position=&#8220;center&#8220; down=&#8220;38&#8243; up=&#8220;7&#8243;][vc_single_image image=&#8220;43578&#8243; img_size=&#8220;large&#8220; alignment=&#8220;center&#8220; qode_css_animation=&#8220;&#8220; css=&#8220;.vc_custom_1676545747478{padding-bottom: 40px !important;}&#8220;][vc_column_text]Die deutsche Gr\u00e4f &amp; Meyer GmbH und die spanische LDA Audio Tech, zwei der europ\u00e4ischen Marktf\u00fchrer in der nach EN 54 zertifizierten Beschallungs- und Sprachevakuierungsbranche, erreichten eine Kooperation auf Unternehmensebene f\u00fcr den Vertrieb und die gemeinsame Produktentwicklung im europ\u00e4ischen Markt.<\/p>\n<p>&nbsp;<\/p>\n<p><span class=\"tlid-translation translation\" lang=\"de\"><span class=\"\" title=\"\">Durch diese Partnerschaft wird Gr\u00e4f &amp; Meyer GmbH zum neuen LDA Audio Tech-Standort und somit zust\u00e4ndig f\u00fcr den Zentraleurop\u00e4ischen Markt.\u00a0<\/span><\/span><\/p>\n<p>&nbsp;<\/p>\n<p>Dank dieser Allianz werden die Produkte von LDA Audio Tech an die Bed\u00fcrfnisse des europ\u00e4ischen Marktes angepasst. Die Gr\u00e4f &amp; Meyer GmbH wird zuk\u00fcnftig LDA Audio Tech in den folgenden M\u00e4rkten representieren und \u00fcbernimmt zus\u00e4tzlich den damit verbundenen Schulungs- und Produktsupport (Deutschland, Luxemburg, den Niederlanden, Belgien, \u00d6sterreich und der Schweiz).<\/p>\n<p>&nbsp;<\/p>\n<p>Das Portfolio der Gr\u00e4f &amp; Meyer GmbH wird mit den innovativen LDA Produkten erweitert, welches die Markenpr\u00e4senz der LDA Brand im deutschen Einflussbereich erh\u00f6ht.<\/p>\n<p>&nbsp;<\/p>\n<p>Die Vereinbarung kommt nach mehrj\u00e4hriger Zusammenarbeit beider Unternehmen zustande. Im Jahr 2014 wurden die ersten Kontakte gekn\u00fcpft und die M\u00f6glichkeiten der Zusammenarbeit in Bezug auf Produktentwicklung, Schl\u00fcsselm\u00e4rkte, Marktentwicklung und gemeinsamen Vertriebsstrategien untersucht.<\/p>\n<p>&nbsp;<\/p>\n<p>W\u00e4hrend dieses Prozesses wurden die jeweiligen Technologien und der Know-how in Bezug auf den EN 54-Markt ausgetauscht und der Grundstein f\u00fcr die Entwicklung gemeinsamer Gesch\u00e4ftsbereiche in Europa gelegt.<\/p>\n<p>&nbsp;<\/p>\n<p>F\u00fcr die Zukunft planen LDA Audio Tech und Gr\u00e4f &amp; Meyer ihre Partnerschaft weiter auszubauen, um sich auf die jeweiligen St\u00e4rken im Sinne der Kundenanforderungen zu fokussieren.[\/vc_column_text][vc_row_inner row_type=&#8220;row&#8220; type=&#8220;full_width&#8220; text_align=&#8220;left&#8220; css_animation=&#8220;&#8220;][vc_column_inner width=&#8220;1\/4&#8243;][\/vc_column_inner][vc_column_inner width=&#8220;3\/4&#8243;][\/vc_column_inner][\/vc_row_inner][vc_separator type=&#8220;transparent&#8220; up=&#8220;35&#8243; down=&#8220;17&#8243;][\/vc_column][\/vc_row]<\/p>\n<\/div>","protected":false},"excerpt":{"rendered":"<p>[vc_row css_animation=&#8220;&#8220; row_type=&#8220;row&#8220; use_row_as_full_screen_section=&#8220;no&#8220; type=&#8220;grid&#8220; angled_section=&#8220;no&#8220; text_align=&#8220;left&#8220; background_image_as_pattern=&#8220;without_pattern&#8220; padding_top=&#8220;87&#8243; padding_bottom=&#8220;0&#8243; background_color=&#8220;#ffffff&#8220;][vc_column][vc_column_text] EINIGKEIT IST ST\u00c4RKE [\/vc_column_text][vc_separator type=&#8220;small&#8220; position=&#8220;center&#8220; down=&#8220;38&#8243; up=&#8220;7&#8243;][vc_single_image image=&#8220;43578&#8243; img_size=&#8220;large&#8220; alignment=&#8220;center&#8220; qode_css_animation=&#8220;&#8220; css=&#8220;.vc_custom_1676545747478{padding-bottom: 40px !important;}&#8220;][vc_column_text]Die deutsche Gr\u00e4f &amp; Meyer GmbH und die spanische LDA Audio Tech, zwei der europ\u00e4ischen Marktf\u00fchrer in der nach EN&#8230;<\/p>\n","protected":false},"author":46,"featured_media":0,"parent":0,"menu_order":0,"comment_status":"open","ping_status":"closed","template":"full_width.php","meta":{"_acf_changed":false,"footnotes":""},"class_list":["post-22908","page","type-page","status-publish","hentry"],"acf":[],"yoast_head":"<!-- This site is optimized with the Yoast SEO plugin v27.3 - https:\/\/yoast.com\/product\/yoast-seo-wordpress\/ -->\n<title>Kooperation mit Gr\u00e4f &amp; Meyer - LDA Audio Tech<\/title>\n<meta name=\"description\" content=\"LDA Audio Tech und Gr\u00e4f &amp; Meyer sind Partner f\u00fcr die Vermarktung von Beschallungs- und Sprachevakuierungsprodukten in Zentraleuropa\" \/>\n<meta name=\"robots\" content=\"index, follow, max-snippet:-1, max-image-preview:large, max-video-preview:-1\" \/>\n<link rel=\"canonical\" href=\"https:\/\/lda-audiotech.com\/de\/kooperation-mit-graf-meyer\/\" \/>\n<meta property=\"og:locale\" content=\"de_DE\" \/>\n<meta property=\"og:type\" content=\"article\" \/>\n<meta property=\"og:title\" content=\"Kooperation mit Gr\u00e4f &amp; Meyer - LDA Audio Tech\" \/>\n<meta property=\"og:description\" content=\"LDA Audio Tech und Gr\u00e4f &amp; Meyer sind Partner f\u00fcr die Vermarktung von Beschallungs- und Sprachevakuierungsprodukten in Zentraleuropa\" \/>\n<meta property=\"og:url\" content=\"https:\/\/lda-audiotech.com\/de\/kooperation-mit-graf-meyer\/\" \/>\n<meta property=\"og:site_name\" content=\"LDA Audio Tech\" \/>\n<meta property=\"article:publisher\" content=\"https:\/\/www.facebook.com\/LDAaudiotech\/\" \/>\n<meta property=\"article:modified_time\" content=\"2023-09-01T11:35:37+00:00\" \/>\n<meta name=\"twitter:card\" content=\"summary_large_image\" \/>\n<meta name=\"twitter:site\" content=\"@LDAAudioTech\" \/>\n<meta name=\"twitter:label1\" content=\"Gesch\u00e4tzte Lesezeit\" \/>\n\t<meta name=\"twitter:data1\" content=\"2\u00a0Minuten\" \/>\n<script type=\"application\/ld+json\" class=\"yoast-schema-graph\">{\"@context\":\"https:\\\/\\\/schema.org\",\"@graph\":[{\"@type\":\"WebPage\",\"@id\":\"https:\\\/\\\/lda-audiotech.com\\\/de\\\/kooperation-mit-graf-meyer\\\/\",\"url\":\"https:\\\/\\\/lda-audiotech.com\\\/de\\\/kooperation-mit-graf-meyer\\\/\",\"name\":\"Kooperation mit Gr\u00e4f & Meyer - LDA Audio Tech\",\"isPartOf\":{\"@id\":\"https:\\\/\\\/lda-audiotech.com\\\/de\\\/#website\"},\"datePublished\":\"2019-10-18T10:58:54+00:00\",\"dateModified\":\"2023-09-01T11:35:37+00:00\",\"description\":\"LDA Audio Tech und Gr\u00e4f & Meyer sind Partner f\u00fcr die Vermarktung von Beschallungs- und Sprachevakuierungsprodukten in Zentraleuropa\",\"breadcrumb\":{\"@id\":\"https:\\\/\\\/lda-audiotech.com\\\/de\\\/kooperation-mit-graf-meyer\\\/#breadcrumb\"},\"inLanguage\":\"de\",\"potentialAction\":[{\"@type\":\"ReadAction\",\"target\":[\"https:\\\/\\\/lda-audiotech.com\\\/de\\\/kooperation-mit-graf-meyer\\\/\"]}]},{\"@type\":\"BreadcrumbList\",\"@id\":\"https:\\\/\\\/lda-audiotech.com\\\/de\\\/kooperation-mit-graf-meyer\\\/#breadcrumb\",\"itemListElement\":[{\"@type\":\"ListItem\",\"position\":1,\"name\":\"Portada\",\"item\":\"https:\\\/\\\/lda-audiotech.com\\\/de\\\/\"},{\"@type\":\"ListItem\",\"position\":2,\"name\":\"Kooperation mit Gr\u00e4f &#038; Meyer\"}]},{\"@type\":\"WebSite\",\"@id\":\"https:\\\/\\\/lda-audiotech.com\\\/de\\\/#website\",\"url\":\"https:\\\/\\\/lda-audiotech.com\\\/de\\\/\",\"name\":\"LDA Audio Tech\",\"description\":\"Integrated Audio Solutions\",\"publisher\":{\"@id\":\"https:\\\/\\\/lda-audiotech.com\\\/de\\\/#organization\"},\"alternateName\":\"LDA\",\"potentialAction\":[{\"@type\":\"SearchAction\",\"target\":{\"@type\":\"EntryPoint\",\"urlTemplate\":\"https:\\\/\\\/lda-audiotech.com\\\/de\\\/?s={search_term_string}\"},\"query-input\":{\"@type\":\"PropertyValueSpecification\",\"valueRequired\":true,\"valueName\":\"search_term_string\"}}],\"inLanguage\":\"de\"},{\"@type\":\"Organization\",\"@id\":\"https:\\\/\\\/lda-audiotech.com\\\/de\\\/#organization\",\"name\":\"LDA Audio Tech\",\"alternateName\":\"LDA\",\"url\":\"https:\\\/\\\/lda-audiotech.com\\\/de\\\/\",\"logo\":{\"@type\":\"ImageObject\",\"inLanguage\":\"de\",\"@id\":\"https:\\\/\\\/lda-audiotech.com\\\/de\\\/#\\\/schema\\\/logo\\\/image\\\/\",\"url\":\"https:\\\/\\\/lda-audiotech.com\\\/wp-content\\\/uploads\\\/2017\\\/05\\\/logo-lda-color.png\",\"contentUrl\":\"https:\\\/\\\/lda-audiotech.com\\\/wp-content\\\/uploads\\\/2017\\\/05\\\/logo-lda-color.png\",\"width\":169,\"height\":90,\"caption\":\"LDA Audio Tech\"},\"image\":{\"@id\":\"https:\\\/\\\/lda-audiotech.com\\\/de\\\/#\\\/schema\\\/logo\\\/image\\\/\"},\"sameAs\":[\"https:\\\/\\\/www.facebook.com\\\/LDAaudiotech\\\/\",\"https:\\\/\\\/x.com\\\/LDAAudioTech\",\"https:\\\/\\\/www.linkedin.com\\\/company\\\/lda-audio-tech\",\"https:\\\/\\\/www.youtube.com\\\/user\\\/LDAaudiotech\"]}]}<\/script>\n<!-- \/ Yoast SEO plugin. -->","yoast_head_json":{"title":"Kooperation mit Gr\u00e4f & Meyer - LDA Audio Tech","description":"LDA Audio Tech und Gr\u00e4f & Meyer sind Partner f\u00fcr die Vermarktung von Beschallungs- und Sprachevakuierungsprodukten in Zentraleuropa","robots":{"index":"index","follow":"follow","max-snippet":"max-snippet:-1","max-image-preview":"max-image-preview:large","max-video-preview":"max-video-preview:-1"},"canonical":"https:\/\/lda-audiotech.com\/de\/kooperation-mit-graf-meyer\/","og_locale":"de_DE","og_type":"article","og_title":"Kooperation mit Gr\u00e4f & Meyer - LDA Audio Tech","og_description":"LDA Audio Tech und Gr\u00e4f & Meyer sind Partner f\u00fcr die Vermarktung von Beschallungs- und Sprachevakuierungsprodukten in Zentraleuropa","og_url":"https:\/\/lda-audiotech.com\/de\/kooperation-mit-graf-meyer\/","og_site_name":"LDA Audio Tech","article_publisher":"https:\/\/www.facebook.com\/LDAaudiotech\/","article_modified_time":"2023-09-01T11:35:37+00:00","twitter_card":"summary_large_image","twitter_site":"@LDAAudioTech","twitter_misc":{"Gesch\u00e4tzte Lesezeit":"2\u00a0Minuten"},"schema":{"@context":"https:\/\/schema.org","@graph":[{"@type":"WebPage","@id":"https:\/\/lda-audiotech.com\/de\/kooperation-mit-graf-meyer\/","url":"https:\/\/lda-audiotech.com\/de\/kooperation-mit-graf-meyer\/","name":"Kooperation mit Gr\u00e4f & Meyer - LDA Audio Tech","isPartOf":{"@id":"https:\/\/lda-audiotech.com\/de\/#website"},"datePublished":"2019-10-18T10:58:54+00:00","dateModified":"2023-09-01T11:35:37+00:00","description":"LDA Audio Tech und Gr\u00e4f & Meyer sind Partner f\u00fcr die Vermarktung von Beschallungs- und Sprachevakuierungsprodukten in Zentraleuropa","breadcrumb":{"@id":"https:\/\/lda-audiotech.com\/de\/kooperation-mit-graf-meyer\/#breadcrumb"},"inLanguage":"de","potentialAction":[{"@type":"ReadAction","target":["https:\/\/lda-audiotech.com\/de\/kooperation-mit-graf-meyer\/"]}]},{"@type":"BreadcrumbList","@id":"https:\/\/lda-audiotech.com\/de\/kooperation-mit-graf-meyer\/#breadcrumb","itemListElement":[{"@type":"ListItem","position":1,"name":"Portada","item":"https:\/\/lda-audiotech.com\/de\/"},{"@type":"ListItem","position":2,"name":"Kooperation mit Gr\u00e4f &#038; Meyer"}]},{"@type":"WebSite","@id":"https:\/\/lda-audiotech.com\/de\/#website","url":"https:\/\/lda-audiotech.com\/de\/","name":"LDA Audio Tech","description":"Integrated Audio Solutions","publisher":{"@id":"https:\/\/lda-audiotech.com\/de\/#organization"},"alternateName":"LDA","potentialAction":[{"@type":"SearchAction","target":{"@type":"EntryPoint","urlTemplate":"https:\/\/lda-audiotech.com\/de\/?s={search_term_string}"},"query-input":{"@type":"PropertyValueSpecification","valueRequired":true,"valueName":"search_term_string"}}],"inLanguage":"de"},{"@type":"Organization","@id":"https:\/\/lda-audiotech.com\/de\/#organization","name":"LDA Audio Tech","alternateName":"LDA","url":"https:\/\/lda-audiotech.com\/de\/","logo":{"@type":"ImageObject","inLanguage":"de","@id":"https:\/\/lda-audiotech.com\/de\/#\/schema\/logo\/image\/","url":"https:\/\/lda-audiotech.com\/wp-content\/uploads\/2017\/05\/logo-lda-color.png","contentUrl":"https:\/\/lda-audiotech.com\/wp-content\/uploads\/2017\/05\/logo-lda-color.png","width":169,"height":90,"caption":"LDA Audio Tech"},"image":{"@id":"https:\/\/lda-audiotech.com\/de\/#\/schema\/logo\/image\/"},"sameAs":["https:\/\/www.facebook.com\/LDAaudiotech\/","https:\/\/x.com\/LDAAudioTech","https:\/\/www.linkedin.com\/company\/lda-audio-tech","https:\/\/www.youtube.com\/user\/LDAaudiotech"]}]}},"_links":{"self":[{"href":"https:\/\/lda-audiotech.com\/de\/wp-json\/wp\/v2\/pages\/22908","targetHints":{"allow":["GET"]}}],"collection":[{"href":"https:\/\/lda-audiotech.com\/de\/wp-json\/wp\/v2\/pages"}],"about":[{"href":"https:\/\/lda-audiotech.com\/de\/wp-json\/wp\/v2\/types\/page"}],"author":[{"embeddable":true,"href":"https:\/\/lda-audiotech.com\/de\/wp-json\/wp\/v2\/users\/46"}],"replies":[{"embeddable":true,"href":"https:\/\/lda-audiotech.com\/de\/wp-json\/wp\/v2\/comments?post=22908"}],"version-history":[{"count":0,"href":"https:\/\/lda-audiotech.com\/de\/wp-json\/wp\/v2\/pages\/22908\/revisions"}],"wp:attachment":[{"href":"https:\/\/lda-audiotech.com\/de\/wp-json\/wp\/v2\/media?parent=22908"}],"curies":[{"name":"wp","href":"https:\/\/api.w.org\/{rel}","templated":true}]}}