{"id":22622,"date":"2019-10-14T12:24:05","date_gmt":"2019-10-14T10:24:05","guid":{"rendered":"https:\/\/lda-audiotech.com\/?page_id=22622"},"modified":"2026-04-08T10:16:07","modified_gmt":"2026-04-08T08:16:07","slug":"sprachalarmsystem-flughaefen","status":"publish","type":"page","link":"https:\/\/lda-audiotech.com\/de\/sprachalarmsystem-flughaefen\/","title":{"rendered":"Sprachalarm- und Beschallungssysteme f\u00fcr Flugh\u00e4fen"},"content":{"rendered":"<div class=\"wpb-content-wrapper\"><p>[vc_row css_animation=&#8220;&#8220; row_type=&#8220;row&#8220; use_row_as_full_screen_section=&#8220;no&#8220; type=&#8220;grid&#8220; in_content_menu=&#8220;in_content_menu&#8220; content_menu_icon=&#8220;fa-info&#8220; angled_section=&#8220;no&#8220; text_align=&#8220;center&#8220; background_image_as_pattern=&#8220;without_pattern&#8220; padding_top=&#8220;75&#8243; padding_bottom=&#8220;75&#8243; anchor=&#8220;Introducci\u00f3n&#8220; content_menu_title=&#8220;Introducci\u00f3n&#8220;][vc_column][vc_column_text css=&#8220;&#8220;]<\/p>\n<h1>SPRACHALARM- UND BESCHALLUNGSSYSTEME F\u00dcR FLUGH\u00c4FEN<\/h1>\n<p>[\/vc_column_text][vc_separator type=&#8220;small&#8220; position=&#8220;center&#8220; width_in_percentages=&#8220;yes&#8220; thickness=&#8220;3&#8243; up=&#8220;20&#8243; down=&#8220;20&#8243; transparency=&#8220;1&#8243; width=&#8220;15&#8243;][vc_column_text]Wir, bei LDA, sind<strong> Experten f\u00fcr <\/strong>Sprachevakuierungs- und Beschallungssysteme f\u00fcr Flugh\u00e4fen. Daher k\u00f6nnen wir Ihnen helfen, die wettbewerbsf\u00e4higste, individuell auf Ihre Bed\u00fcrfnisse zugeschnittene L\u00f6sung zu finden.[\/vc_column_text][\/vc_column][\/vc_row][vc_row css_animation=&#8220;&#8220; row_type=&#8220;row&#8220; use_row_as_full_screen_section=&#8220;no&#8220; type=&#8220;grid&#8220; angled_section=&#8220;no&#8220; text_align=&#8220;left&#8220; background_image_as_pattern=&#8220;without_pattern&#8220;][vc_column][vc_column_text]<\/p>\n<h2 style=\"text-align: center;\">Unsere Referenzen<\/h2>\n<p>[\/vc_column_text][vc_separator type=&#8220;small&#8220; position=&#8220;center&#8220; up=&#8220;7&#8243; down=&#8220;38&#8243;]<div class='portfolio_slider_holder clearfix'><div class='portfolio_slider'  ><ul class='portfolio_slides'><li class='item'><div class='image_holder'><span class='image'><span class='image_pixel_hover'><\/span><a itemprop='url' href='https:\/\/lda-audiotech.com\/de\/portfolio_page\/bilbao-airport\/' target='_self'><img decoding=\"async\" width=\"500\" height=\"380\" src=\"https:\/\/lda-audiotech.com\/wp-content\/uploads\/2023\/05\/aeropuerto-Bilbao-LDA-References-01-500x380.jpg\" class=\"attachment-portfolio_slider size-portfolio_slider wp-post-image\" alt=\"\" \/><\/a><\/span><div class='hover_feature_holder'><div class=\"hover_feature_holder_outer\"><div class=\"hover_feature_holder_inner\"><h3 itemprop=\"name\" class=\"portfolio_title entry_title\"><a itemprop=\"url\" href=\"https:\/\/lda-audiotech.com\/de\/portfolio_page\/bilbao-airport\/\" target=\"_self\">Bilbao Airport<\/a><\/h3><span class=\"separator small\"><\/span><div class=\"project_category\">Flugh\u00e4fen<\/div><a itemprop='image' class='lightbox qbutton white small' title='Bilbao Airport' href='https:\/\/lda-audiotech.com\/wp-content\/uploads\/2023\/05\/aeropuerto-Bilbao-LDA-References-01-500x380.jpg' data-rel='prettyPhoto[portfolio_slider]'>zoom<\/a><a itemprop=\"url\" href=\"https:\/\/lda-audiotech.com\/de\/portfolio_page\/bilbao-airport\/\" target=\"_self\" class=\"qbutton white small\">sehen<\/a><\/div><\/div><\/div><\/div><\/li><li class='item'><div class='image_holder'><span class='image'><span class='image_pixel_hover'><\/span><a itemprop='url' href='https:\/\/lda-audiotech.com\/de\/portfolio_page\/palmerola-international-airport\/' target='_self'><img decoding=\"async\" width=\"500\" height=\"380\" src=\"https:\/\/lda-audiotech.com\/wp-content\/uploads\/2022\/06\/Palmerola-Airport-LDA-references-01-500x380.jpg\" class=\"attachment-portfolio_slider size-portfolio_slider wp-post-image\" alt=\"Palmerola Airport - LDA References\" \/><\/a><\/span><div class='hover_feature_holder'><div class=\"hover_feature_holder_outer\"><div class=\"hover_feature_holder_inner\"><h3 itemprop=\"name\" class=\"portfolio_title entry_title\"><a itemprop=\"url\" href=\"https:\/\/lda-audiotech.com\/de\/portfolio_page\/palmerola-international-airport\/\" target=\"_self\">Palmerola International Airport<\/a><\/h3><span class=\"separator small\"><\/span><div class=\"project_category\">Flugh\u00e4fen<\/div><a itemprop='image' class='lightbox qbutton white small' title='Palmerola International Airport' href='https:\/\/lda-audiotech.com\/wp-content\/uploads\/2022\/06\/Palmerola-Airport-LDA-references-01-500x380.jpg' data-rel='prettyPhoto[portfolio_slider]'>zoom<\/a><a itemprop=\"url\" href=\"https:\/\/lda-audiotech.com\/de\/portfolio_page\/palmerola-international-airport\/\" target=\"_self\" class=\"qbutton white small\">sehen<\/a><\/div><\/div><\/div><\/div><\/li><li class='item'><div class='image_holder'><span class='image'><span class='image_pixel_hover'><\/span><a itemprop='url' href='https:\/\/lda-audiotech.com\/de\/portfolio_page\/adolfo-suarez-madrid-barajas-airport\/' target='_self'><img decoding=\"async\" width=\"500\" height=\"380\" src=\"https:\/\/lda-audiotech.com\/wp-content\/uploads\/2017\/10\/madrid_barajas_spain_airport-500x380.jpg\" class=\"attachment-portfolio_slider size-portfolio_slider wp-post-image\" alt=\"\" \/><\/a><\/span><div class='hover_feature_holder'><div class=\"hover_feature_holder_outer\"><div class=\"hover_feature_holder_inner\"><h3 itemprop=\"name\" class=\"portfolio_title entry_title\"><a itemprop=\"url\" href=\"https:\/\/lda-audiotech.com\/de\/portfolio_page\/adolfo-suarez-madrid-barajas-airport\/\" target=\"_self\">Adolfo Su\u00e1rez Madrid-Barajas Airport<\/a><\/h3><span class=\"separator small\"><\/span><div class=\"project_category\">Flugh\u00e4fen<\/div><a itemprop='image' class='lightbox qbutton white small' title='Adolfo Su\u00e1rez Madrid-Barajas Airport' href='https:\/\/lda-audiotech.com\/wp-content\/uploads\/2017\/10\/madrid_barajas_spain_airport-500x380.jpg' data-rel='prettyPhoto[portfolio_slider]'>zoom<\/a><a itemprop=\"url\" href=\"https:\/\/lda-audiotech.com\/de\/portfolio_page\/adolfo-suarez-madrid-barajas-airport\/\" target=\"_self\" class=\"qbutton white small\">sehen<\/a><\/div><\/div><\/div><\/div><\/li><\/ul><\/div><\/div>[vc_empty_space][vc_column_text]<\/p>\n<p style=\"text-align: center;\"><a class=\"qbutton large center\" href=\"https:\/\/lda-audiotech.com\/descargas\/references\/lda_audio_tech-references_en.pdf\" target=\"_blank\" rel=\"noopener noreferrer\">Vollst\u00e4ndige Liste der Referenzen herunterladen<\/a><\/p>\n<p>[\/vc_column_text][\/vc_column][\/vc_row][vc_row css_animation=&#8220;&#8220; row_type=&#8220;row&#8220; use_row_as_full_screen_section=&#8220;no&#8220; type=&#8220;full_width&#8220; angled_section=&#8220;no&#8220; text_align=&#8220;left&#8220; background_image_as_pattern=&#8220;without_pattern&#8220;][vc_column][vc_empty_space height=&#8220;20px&#8220;][\/vc_column][\/vc_row][vc_row css_animation=&#8220;&#8220; row_type=&#8220;row&#8220; use_row_as_full_screen_section=&#8220;no&#8220; type=&#8220;full_width&#8220; angled_section=&#8220;no&#8220; text_align=&#8220;left&#8220; background_image_as_pattern=&#8220;without_pattern&#8220; background_color=&#8220;#f0163a&#8220;][vc_column][vc_empty_space height=&#8220;80px&#8220;][\/vc_column][\/vc_row][vc_row css_animation=&#8220;&#8220; row_type=&#8220;row&#8220; use_row_as_full_screen_section=&#8220;no&#8220; type=&#8220;grid&#8220; in_content_menu=&#8220;in_content_menu&#8220; content_menu_icon=&#8220;fa-th-large&#8220; angled_section=&#8220;no&#8220; text_align=&#8220;left&#8220; background_image_as_pattern=&#8220;without_pattern&#8220; padding_top=&#8220;75&#8243; padding_bottom=&#8220;75&#8243; anchor=&#8220;caracteristicas&#8220; content_menu_title=&#8220;Caracter\u00edsticas&#8220;][vc_column][vc_column_text]<\/p>\n<h3><strong>Vollst\u00e4ndige Integration und Sicherheit f\u00fcr Passagiere<\/strong><\/h3>\n<p>[\/vc_column_text][vc_separator type=&#8220;small&#8220; position=&#8220;left&#8220; width_in_percentages=&#8220;yes&#8220; thickness=&#8220;3&#8243; up=&#8220;20&#8243; down=&#8220;20&#8243; transparency=&#8220;1&#8243; width=&#8220;15&#8243;][vc_column_text]Flugh\u00e4fen mit hohem Passagieraufkommen und hohen Spitzenbelastungen m\u00fcssen schnell und effizient auf unterschiedliche Situationen reagieren k\u00f6nnen. Die <strong>Klangqualit\u00e4t <\/strong>ist in den Bereichen, in denen st\u00e4ndige Hektik und Eile herrscht, extrem wichtig. Dar\u00fcber hinaus erfordern <strong>die spezifischen baulichen Gegebenheiten von Flugh\u00e4fen eine spezielle Auswahl der zu installierenden Lautsprecher, <\/strong>Alarmanzeigen und Zubeh\u00f6r.[\/vc_column_text][vc_empty_space height=&#8220;16px&#8220;][vc_column_text]Es ist bewiesen<strong>, dass Menschen, <\/strong>besonders im Notfall, <strong>schneller<\/strong> reagieren, wenn sie eine menschliche Stimme h\u00f6ren, die ihnen sagt, was zu tun ist oder wie sie handeln sollen.[\/vc_column_text][vc_empty_space height=&#8220;16px&#8220;][vc_column_text]Die nach <strong>EN 54<\/strong> zertifizierten Sprachalarm- und Beschallungssysteme von LDA Audio Tech bieten eine intuitive Benutzerverwaltung und sind problemlos in bestehende Technologien von Drittanbietern an Flugh\u00e4fen integrierbar.[\/vc_column_text][vc_empty_space height=&#8220;16px&#8220;][vc_column_text]LDA Audio Tech bietet:<\/p>\n<ul>\n<li>Design <strong>von komplexen elektroakustischen L\u00f6sungen<\/strong><\/li>\n<li><strong>Integration<\/strong> in automatische Ansagesysteme des Flughafens<\/li>\n<li><strong>Parametrisierungen<\/strong> nach Projektanforderungen<\/li>\n<li>Multizone- und Multisource-Anwendungen (Flugsteige)<\/li>\n<li><strong>automatische Verst\u00e4rkungsregelung<\/strong>, mit der Sie den Lautst\u00e4rkepegel automatisch in Echtzeit anpassen k\u00f6nnen<\/li>\n<\/ul>\n<p>[\/vc_column_text][\/vc_column][\/vc_row][vc_row css_animation=&#8220;&#8220; row_type=&#8220;row&#8220; use_row_as_full_screen_section=&#8220;no&#8220; type=&#8220;full_width&#8220; angled_section=&#8220;no&#8220; text_align=&#8220;left&#8220; background_image_as_pattern=&#8220;without_pattern&#8220; background_color=&#8220;#f0163a&#8220;][vc_column]<div class=\"call_to_action normal\" style=\"\"><div class=\"container_inner\"><div class=\"two_columns_75_25 clearfix\"><div class=\"text_wrapper column1\"><div class=\"call_to_action_text \" style=\"\">Kontaktieren Sie uns und wir helfen Ihnen, die beste PA\/VA-L\u00f6sung f\u00fcr Ihr Flughafenprojekt zu entwerfen<\/div><\/div><div class=\"button_wrapper column2\"><a itemprop=\"url\" href=\"\/de\/kontakt\/\" class=\"qbutton white \" target=\"\" style=\"\" data-hover-background-color=#ffffff data-hover-color=#000000>Kontaktieren Sie uns<\/a><\/div><\/div><\/div><\/div>[\/vc_column][\/vc_row][vc_row css_animation=&#8220;&#8220; row_type=&#8220;row&#8220; use_row_as_full_screen_section=&#8220;no&#8220; type=&#8220;grid&#8220; angled_section=&#8220;no&#8220; text_align=&#8220;center&#8220; video=&#8220;show_video&#8220; background_image_as_pattern=&#8220;without_pattern&#8220; background_image=&#8220;15539&#8243; padding_top=&#8220;100&#8243; padding_bottom=&#8220;100&#8243;][vc_column]<div class='q_icon_with_title very_large circle center '><div class=\"icon_holder \" style=\"margin: 0 0 28px 0; \"><a href=\"\/en\/2017\/01\/26\/en-54-voice-alarm-system\/\" target=\"_blank\" class=\"q_icon_link\"><span data-icon-type=\"circle\" class=\"qode_iwt_icon_holder fa-stack fa-5x  \"><i class=\"qode_icon_font_awesome fa fa-play-circle qode_iwt_icon_element\"><\/i><\/span><\/a><\/div><div class=\"icon_text_holder\" style=\"\"><div class=\"icon_text_inner\" style=\"\"><h3 class=\"icon_title\" style=\"\"><\/h3><p style='color: #ffffff'><\/p><a itemprop='url' class='icon_with_title_link' href='\/en\/2017\/01\/26\/en-54-voice-alarm-system\/' target='_blank' style='color: #3f3f3f;'>Read More<\/a><\/div><\/div><\/div>[\/vc_column][\/vc_row][vc_row css_animation=&#8220;&#8220; row_type=&#8220;row&#8220; use_row_as_full_screen_section=&#8220;no&#8220; type=&#8220;full_width&#8220; angled_section=&#8220;no&#8220; text_align=&#8220;center&#8220; video=&#8220;show_video&#8220; background_image_as_pattern=&#8220;without_pattern&#8220; anchor=&#8220;video&#8220; background_image=&#8220;15539&#8243; padding_top=&#8220;100&#8243; padding_bottom=&#8220;100&#8243; el_class=&#8220;disable&#8220;][vc_column][vc_column_text]<\/p>\n<div class=\"q_icon_with_title very_large circle center\"><\/div>\n<p>[\/vc_column_text][\/vc_column][\/vc_row][vc_row css_animation=&#8220;&#8220; row_type=&#8220;row&#8220; use_row_as_full_screen_section=&#8220;no&#8220; type=&#8220;grid&#8220; in_content_menu=&#8220;in_content_menu&#8220; content_menu_icon=&#8220;fa-star-o&#8220; angled_section=&#8220;no&#8220; text_align=&#8220;left&#8220; background_image_as_pattern=&#8220;without_pattern&#8220; border_color=&#8220;#eaeaea&#8220; padding_top=&#8220;55&#8243; padding_bottom=&#8220;20&#8243; content_menu_title=&#8220;Casos de \u00e9xito&#8220; anchor=&#8220;clients&#8220;][vc_column][vc_gallery type=&#8220;image_grid&#8220; images=&#8220;22626,22625,22627&#8243; img_size=&#8220;full&#8220; onclick=&#8220;&#8220; column_number=&#8220;3&#8243; grayscale=&#8220;yes&#8220; images_space=&#8220;gallery_with_space&#8220;][\/vc_column][\/vc_row]<\/p>\n<\/div>","protected":false},"excerpt":{"rendered":"<p>Flugh\u00e4fen auf der ganzen Welt vertrauen auf LDA Audio Tech, wenn es um Beschallungs- und Evakuierungsanlagen geht, die nach der Norm EN 54 zertifiziert sind.<\/p>\n","protected":false},"author":46,"featured_media":22628,"parent":0,"menu_order":0,"comment_status":"closed","ping_status":"closed","template":"full_width.php","meta":{"_acf_changed":false,"footnotes":""},"class_list":["post-22622","page","type-page","status-publish","has-post-thumbnail","hentry"],"acf":[],"yoast_head":"<!-- This site is optimized with the Yoast SEO plugin v27.3 - https:\/\/yoast.com\/product\/yoast-seo-wordpress\/ -->\n<title>Sprachalarm- und Beschallungssysteme f\u00fcr Flugh\u00e4fen - LDA Audio Tech<\/title>\n<meta name=\"description\" content=\"LDA ist u. a. spezialisiert f\u00fcr Beschallungs- und Sprachalarmierungssysteme in Flugh\u00e4fen und erarbeitet kosteng\u00fcnstige L\u00f6sungen in diesem Bereich.\" \/>\n<meta name=\"robots\" content=\"index, follow, max-snippet:-1, max-image-preview:large, max-video-preview:-1\" \/>\n<link rel=\"canonical\" href=\"https:\/\/lda-audiotech.com\/de\/sprachalarmsystem-flughaefen\/\" \/>\n<meta property=\"og:locale\" content=\"de_DE\" \/>\n<meta property=\"og:type\" content=\"article\" \/>\n<meta property=\"og:title\" content=\"Sprachalarm- und Beschallungssysteme f\u00fcr Flugh\u00e4fen - LDA Audio Tech\" \/>\n<meta property=\"og:description\" content=\"LDA ist u. a. spezialisiert f\u00fcr Beschallungs- und Sprachalarmierungssysteme in Flugh\u00e4fen und erarbeitet kosteng\u00fcnstige L\u00f6sungen in diesem Bereich.\" \/>\n<meta property=\"og:url\" content=\"https:\/\/lda-audiotech.com\/de\/sprachalarmsystem-flughaefen\/\" \/>\n<meta property=\"og:site_name\" content=\"LDA Audio Tech\" \/>\n<meta property=\"article:publisher\" content=\"https:\/\/www.facebook.com\/LDAaudiotech\/\" \/>\n<meta property=\"article:modified_time\" content=\"2026-04-08T08:16:07+00:00\" \/>\n<meta property=\"og:image\" content=\"https:\/\/lda-audiotech.com\/wp-content\/uploads\/2017\/10\/aeropuertos.jpg\" \/>\n\t<meta property=\"og:image:width\" content=\"1200\" \/>\n\t<meta property=\"og:image:height\" content=\"800\" \/>\n\t<meta property=\"og:image:type\" content=\"image\/jpeg\" \/>\n<meta name=\"twitter:card\" content=\"summary_large_image\" \/>\n<meta name=\"twitter:site\" content=\"@LDAAudioTech\" \/>\n<meta name=\"twitter:label1\" content=\"Gesch\u00e4tzte Lesezeit\" \/>\n\t<meta name=\"twitter:data1\" content=\"3\u00a0Minuten\" \/>\n<script type=\"application\/ld+json\" class=\"yoast-schema-graph\">{\"@context\":\"https:\\\/\\\/schema.org\",\"@graph\":[{\"@type\":\"WebPage\",\"@id\":\"https:\\\/\\\/lda-audiotech.com\\\/de\\\/sprachalarmsystem-flughaefen\\\/\",\"url\":\"https:\\\/\\\/lda-audiotech.com\\\/de\\\/sprachalarmsystem-flughaefen\\\/\",\"name\":\"Sprachalarm- und Beschallungssysteme f\u00fcr Flugh\u00e4fen - LDA Audio Tech\",\"isPartOf\":{\"@id\":\"https:\\\/\\\/lda-audiotech.com\\\/de\\\/#website\"},\"primaryImageOfPage\":{\"@id\":\"https:\\\/\\\/lda-audiotech.com\\\/de\\\/sprachalarmsystem-flughaefen\\\/#primaryimage\"},\"image\":{\"@id\":\"https:\\\/\\\/lda-audiotech.com\\\/de\\\/sprachalarmsystem-flughaefen\\\/#primaryimage\"},\"thumbnailUrl\":\"https:\\\/\\\/lda-audiotech.com\\\/wp-content\\\/uploads\\\/2017\\\/10\\\/aeropuertos.jpg\",\"datePublished\":\"2019-10-14T10:24:05+00:00\",\"dateModified\":\"2026-04-08T08:16:07+00:00\",\"description\":\"LDA ist u. a. spezialisiert f\u00fcr Beschallungs- und Sprachalarmierungssysteme in Flugh\u00e4fen und erarbeitet kosteng\u00fcnstige L\u00f6sungen in diesem Bereich.\",\"breadcrumb\":{\"@id\":\"https:\\\/\\\/lda-audiotech.com\\\/de\\\/sprachalarmsystem-flughaefen\\\/#breadcrumb\"},\"inLanguage\":\"de\",\"potentialAction\":[{\"@type\":\"ReadAction\",\"target\":[\"https:\\\/\\\/lda-audiotech.com\\\/de\\\/sprachalarmsystem-flughaefen\\\/\"]}]},{\"@type\":\"ImageObject\",\"inLanguage\":\"de\",\"@id\":\"https:\\\/\\\/lda-audiotech.com\\\/de\\\/sprachalarmsystem-flughaefen\\\/#primaryimage\",\"url\":\"https:\\\/\\\/lda-audiotech.com\\\/wp-content\\\/uploads\\\/2017\\\/10\\\/aeropuertos.jpg\",\"contentUrl\":\"https:\\\/\\\/lda-audiotech.com\\\/wp-content\\\/uploads\\\/2017\\\/10\\\/aeropuertos.jpg\",\"width\":1200,\"height\":800},{\"@type\":\"BreadcrumbList\",\"@id\":\"https:\\\/\\\/lda-audiotech.com\\\/de\\\/sprachalarmsystem-flughaefen\\\/#breadcrumb\",\"itemListElement\":[{\"@type\":\"ListItem\",\"position\":1,\"name\":\"Portada\",\"item\":\"https:\\\/\\\/lda-audiotech.com\\\/de\\\/\"},{\"@type\":\"ListItem\",\"position\":2,\"name\":\"Sprachalarm- und Beschallungssysteme f\u00fcr Flugh\u00e4fen\"}]},{\"@type\":\"WebSite\",\"@id\":\"https:\\\/\\\/lda-audiotech.com\\\/de\\\/#website\",\"url\":\"https:\\\/\\\/lda-audiotech.com\\\/de\\\/\",\"name\":\"LDA Audio Tech\",\"description\":\"Integrated Audio Solutions\",\"publisher\":{\"@id\":\"https:\\\/\\\/lda-audiotech.com\\\/de\\\/#organization\"},\"alternateName\":\"LDA\",\"potentialAction\":[{\"@type\":\"SearchAction\",\"target\":{\"@type\":\"EntryPoint\",\"urlTemplate\":\"https:\\\/\\\/lda-audiotech.com\\\/de\\\/?s={search_term_string}\"},\"query-input\":{\"@type\":\"PropertyValueSpecification\",\"valueRequired\":true,\"valueName\":\"search_term_string\"}}],\"inLanguage\":\"de\"},{\"@type\":\"Organization\",\"@id\":\"https:\\\/\\\/lda-audiotech.com\\\/de\\\/#organization\",\"name\":\"LDA Audio Tech\",\"alternateName\":\"LDA\",\"url\":\"https:\\\/\\\/lda-audiotech.com\\\/de\\\/\",\"logo\":{\"@type\":\"ImageObject\",\"inLanguage\":\"de\",\"@id\":\"https:\\\/\\\/lda-audiotech.com\\\/de\\\/#\\\/schema\\\/logo\\\/image\\\/\",\"url\":\"https:\\\/\\\/lda-audiotech.com\\\/wp-content\\\/uploads\\\/2017\\\/05\\\/logo-lda-color.png\",\"contentUrl\":\"https:\\\/\\\/lda-audiotech.com\\\/wp-content\\\/uploads\\\/2017\\\/05\\\/logo-lda-color.png\",\"width\":169,\"height\":90,\"caption\":\"LDA Audio Tech\"},\"image\":{\"@id\":\"https:\\\/\\\/lda-audiotech.com\\\/de\\\/#\\\/schema\\\/logo\\\/image\\\/\"},\"sameAs\":[\"https:\\\/\\\/www.facebook.com\\\/LDAaudiotech\\\/\",\"https:\\\/\\\/x.com\\\/LDAAudioTech\",\"https:\\\/\\\/www.linkedin.com\\\/company\\\/lda-audio-tech\",\"https:\\\/\\\/www.youtube.com\\\/user\\\/LDAaudiotech\"]}]}<\/script>\n<!-- \/ Yoast SEO plugin. -->","yoast_head_json":{"title":"Sprachalarm- und Beschallungssysteme f\u00fcr Flugh\u00e4fen - LDA Audio Tech","description":"LDA ist u. a. spezialisiert f\u00fcr Beschallungs- und Sprachalarmierungssysteme in Flugh\u00e4fen und erarbeitet kosteng\u00fcnstige L\u00f6sungen in diesem Bereich.","robots":{"index":"index","follow":"follow","max-snippet":"max-snippet:-1","max-image-preview":"max-image-preview:large","max-video-preview":"max-video-preview:-1"},"canonical":"https:\/\/lda-audiotech.com\/de\/sprachalarmsystem-flughaefen\/","og_locale":"de_DE","og_type":"article","og_title":"Sprachalarm- und Beschallungssysteme f\u00fcr Flugh\u00e4fen - LDA Audio Tech","og_description":"LDA ist u. a. spezialisiert f\u00fcr Beschallungs- und Sprachalarmierungssysteme in Flugh\u00e4fen und erarbeitet kosteng\u00fcnstige L\u00f6sungen in diesem Bereich.","og_url":"https:\/\/lda-audiotech.com\/de\/sprachalarmsystem-flughaefen\/","og_site_name":"LDA Audio Tech","article_publisher":"https:\/\/www.facebook.com\/LDAaudiotech\/","article_modified_time":"2026-04-08T08:16:07+00:00","og_image":[{"width":1200,"height":800,"url":"https:\/\/lda-audiotech.com\/wp-content\/uploads\/2017\/10\/aeropuertos.jpg","type":"image\/jpeg"}],"twitter_card":"summary_large_image","twitter_site":"@LDAAudioTech","twitter_misc":{"Gesch\u00e4tzte Lesezeit":"3\u00a0Minuten"},"schema":{"@context":"https:\/\/schema.org","@graph":[{"@type":"WebPage","@id":"https:\/\/lda-audiotech.com\/de\/sprachalarmsystem-flughaefen\/","url":"https:\/\/lda-audiotech.com\/de\/sprachalarmsystem-flughaefen\/","name":"Sprachalarm- und Beschallungssysteme f\u00fcr Flugh\u00e4fen - LDA Audio Tech","isPartOf":{"@id":"https:\/\/lda-audiotech.com\/de\/#website"},"primaryImageOfPage":{"@id":"https:\/\/lda-audiotech.com\/de\/sprachalarmsystem-flughaefen\/#primaryimage"},"image":{"@id":"https:\/\/lda-audiotech.com\/de\/sprachalarmsystem-flughaefen\/#primaryimage"},"thumbnailUrl":"https:\/\/lda-audiotech.com\/wp-content\/uploads\/2017\/10\/aeropuertos.jpg","datePublished":"2019-10-14T10:24:05+00:00","dateModified":"2026-04-08T08:16:07+00:00","description":"LDA ist u. a. spezialisiert f\u00fcr Beschallungs- und Sprachalarmierungssysteme in Flugh\u00e4fen und erarbeitet kosteng\u00fcnstige L\u00f6sungen in diesem Bereich.","breadcrumb":{"@id":"https:\/\/lda-audiotech.com\/de\/sprachalarmsystem-flughaefen\/#breadcrumb"},"inLanguage":"de","potentialAction":[{"@type":"ReadAction","target":["https:\/\/lda-audiotech.com\/de\/sprachalarmsystem-flughaefen\/"]}]},{"@type":"ImageObject","inLanguage":"de","@id":"https:\/\/lda-audiotech.com\/de\/sprachalarmsystem-flughaefen\/#primaryimage","url":"https:\/\/lda-audiotech.com\/wp-content\/uploads\/2017\/10\/aeropuertos.jpg","contentUrl":"https:\/\/lda-audiotech.com\/wp-content\/uploads\/2017\/10\/aeropuertos.jpg","width":1200,"height":800},{"@type":"BreadcrumbList","@id":"https:\/\/lda-audiotech.com\/de\/sprachalarmsystem-flughaefen\/#breadcrumb","itemListElement":[{"@type":"ListItem","position":1,"name":"Portada","item":"https:\/\/lda-audiotech.com\/de\/"},{"@type":"ListItem","position":2,"name":"Sprachalarm- und Beschallungssysteme f\u00fcr Flugh\u00e4fen"}]},{"@type":"WebSite","@id":"https:\/\/lda-audiotech.com\/de\/#website","url":"https:\/\/lda-audiotech.com\/de\/","name":"LDA Audio Tech","description":"Integrated Audio Solutions","publisher":{"@id":"https:\/\/lda-audiotech.com\/de\/#organization"},"alternateName":"LDA","potentialAction":[{"@type":"SearchAction","target":{"@type":"EntryPoint","urlTemplate":"https:\/\/lda-audiotech.com\/de\/?s={search_term_string}"},"query-input":{"@type":"PropertyValueSpecification","valueRequired":true,"valueName":"search_term_string"}}],"inLanguage":"de"},{"@type":"Organization","@id":"https:\/\/lda-audiotech.com\/de\/#organization","name":"LDA Audio Tech","alternateName":"LDA","url":"https:\/\/lda-audiotech.com\/de\/","logo":{"@type":"ImageObject","inLanguage":"de","@id":"https:\/\/lda-audiotech.com\/de\/#\/schema\/logo\/image\/","url":"https:\/\/lda-audiotech.com\/wp-content\/uploads\/2017\/05\/logo-lda-color.png","contentUrl":"https:\/\/lda-audiotech.com\/wp-content\/uploads\/2017\/05\/logo-lda-color.png","width":169,"height":90,"caption":"LDA Audio Tech"},"image":{"@id":"https:\/\/lda-audiotech.com\/de\/#\/schema\/logo\/image\/"},"sameAs":["https:\/\/www.facebook.com\/LDAaudiotech\/","https:\/\/x.com\/LDAAudioTech","https:\/\/www.linkedin.com\/company\/lda-audio-tech","https:\/\/www.youtube.com\/user\/LDAaudiotech"]}]}},"_links":{"self":[{"href":"https:\/\/lda-audiotech.com\/de\/wp-json\/wp\/v2\/pages\/22622","targetHints":{"allow":["GET"]}}],"collection":[{"href":"https:\/\/lda-audiotech.com\/de\/wp-json\/wp\/v2\/pages"}],"about":[{"href":"https:\/\/lda-audiotech.com\/de\/wp-json\/wp\/v2\/types\/page"}],"author":[{"embeddable":true,"href":"https:\/\/lda-audiotech.com\/de\/wp-json\/wp\/v2\/users\/46"}],"replies":[{"embeddable":true,"href":"https:\/\/lda-audiotech.com\/de\/wp-json\/wp\/v2\/comments?post=22622"}],"version-history":[{"count":3,"href":"https:\/\/lda-audiotech.com\/de\/wp-json\/wp\/v2\/pages\/22622\/revisions"}],"predecessor-version":[{"id":86004,"href":"https:\/\/lda-audiotech.com\/de\/wp-json\/wp\/v2\/pages\/22622\/revisions\/86004"}],"wp:featuredmedia":[{"embeddable":true,"href":"https:\/\/lda-audiotech.com\/de\/wp-json\/wp\/v2\/media\/22628"}],"wp:attachment":[{"href":"https:\/\/lda-audiotech.com\/de\/wp-json\/wp\/v2\/media?parent=22622"}],"curies":[{"name":"wp","href":"https:\/\/api.w.org\/{rel}","templated":true}]}}